{"id":18064,"date":"2025-09-16T15:04:04","date_gmt":"2025-09-16T13:04:04","guid":{"rendered":"https:\/\/boreait.com\/de\/?post_type=product&#038;p=18064"},"modified":"2026-02-09T13:04:46","modified_gmt":"2026-02-09T12:04:46","slug":"hp-intel-8260ngw-dual-band-wireless-ac-wifi-bluetooth-4-0-karte-806721-001-laptop-teile","status":"publish","type":"product","link":"https:\/\/boreait.com\/de\/produkt\/hp-intel-8260ngw-dual-band-wireless-ac-wifi-bluetooth-4-0-karte-806721-001-laptop-teile\/","title":{"rendered":"HP Intel 8260NGW Dual Band Wireless AC WiFi Bluetooth 4.0 Karte 806721-001 Laptop-Teile"},"content":{"rendered":"<p data-start=\"634\" data-end=\"926\">Diese <strong data-start=\"639\" data-end=\"715\">HP Intel Dual Band Wireless-AC Bluetooth 4.0-Karte (8260NGW \/ 806721-001)<\/strong> ist ein Originalersatzteil, das zur Wiederherstellung oder Verbesserung der Konnektivit\u00e4t Ihres Laptops entwickelt wurde. Zuverl\u00e4ssiges Highspeed-WLAN und Bluetooth sorgen f\u00fcr reibungsloses Surfen, Streamen und Koppeln von Ger\u00e4ten.<\/p>\n<p data-start=\"928\" data-end=\"947\"><strong data-start=\"928\" data-end=\"945\">Hauptmerkmale:<\/strong><\/p>\n<ul data-start=\"948\" data-end=\"1199\">\n<li data-start=\"948\" data-end=\"994\">\n<p data-start=\"950\" data-end=\"994\">Modell: Intel Dual Band Wireless-AC 8260NGW<\/p>\n<\/li>\n<li data-start=\"995\" data-end=\"1025\">\n<p data-start=\"997\" data-end=\"1025\">HP-Teilenummer: 806721-001<\/p>\n<\/li>\n<li data-start=\"1026\" data-end=\"1092\">\n<p data-start=\"1028\" data-end=\"1092\">Dualband-WLAN: 2,4 GHz und 5 GHz f\u00fcr schnellere, stabilere Verbindungen<\/p>\n<\/li>\n<li data-start=\"1093\" data-end=\"1146\">\n<p data-start=\"1095\" data-end=\"1146\">Bluetooth 4.0-Unterst\u00fctzung f\u00fcr nahtlose Ger\u00e4tekopplung<\/p>\n<\/li>\n<li data-start=\"1147\" data-end=\"1199\">\n<p data-start=\"1149\" data-end=\"1199\">Kompakter M.2-Formfaktor, entwickelt f\u00fcr HP Laptops<\/p>\n<\/li>\n<\/ul>\n<p data-start=\"1201\" data-end=\"1228\"><strong data-start=\"1201\" data-end=\"1226\">Warum dieses Teil?<\/strong><\/p>\n<ul data-start=\"1229\" data-end=\"1402\">\n<li data-start=\"1229\" data-end=\"1260\">\n<p data-start=\"1231\" data-end=\"1260\">100 % Original-HP-Laptop-Teil<\/p>\n<\/li>\n<li data-start=\"1261\" data-end=\"1309\">\n<p data-start=\"1263\" data-end=\"1309\">Echte Fotos des genauen Teils, das Sie erhalten<\/p>\n<\/li>\n<li data-start=\"1310\" data-end=\"1343\">\n<p data-start=\"1312\" data-end=\"1343\">Getestet und garantiert funktionsf\u00e4hig<\/p>\n<\/li>\n<li data-start=\"1344\" data-end=\"1402\">\n<p data-start=\"1346\" data-end=\"1402\">Idealer Ersatz f\u00fcr defekte oder fehlende WLAN-Karten<\/p>\n<\/li>\n<\/ul>\n<p data-start=\"1404\" data-end=\"1575\">Diese Karte ist mit einer Vielzahl von HP Laptops kompatibel und eignet sich perfekt zur Wiederherstellung der vollen WLAN-Funktionalit\u00e4t. Bitte pr\u00fcfen Sie vor dem Kauf die Kompatibilit\u00e4t Ihres Ger\u00e4ts.<\/p>\n<p data-start=\"1577\" data-end=\"1671\">Wenn Sie Hilfe bei der Auswahl der richtigen Laptop-Teile ben\u00f6tigen oder Fragen haben, schreiben Sie uns gerne eine Nachricht.<\/p>\n","protected":false},"excerpt":{"rendered":"<p>R\u00fcsten Sie Ihren HP Laptop mit der Intel Dual Band Wireless-AC 8260NGW-Karte (806721-001) auf. Genie\u00dfen Sie schnelle WLAN-Geschwindigkeiten, stabile Konnektivit\u00e4t und integriertes Bluetooth 4.0 f\u00fcr reibungslose Leistung.<\/p>\n","protected":false},"featured_media":18128,"template":"","meta":[],"product_brand":[],"product_cat":[63],"product_tag":[61],"class_list":{"0":"post-18064","1":"product","2":"type-product","3":"status-publish","4":"has-post-thumbnail","6":"product_cat-motherboards-board-parts","7":"product_tag-hp","9":"first","10":"instock","11":"taxable","12":"shipping-taxable","13":"purchasable","14":"product-type-simple"},"_links":{"self":[{"href":"https:\/\/boreait.com\/de\/wp-json\/wp\/v2\/product\/18064","targetHints":{"allow":["GET"]}}],"collection":[{"href":"https:\/\/boreait.com\/de\/wp-json\/wp\/v2\/product"}],"about":[{"href":"https:\/\/boreait.com\/de\/wp-json\/wp\/v2\/types\/product"}],"wp:featuredmedia":[{"embeddable":true,"href":"https:\/\/boreait.com\/de\/wp-json\/wp\/v2\/media\/18128"}],"wp:attachment":[{"href":"https:\/\/boreait.com\/de\/wp-json\/wp\/v2\/media?parent=18064"}],"wp:term":[{"taxonomy":"product_brand","embeddable":true,"href":"https:\/\/boreait.com\/de\/wp-json\/wp\/v2\/product_brand?post=18064"},{"taxonomy":"product_cat","embeddable":true,"href":"https:\/\/boreait.com\/de\/wp-json\/wp\/v2\/product_cat?post=18064"},{"taxonomy":"product_tag","embeddable":true,"href":"https:\/\/boreait.com\/de\/wp-json\/wp\/v2\/product_tag?post=18064"}],"curies":[{"name":"wp","href":"https:\/\/api.w.org\/{rel}","templated":true}]}}