{"id":18018,"date":"2025-09-16T15:01:43","date_gmt":"2025-09-16T13:01:43","guid":{"rendered":"https:\/\/boreait.com\/de\/?post_type=product&#038;p=18018"},"modified":"2026-02-09T13:03:32","modified_gmt":"2026-02-09T12:03:32","slug":"dell-8265ngw-wifi-bluetooth-4-2-karte-802-11ac-867mbps-laptop-teile-8f3y8","status":"publish","type":"product","link":"https:\/\/boreait.com\/de\/produkt\/dell-8265ngw-wifi-bluetooth-4-2-karte-802-11ac-867mbps-laptop-teile-8f3y8\/","title":{"rendered":"Dell 8265NGW WiFi Bluetooth 4.2 Karte 802.11ac 867Mbps Laptop Teile 8F3Y8"},"content":{"rendered":"<p data-start=\"590\" data-end=\"883\">Die <strong data-start=\"594\" data-end=\"662\">Dell 8265NGW WiFi + Bluetooth-Karte (Teilenummern 8F3Y8 \/ 08F3Y8)<\/strong> ist ein Originalersatz f\u00fcr Laptops, die eine schnelle und stabile WLAN-Leistung ben\u00f6tigen. Als Teil unserer hochwertigen <strong data-start=\"780\" data-end=\"796\">Laptop-Teile<\/strong>-Kollektion bei Siggmo bietet diese Karte hervorragende Kompatibilit\u00e4t und Effizienz.<\/p>\n<p data-start=\"885\" data-end=\"904\"><strong data-start=\"885\" data-end=\"902\">Hauptmerkmale:<\/strong><\/p>\n<ul data-start=\"905\" data-end=\"1220\">\n<li data-start=\"905\" data-end=\"928\">\n<p data-start=\"907\" data-end=\"928\">Modell: Dell 8265NGW<\/p>\n<\/li>\n<li data-start=\"929\" data-end=\"986\">\n<p data-start=\"931\" data-end=\"986\">WLAN-Standard: Dualband 802.11ac (2,4 GHz & 5 GHz)<\/p>\n<\/li>\n<li data-start=\"987\" data-end=\"1060\">\n<p data-start=\"989\" data-end=\"1060\">Geschwindigkeit: Bis zu 867 Mbit\/s f\u00fcr reibungsloses Surfen, Streamen und Online-Arbeiten<\/p>\n<\/li>\n<li data-start=\"1061\" data-end=\"1156\">\n<p data-start=\"1063\" data-end=\"1156\">Bluetooth: Version 4.2 f\u00fcr einfaches Pairing mit M\u00e4usen, Tastaturen, Kopfh\u00f6rern und anderen Ger\u00e4ten<\/p>\n<\/li>\n<li data-start=\"1157\" data-end=\"1194\">\n<p data-start=\"1159\" data-end=\"1194\">Dell-Teilenummern: 8F3Y8 \/ 08F3Y8<\/p>\n<\/li>\n<li data-start=\"1195\" data-end=\"1220\">\n<p data-start=\"1197\" data-end=\"1220\">Formfaktor: M.2 2230<\/p>\n<\/li>\n<\/ul>\n<p data-start=\"1222\" data-end=\"1249\"><strong data-start=\"1222\" data-end=\"1247\">Warum diese Karte?<\/strong><\/p>\n<ul data-start=\"1250\" data-end=\"1522\">\n<li data-start=\"1250\" data-end=\"1305\">\n<p data-start=\"1252\" data-end=\"1305\">Original-Ersatzteil von Dell \u2013 gepr\u00fcft und zuverl\u00e4ssig<\/p>\n<\/li>\n<li data-start=\"1306\" data-end=\"1384\">\n<p data-start=\"1308\" data-end=\"1384\">Ideal zum Wiederherstellen oder Aufr\u00fcsten der WLAN-Funktionalit\u00e4t kompatibler Laptops<\/p>\n<\/li>\n<li data-start=\"1385\" data-end=\"1459\">\n<p data-start=\"1387\" data-end=\"1459\">Unterst\u00fctzt moderne WLAN- und Bluetooth-Standards f\u00fcr eine nahtlose Verbindung<\/p>\n<\/li>\n<li data-start=\"1460\" data-end=\"1522\">\n<p data-start=\"1462\" data-end=\"1522\">Kompaktes M.2-Design f\u00fcr effiziente Passform und einfache Installation<\/p>\n<\/li>\n<\/ul>\n<p data-start=\"1524\" data-end=\"1542\"><strong data-start=\"1524\" data-end=\"1540\">Hinweis:<\/strong><\/p>\n<ul data-start=\"1543\" data-end=\"1724\">\n<li data-start=\"1543\" data-end=\"1644\">\n<p data-start=\"1545\" data-end=\"1644\">Eine Installationsanleitung ist nicht im Lieferumfang enthalten. Sollten Sie jedoch Hilfe ben\u00f6tigen, k\u00f6nnen Sie uns jederzeit kontaktieren.<\/p>\n<\/li>\n<li data-start=\"1645\" data-end=\"1724\">\n<p data-start=\"1647\" data-end=\"1724\">Alle Produktbilder sind <strong data-start=\"1670\" data-end=\"1685\">echte Fotos<\/strong> der genauen Teile, die Sie erhalten.<\/p>\n<\/li>\n<\/ul>\n<p data-start=\"1726\" data-end=\"1947\">Bei Siggmo sind wir spezialisiert auf hochwertige <strong data-start=\"1767\" data-end=\"1783\">Laptop-Teile<\/strong> f\u00fcr Kunden in ganz Europa und weltweit. Egal, ob Sie eine defekte Karte ersetzen oder Ihre WLAN-Leistung verbessern m\u00f6chten, der Dell 8265NGW ist eine zuverl\u00e4ssige L\u00f6sung.<\/p>\n","protected":false},"excerpt":{"rendered":"<p>Verbessern Sie die Konnektivit\u00e4t Ihres Laptops mit der Dell 8265NGW Wireless-Karte. Sie unterst\u00fctzt Dualband-WLAN 802.11ac mit Geschwindigkeiten von bis zu 867 Mbit\/s und Bluetooth 4.2 und bietet zuverl\u00e4ssige Leistung f\u00fcr reibungsloses Surfen, Streamen und Ger\u00e4tekoppeln.<\/p>\n","protected":false},"featured_media":18080,"template":"","meta":[],"product_brand":[],"product_cat":[63],"product_tag":[53],"class_list":{"0":"post-18018","1":"product","2":"type-product","3":"status-publish","4":"has-post-thumbnail","6":"product_cat-motherboards-board-parts","7":"product_tag-dell","9":"first","10":"instock","11":"taxable","12":"shipping-taxable","13":"purchasable","14":"product-type-simple"},"_links":{"self":[{"href":"https:\/\/boreait.com\/de\/wp-json\/wp\/v2\/product\/18018","targetHints":{"allow":["GET"]}}],"collection":[{"href":"https:\/\/boreait.com\/de\/wp-json\/wp\/v2\/product"}],"about":[{"href":"https:\/\/boreait.com\/de\/wp-json\/wp\/v2\/types\/product"}],"wp:featuredmedia":[{"embeddable":true,"href":"https:\/\/boreait.com\/de\/wp-json\/wp\/v2\/media\/18080"}],"wp:attachment":[{"href":"https:\/\/boreait.com\/de\/wp-json\/wp\/v2\/media?parent=18018"}],"wp:term":[{"taxonomy":"product_brand","embeddable":true,"href":"https:\/\/boreait.com\/de\/wp-json\/wp\/v2\/product_brand?post=18018"},{"taxonomy":"product_cat","embeddable":true,"href":"https:\/\/boreait.com\/de\/wp-json\/wp\/v2\/product_cat?post=18018"},{"taxonomy":"product_tag","embeddable":true,"href":"https:\/\/boreait.com\/de\/wp-json\/wp\/v2\/product_tag?post=18018"}],"curies":[{"name":"wp","href":"https:\/\/api.w.org\/{rel}","templated":true}]}}