{"id":17982,"date":"2025-09-16T14:59:40","date_gmt":"2025-09-16T12:59:40","guid":{"rendered":"https:\/\/boreait.com\/de\/?post_type=product&#038;p=17982"},"modified":"2025-09-16T15:03:14","modified_gmt":"2025-09-16T13:03:14","slug":"lenovo-thinkpad-t510-t510i-w510-usb-rj45-ethernet-lan-e-a-karte-63y2125-laptop-teile","status":"publish","type":"product","link":"https:\/\/boreait.com\/de\/produkt\/lenovo-thinkpad-t510-t510i-w510-usb-rj45-ethernet-lan-e-a-karte-63y2125-laptop-teile\/","title":{"rendered":"Lenovo ThinkPad T510 T510i W510 USB RJ45 Ethernet LAN E\/A-Karte 63Y2125 Laptop-Teile"},"content":{"rendered":"<p data-start=\"594\" data-end=\"954\">Aktualisieren oder ersetzen Sie defekte Komponenten Ihres Lenovo ThinkPads mit dieser originalen <strong data-start=\"673\" data-end=\"748\">USB + RJ45 Ethernet LAN I\/O Controller-Buchsenplatine (Teilenummer 63Y2125)<\/strong>.<br data-start=\"749\" data-end=\"752\" \/>Diese Platine ist kompatibel mit <strong data-start=\"784\" data-end=\"826\">ThinkPad T510-, T510i- und W510-Laptops<\/strong> und stellt wichtige Konnektivit\u00e4tsfunktionen wieder her. Sie erm\u00f6glicht Ihnen den Zugriff auf USB-Anschl\u00fcsse und eine stabile kabelgebundene Internetverbindung.<\/p>\n<p data-start=\"956\" data-end=\"981\">\ud83d\udd39 <strong data-start=\"959\" data-end=\"979\">Produktdetails:<\/strong><\/p>\n<ul data-start=\"982\" data-end=\"1254\">\n<li data-start=\"982\" data-end=\"1028\">\n<p data-start=\"984\" data-end=\"1028\">Modell: Lenovo ThinkPad T510 \/ T510i \/ W510<\/p>\n<\/li>\n<li data-start=\"1029\" data-end=\"1057\">\n<p data-start=\"1031\" data-end=\"1057\">Teilenummer: <strong data-start=\"1044\" data-end=\"1055\">63Y2125<\/strong><\/p>\n<\/li>\n<li data-start=\"1058\" data-end=\"1130\">\n<p data-start=\"1060\" data-end=\"1130\">Funktion: USB + RJ45-Netzwerkkarte, Ethernet-LAN-E\/A-Controller Platine<\/p>\n<\/li>\n<li data-start=\"1131\" data-end=\"1173\">\n<p data-start=\"1133\" data-end=\"1173\">Zustand: Gepr\u00fcft und voll funktionsf\u00e4hig<\/p>\n<\/li>\n<li data-start=\"1174\" data-end=\"1254\">\n<p data-start=\"1176\" data-end=\"1254\">Original-Laptop-Ersatzteil \u2013 zuverl\u00e4ssiger Ersatz f\u00fcr besch\u00e4digte oder nicht funktionierende Platinen<\/p>\n<\/li>\n<\/ul>\n<p data-start=\"1256\" data-end=\"1370\">\ud83d\udcf8 <strong data-start=\"1259\" data-end=\"1309\">Die Fotos zeigen das tats\u00e4chliche Teil, das Sie erhalten<\/strong> \u2013 keine Archivbilder, damit Sie genau wissen, was Sie kaufen.<\/p>\n<p data-start=\"1372\" data-end=\"1387\">\ud83d\udca1 <strong data-start=\"1375\" data-end=\"1385\">Hinweise:<\/strong><\/p>\n<ul data-start=\"1388\" data-end=\"1613\">\n<li data-start=\"1388\" data-end=\"1546\">\n<p data-start=\"1390\" data-end=\"1546\">Dieser Artikel bezieht sich nur auf die Hardware. Eine Installationsanleitung ist nicht enthalten. Wenn Sie Hilfe ben\u00f6tigen oder Fragen haben, schreiben Sie uns gerne eine Nachricht.<\/p>\n<\/li>\n<li data-start=\"1547\" data-end=\"1613\">\n<p data-start=\"1549\" data-end=\"1613\">Ideal f\u00fcr Reparaturen, Upgrades oder professionelle Laptop-Wartung.<\/p>\n<\/li>\n<\/ul>\n<p data-start=\"1615\" data-end=\"1746\">Dieser hochwertige Ersatz stellt sicher, dass Ihr ThinkPad weiterhin die zuverl\u00e4ssige Leistung liefert, f\u00fcr die Lenovo-Laptops bekannt sind.<\/p>\n","protected":false},"excerpt":{"rendered":"<p>Zuverl\u00e4ssige <strong data-start=\"353\" data-end=\"369\">Laptop-Teile<\/strong> f\u00fcr Ihr Lenovo ThinkPad! Diese originale USB + RJ45 LAN I\/O-Controllerkarte (63Y2125) passt zu den Modellen T510, T510i und W510 und gew\u00e4hrleistet reibungslose Konnektivit\u00e4t und stabile Leistung.<\/p>\n","protected":false},"featured_media":18048,"template":"","meta":[],"product_brand":[],"product_cat":[63],"product_tag":[62],"class_list":{"0":"post-17982","1":"product","2":"type-product","3":"status-publish","4":"has-post-thumbnail","6":"product_cat-motherboards-board-parts","7":"product_tag-lenovo","9":"first","10":"instock","11":"taxable","12":"shipping-taxable","13":"purchasable","14":"product-type-simple"},"_links":{"self":[{"href":"https:\/\/boreait.com\/de\/wp-json\/wp\/v2\/product\/17982","targetHints":{"allow":["GET"]}}],"collection":[{"href":"https:\/\/boreait.com\/de\/wp-json\/wp\/v2\/product"}],"about":[{"href":"https:\/\/boreait.com\/de\/wp-json\/wp\/v2\/types\/product"}],"wp:featuredmedia":[{"embeddable":true,"href":"https:\/\/boreait.com\/de\/wp-json\/wp\/v2\/media\/18048"}],"wp:attachment":[{"href":"https:\/\/boreait.com\/de\/wp-json\/wp\/v2\/media?parent=17982"}],"wp:term":[{"taxonomy":"product_brand","embeddable":true,"href":"https:\/\/boreait.com\/de\/wp-json\/wp\/v2\/product_brand?post=17982"},{"taxonomy":"product_cat","embeddable":true,"href":"https:\/\/boreait.com\/de\/wp-json\/wp\/v2\/product_cat?post=17982"},{"taxonomy":"product_tag","embeddable":true,"href":"https:\/\/boreait.com\/de\/wp-json\/wp\/v2\/product_tag?post=17982"}],"curies":[{"name":"wp","href":"https:\/\/api.w.org\/{rel}","templated":true}]}}