{"id":17980,"date":"2025-09-16T14:59:39","date_gmt":"2025-09-16T12:59:39","guid":{"rendered":"https:\/\/boreait.com\/de\/?post_type=product&#038;p=17980"},"modified":"2025-09-16T15:02:54","modified_gmt":"2025-09-16T13:02:54","slug":"60y3212-original-lenovo-bluetooth-karte-fuer-thinkpad-t410s-original-laptopteil","status":"publish","type":"product","link":"https:\/\/boreait.com\/de\/produkt\/60y3212-original-lenovo-bluetooth-karte-fuer-thinkpad-t410s-original-laptopteil\/","title":{"rendered":"60Y3212 Original Lenovo Bluetooth-Karte f\u00fcr ThinkPad T410s \u2013 Original-Laptopteil"},"content":{"rendered":"<p data-start=\"505\" data-end=\"771\">Aktualisieren oder ersetzen Sie die Bluetooth-Konnektivit\u00e4t Ihres Lenovo ThinkPad T410s mit dieser <strong data-start=\"584\" data-end=\"639\">Original-Bluetooth-Karte von Lenovo, Teilenummer 60Y3212<\/strong>. Dies ist ein <strong data-start=\"652\" data-end=\"683\">Original-Lenovo-Laptopteil<\/strong>, kein Ersatzteil eines Drittanbieters. Dadurch sind volle Kompatibilit\u00e4t und zuverl\u00e4ssige Leistung gew\u00e4hrleistet.<\/p>\n<p data-start=\"773\" data-end=\"959\">\u2714 <strong data-start=\"775\" data-end=\"796\">FRU \/ Teilenummer<\/strong>: 60Y3212<br data-start=\"805\" data-end=\"808\" \/>\u2714 <strong data-start=\"810\" data-end=\"827\">Kompatibilit\u00e4t<\/strong>: Lenovo ThinkPad T410s-Serie<br data-start=\"857\" data-end=\"860\" \/>\u2714 <strong data-start=\"862\" data-end=\"875\">Zustand<\/strong>: Original, getestet und voll funktionsf\u00e4hig<br data-start=\"911\" data-end=\"914\" \/>\u2714 <strong data-start=\"916\" data-end=\"924\">Typ<\/strong>: Internes Bluetooth-Modul<\/p>\n<p data-start=\"961\" data-end=\"1204\">Dieses Laptop-Teil ist ideal, wenn Ihre aktuelle Bluetooth-Karte defekt ist, fehlt oder ausgetauscht werden muss. Als Originalkomponente von Lenovo garantiert es stabile Leistung, perfekte Passform und dauerhafte Zuverl\u00e4ssigkeit im Vergleich zu herk\u00f6mmlichen Alternativen.<\/p>\n<p data-start=\"1206\" data-end=\"1424\">\ud83d\udcf7 <strong data-start=\"1209\" data-end=\"1285\">Die Fotos in dieser Auflistung zeigen das Teil, das Sie erhalten.<\/strong><br data-start=\"1285\" data-end=\"1288\" \/>Wir stellen keine Installationsanleitung zur Verf\u00fcgung. Sollten Sie jedoch weitere Informationen zu diesem Laptop-Teil ben\u00f6tigen, k\u00f6nnen Sie uns jederzeit eine Nachricht senden.<\/p>\n","protected":false},"excerpt":{"rendered":"<p>Original Lenovo Bluetooth-Karte (FRU 60Y3212) f\u00fcr ThinkPad T410s. 100 % Original-Laptopteil, getestet und voll funktionsf\u00e4hig.<\/p>\n","protected":false},"featured_media":18041,"template":"","meta":[],"product_brand":[],"product_cat":[63],"product_tag":[62],"class_list":{"0":"post-17980","1":"product","2":"type-product","3":"status-publish","4":"has-post-thumbnail","6":"product_cat-motherboards-board-parts","7":"product_tag-lenovo","9":"first","10":"instock","11":"taxable","12":"shipping-taxable","13":"purchasable","14":"product-type-simple"},"_links":{"self":[{"href":"https:\/\/boreait.com\/de\/wp-json\/wp\/v2\/product\/17980","targetHints":{"allow":["GET"]}}],"collection":[{"href":"https:\/\/boreait.com\/de\/wp-json\/wp\/v2\/product"}],"about":[{"href":"https:\/\/boreait.com\/de\/wp-json\/wp\/v2\/types\/product"}],"wp:featuredmedia":[{"embeddable":true,"href":"https:\/\/boreait.com\/de\/wp-json\/wp\/v2\/media\/18041"}],"wp:attachment":[{"href":"https:\/\/boreait.com\/de\/wp-json\/wp\/v2\/media?parent=17980"}],"wp:term":[{"taxonomy":"product_brand","embeddable":true,"href":"https:\/\/boreait.com\/de\/wp-json\/wp\/v2\/product_brand?post=17980"},{"taxonomy":"product_cat","embeddable":true,"href":"https:\/\/boreait.com\/de\/wp-json\/wp\/v2\/product_cat?post=17980"},{"taxonomy":"product_tag","embeddable":true,"href":"https:\/\/boreait.com\/de\/wp-json\/wp\/v2\/product_tag?post=17980"}],"curies":[{"name":"wp","href":"https:\/\/api.w.org\/{rel}","templated":true}]}}