{"id":17979,"date":"2025-09-16T14:59:39","date_gmt":"2025-09-16T12:59:39","guid":{"rendered":"https:\/\/boreait.com\/de\/?post_type=product&#038;p=17979"},"modified":"2025-09-16T15:02:49","modified_gmt":"2025-09-16T13:02:49","slug":"lenovo-thinkpad-w510-t510-led-platine-48-4cu10-021-75y4022-63y2123","status":"publish","type":"product","link":"https:\/\/boreait.com\/de\/produkt\/lenovo-thinkpad-w510-t510-led-platine-48-4cu10-021-75y4022-63y2123\/","title":{"rendered":"Lenovo ThinkPad W510 T510 LED-Platine 48.4CU10.021 75Y4022 63Y2123"},"content":{"rendered":"<p data-start=\"598\" data-end=\"941\">Diese <strong data-start=\"627\" data-end=\"668\">Lenovo ThinkPad W510 \/ T510 LED-Platine<\/strong> (Teilenummern <strong data-start=\"683\" data-end=\"717\">48.4CU10.021, 75Y4022, 63Y2123<\/strong>) ist ein Originalersatzteil, das dazu dient, die volle Funktionalit\u00e4t des LED-Systems Ihres Laptops wiederherzustellen. Egal, ob Ihre aktuelle Platine defekt, besch\u00e4digt oder fehlt, dieser Ersatz gew\u00e4hrleistet stabile Leistung und Zuverl\u00e4ssigkeit.<\/p>\n<p data-start=\"943\" data-end=\"963\"><strong data-start=\"943\" data-end=\"961\">Kompatibilit\u00e4t:<\/strong><\/p>\n<ul data-start=\"964\" data-end=\"1106\">\n<li data-start=\"964\" data-end=\"1008\">\n<p data-start=\"966\" data-end=\"1008\">Kompatibel mit <strong data-start=\"982\" data-end=\"1006\">Lenovo ThinkPad W510<\/strong><\/p>\n<\/li>\n<li data-start=\"1009\" data-end=\"1053\">\n<p data-start=\"1011\" data-end=\"1053\">Kompatibel mit <strong data-start=\"1027\" data-end=\"1051\">Lenovo ThinkPad T510<\/strong><\/p>\n<\/li>\n<li data-start=\"1054\" data-end=\"1106\">\n<p data-start=\"1056\" data-end=\"1106\">Artikelnummern: <strong data-start=\"1070\" data-end=\"1104\">48.4CU10.021, 75Y4022, 63Y2123<\/strong><\/p>\n<\/li>\n<\/ul>\n<p data-start=\"1108\" data-end=\"1130\"><strong data-start=\"1108\" data-end=\"1128\">Warum bei uns kaufen?<\/strong><\/p>\n<ul data-start=\"1131\" data-end=\"1375\">\n<li data-start=\"1131\" data-end=\"1185\">\n<p data-start=\"1133\" data-end=\"1185\">100 % originale <strong data-start=\"1146\" data-end=\"1162\">Laptop-Teile<\/strong>, getestet und verifiziert<\/p>\n<\/li>\n<li data-start=\"1186\" data-end=\"1241\">\n<p data-start=\"1188\" data-end=\"1241\">Echte Fotos des tats\u00e4chlichen Produkts \u2013 keine Archivbilder<\/p>\n<\/li>\n<li data-start=\"1242\" data-end=\"1284\">\n<p data-start=\"1244\" data-end=\"1284\">Sorgf\u00e4ltig verpackt und weltweit versendet<\/p>\n<\/li>\n<li data-start=\"1285\" data-end=\"1375\">\n<p data-start=\"1287\" data-end=\"1375\">Kompetenter Support \u2013 Wenn Sie weitere Hilfe bei der Identifizierung oder Installation ben\u00f6tigen, schreiben Sie uns einfach.<\/p>\n<\/li>\n<\/ul>\n<p data-start=\"1377\" data-end=\"1393\"><strong data-start=\"1377\" data-end=\"1391\">Zustand:<\/strong><\/p>\n<ul data-start=\"1394\" data-end=\"1466\">\n<li data-start=\"1394\" data-end=\"1426\">\n<p data-start=\"1396\" data-end=\"1426\">Von einem funktionierenden Laptop heruntergeladen.<\/p>\n<\/li>\n<li data-start=\"1427\" data-end=\"1466\">\n<p data-start=\"1429\" data-end=\"1466\">Vollst\u00e4ndig getestet und garantiert Arbeit<\/p>\n<\/li>\n<\/ul>\n<p data-start=\"1468\" data-end=\"1588\"><strong data-start=\"1468\" data-end=\"1477\">Hinweis:<\/strong> Eine Installationsanleitung ist nicht enthalten. Wenn Sie Hilfe ben\u00f6tigen, kontaktieren Sie uns gerne.<\/p>\n","protected":false},"excerpt":{"rendered":"<p>Ersatz-LED-Platine f\u00fcr Lenovo ThinkPad W510 und T510. Originalteil mit den Codes 48.4CU10.021, 75Y4022 und 63Y2123. Ideal f\u00fcr die Reparatur oder Aufr\u00fcstung Ihres Laptops.<\/p>\n","protected":false},"featured_media":18040,"template":"","meta":[],"product_brand":[],"product_cat":[63],"product_tag":[62],"class_list":{"0":"post-17979","1":"product","2":"type-product","3":"status-publish","4":"has-post-thumbnail","6":"product_cat-motherboards-board-parts","7":"product_tag-lenovo","9":"first","10":"instock","11":"taxable","12":"shipping-taxable","13":"purchasable","14":"product-type-simple"},"_links":{"self":[{"href":"https:\/\/boreait.com\/de\/wp-json\/wp\/v2\/product\/17979","targetHints":{"allow":["GET"]}}],"collection":[{"href":"https:\/\/boreait.com\/de\/wp-json\/wp\/v2\/product"}],"about":[{"href":"https:\/\/boreait.com\/de\/wp-json\/wp\/v2\/types\/product"}],"wp:featuredmedia":[{"embeddable":true,"href":"https:\/\/boreait.com\/de\/wp-json\/wp\/v2\/media\/18040"}],"wp:attachment":[{"href":"https:\/\/boreait.com\/de\/wp-json\/wp\/v2\/media?parent=17979"}],"wp:term":[{"taxonomy":"product_brand","embeddable":true,"href":"https:\/\/boreait.com\/de\/wp-json\/wp\/v2\/product_brand?post=17979"},{"taxonomy":"product_cat","embeddable":true,"href":"https:\/\/boreait.com\/de\/wp-json\/wp\/v2\/product_cat?post=17979"},{"taxonomy":"product_tag","embeddable":true,"href":"https:\/\/boreait.com\/de\/wp-json\/wp\/v2\/product_tag?post=17979"}],"curies":[{"name":"wp","href":"https:\/\/api.w.org\/{rel}","templated":true}]}}