{"id":17976,"date":"2025-09-16T14:59:39","date_gmt":"2025-09-16T12:59:39","guid":{"rendered":"https:\/\/boreait.com\/de\/?post_type=product&#038;p=17976"},"modified":"2025-09-16T15:02:26","modified_gmt":"2025-09-16T13:02:26","slug":"lenovo-thinkpad-t510-unteres-untergehaeuse-60-4cu10-003-laptop-teile-original","status":"publish","type":"product","link":"https:\/\/boreait.com\/de\/produkt\/lenovo-thinkpad-t510-unteres-untergehaeuse-60-4cu10-003-laptop-teile-original\/","title":{"rendered":"Lenovo ThinkPad T510 Unteres Untergeh\u00e4use 60.4CU10.003 Laptop-Teile Original"},"content":{"rendered":"<p data-start=\"561\" data-end=\"861\">Dies ist ein <strong data-start=\"571\" data-end=\"648\">Original Lenovo ThinkPad T510 Untergeh\u00e4use (Teilenummer 60.4CU10.003)<\/strong>, ein Originalersatz, der die Struktur und den Schutz Ihres Laptops wiederherstellen soll. Wenn Ihr vorhandenes Geh\u00e4use Risse, Abnutzungserscheinungen oder Besch\u00e4digungen aufweist, bietet dieses Ersatz-Unterteil eine zuverl\u00e4ssige und pr\u00e4zise Passform.<\/p>\n<p data-start=\"863\" data-end=\"1039\">Als Teil unserer <strong data-start=\"878\" data-end=\"894\">Laptop-Teile<\/strong>-Kollektion wurde dieses Unterteil speziell f\u00fcr die <strong data-start=\"952\" data-end=\"983\">Lenovo ThinkPad T510-Serie<\/strong> entwickelt und gew\u00e4hrleistet Kompatibilit\u00e4t und dauerhafte Leistung.<\/p>\n<p data-start=\"1041\" data-end=\"1060\"><strong data-start=\"1041\" data-end=\"1058\">Hauptmerkmale:<\/strong><\/p>\n<ul data-start=\"1061\" data-end=\"1300\">\n<li data-start=\"1061\" data-end=\"1103\">\n<p data-start=\"1063\" data-end=\"1103\">Kompatibles Modell: Lenovo ThinkPad T510<\/p>\n<\/li>\n<li data-start=\"1104\" data-end=\"1133\">\n<p data-start=\"1106\" data-end=\"1133\">Teilenummer: 60.4CU10.003<\/p>\n<\/li>\n<li data-start=\"1134\" data-end=\"1180\">\n<p data-start=\"1136\" data-end=\"1180\">Original OEM-Qualit\u00e4t \u2013 langlebig und zuverl\u00e4ssig<\/p>\n<\/li>\n<li data-start=\"1181\" data-end=\"1245\">\n<p data-start=\"1183\" data-end=\"1245\">Perfekter Ersatz, falls Ihr Laptop-Unterteil besch\u00e4digt ist<\/p>\n<\/li>\n<li data-start=\"1246\" data-end=\"1300\">\n<p data-start=\"1248\" data-end=\"1300\">Bietet starken Schutz f\u00fcr interne Komponenten<\/p>\n<\/li>\n<\/ul>\n<p data-start=\"1302\" data-end=\"1320\"><strong data-start=\"1302\" data-end=\"1318\">Bitte beachten:<\/strong><\/p>\n<ul data-start=\"1321\" data-end=\"1593\">\n<li data-start=\"1321\" data-end=\"1427\">\n<p data-start=\"1323\" data-end=\"1427\">Dieses Angebot gilt nur f\u00fcr das <strong data-start=\"1347\" data-end=\"1373\">untere Geh\u00e4useteil<\/strong> \u2013 keine zus\u00e4tzlichen Teile oder Anleitungen enthalten.<\/p>\n<\/li>\n<li data-start=\"1428\" data-end=\"1506\">\n<p data-start=\"1430\" data-end=\"1506\">Wenn Sie Hilfe bei der Kompatibilit\u00e4tspr\u00fcfung ben\u00f6tigen, kontaktieren Sie uns gerne.<\/p>\n<\/li>\n<li data-start=\"1507\" data-end=\"1593\">\n<p data-start=\"1509\" data-end=\"1593\">Die Fotos in dieser Auflistung sind <strong data-start=\"1540\" data-end=\"1555\">echte Bilder<\/strong> des genauen Teils, das Sie erhalten.<\/p>\n<\/li>\n<\/ul>\n<p data-start=\"1595\" data-end=\"1741\">Dieses Lenovo ThinkPad T510-Geh\u00e4useunterteil ist eine ausgezeichnete Wahl, wenn Sie die Lebensdauer Ihres Ger\u00e4ts mit <strong data-start=\"1712\" data-end=\"1738\">authentischen Laptop-Teilen<\/strong> verl\u00e4ngern m\u00f6chten.<\/p>\n","protected":false},"excerpt":{"rendered":"<p>Original Lenovo ThinkPad T510 Untergeh\u00e4use (Teilenummer 60.4CU10.003). Ein Original-Laptop-Ersatzteil, das auf Langlebigkeit und perfekte Passform ausgelegt ist.<\/p>\n","protected":false},"featured_media":18031,"template":"","meta":[],"product_brand":[],"product_cat":[52],"product_tag":[62],"class_list":{"0":"post-17976","1":"product","2":"type-product","3":"status-publish","4":"has-post-thumbnail","6":"product_cat-laptop-housing","7":"product_tag-lenovo","9":"first","10":"instock","11":"taxable","12":"shipping-taxable","13":"purchasable","14":"product-type-simple"},"_links":{"self":[{"href":"https:\/\/boreait.com\/de\/wp-json\/wp\/v2\/product\/17976","targetHints":{"allow":["GET"]}}],"collection":[{"href":"https:\/\/boreait.com\/de\/wp-json\/wp\/v2\/product"}],"about":[{"href":"https:\/\/boreait.com\/de\/wp-json\/wp\/v2\/types\/product"}],"wp:featuredmedia":[{"embeddable":true,"href":"https:\/\/boreait.com\/de\/wp-json\/wp\/v2\/media\/18031"}],"wp:attachment":[{"href":"https:\/\/boreait.com\/de\/wp-json\/wp\/v2\/media?parent=17976"}],"wp:term":[{"taxonomy":"product_brand","embeddable":true,"href":"https:\/\/boreait.com\/de\/wp-json\/wp\/v2\/product_brand?post=17976"},{"taxonomy":"product_cat","embeddable":true,"href":"https:\/\/boreait.com\/de\/wp-json\/wp\/v2\/product_cat?post=17976"},{"taxonomy":"product_tag","embeddable":true,"href":"https:\/\/boreait.com\/de\/wp-json\/wp\/v2\/product_tag?post=17976"}],"curies":[{"name":"wp","href":"https:\/\/api.w.org\/{rel}","templated":true}]}}