{"id":17963,"date":"2025-09-16T14:59:15","date_gmt":"2025-09-16T12:59:15","guid":{"rendered":"https:\/\/boreait.com\/de\/?post_type=product&#038;p=17963"},"modified":"2026-02-09T12:00:39","modified_gmt":"2026-02-09T11:00:39","slug":"lenovo-thinkpad-w530-speicher-ram-abdeckung-tuer-60y5501-original-laptop-teil-verwendet","status":"publish","type":"product","link":"https:\/\/boreait.com\/de\/produkt\/lenovo-thinkpad-w530-speicher-ram-abdeckung-tuer-60y5501-original-laptop-teil-verwendet\/","title":{"rendered":"Lenovo ThinkPad W530 Speicher RAM Abdeckung T\u00fcr 60Y5501 Original Laptop Teil Verwendet"},"content":{"rendered":"<p data-start=\"551\" data-end=\"776\">Dies ist eine <strong data-start=\"561\" data-end=\"638\">Original-RAM-Abdeckung f\u00fcr Lenovo ThinkPad W530 (Teilenummer: 60Y5501)<\/strong>, die sorgf\u00e4ltig aus einem Originalger\u00e4t ausgebaut wurde. Es handelt sich um ein <strong data-start=\"692\" data-end=\"712\">gebrauchtes Laptop-Teil<\/strong>, das vollst\u00e4ndig getestet und in einwandfreiem Zustand ist.<\/p>\n<p data-start=\"778\" data-end=\"1025\">Wenn Ihre aktuelle RAM-Abdeckung gerissen, verloren gegangen oder besch\u00e4digt ist, ist diese Ersatzabdeckung die perfekte L\u00f6sung, um den Schutz und die Stabilit\u00e4t Ihres ThinkPad W530 wiederherzustellen. Die Abdeckung sch\u00fctzt die Speichermodule sicher und sorgt f\u00fcr Langlebigkeit und sicheren Sitz.<\/p>\n<p data-start=\"1027\" data-end=\"1051\">\u2705 <strong data-start=\"1029\" data-end=\"1049\">Produktdetails:<\/strong><\/p>\n<ul data-start=\"1052\" data-end=\"1262\">\n<li data-start=\"1052\" data-end=\"1069\">\n<p data-start=\"1054\" data-end=\"1069\">Marke: Lenovo<\/p>\n<\/li>\n<li data-start=\"1070\" data-end=\"1108\">\n<p data-start=\"1072\" data-end=\"1108\">Modellkompatibilit\u00e4t: ThinkPad W530<\/p>\n<\/li>\n<li data-start=\"1109\" data-end=\"1133\">\n<p data-start=\"1111\" data-end=\"1133\">Teilenummer: 60Y5501<\/p>\n<\/li>\n<li data-start=\"1134\" data-end=\"1167\">\n<p data-start=\"1136\" data-end=\"1167\">Typ: Speicher-\/RAM-Abdeckung<\/p>\n<\/li>\n<li data-start=\"1168\" data-end=\"1211\">\n<p data-start=\"1170\" data-end=\"1211\">Zustand: Gebraucht, gepr\u00fcft und funktionsf\u00e4hig<\/p>\n<\/li>\n<li data-start=\"1212\" data-end=\"1262\">\n<p data-start=\"1214\" data-end=\"1262\">Farbe: Schwarz (Standard Lenovo ThinkPad Finish)<\/p>\n<\/li>\n<\/ul>\n<p data-start=\"1264\" data-end=\"1294\">\ud83d\udd39 <strong data-start=\"1267\" data-end=\"1292\">Warum dieses Teil w\u00e4hlen?<\/strong><\/p>\n<ul data-start=\"1295\" data-end=\"1532\">\n<li data-start=\"1295\" data-end=\"1343\">\n<p data-start=\"1297\" data-end=\"1343\">100 % Original-Lenovo-Teil \u2013 kein Aftermarket-Teil.<\/p>\n<\/li>\n<li data-start=\"1344\" data-end=\"1411\">\n<p data-start=\"1346\" data-end=\"1411\">Sorgt f\u00fcr ausreichenden Schutz und Bel\u00fcftung des RAM-Fachs.<\/p>\n<\/li>\n<li data-start=\"1412\" data-end=\"1465\">\n<p data-start=\"1414\" data-end=\"1465\">Sorgt daf\u00fcr, dass Ihre Laptop-Teile sicher und an ihrem Platz bleiben.<\/p>\n<\/li>\n<li data-start=\"1466\" data-end=\"1532\">\n<p data-start=\"1468\" data-end=\"1532\">Eine kosteng\u00fcnstige M\u00f6glichkeit, die Lebensdauer Ihres ThinkPad W530 zu verl\u00e4ngern.<\/p>\n<\/li>\n<\/ul>\n<p data-start=\"1534\" data-end=\"1739\">\ud83d\udcf7 <strong data-start=\"1537\" data-end=\"1546\">Hinweis:<\/strong> Die Fotos in der Auflistung zeigen das tats\u00e4chliche Teil, das Sie erhalten \u2013 keine Archivbilder.<br data-start=\"1637\" data-end=\"1640\" \/>\ud83d\udcac Eine Installationsanleitung ist nicht im Lieferumfang enthalten. Falls Sie sie ben\u00f6tigen, Anleitung, schreiben Sie uns gerne eine Nachricht.<\/p>\n","protected":false},"excerpt":{"rendered":"<p>Original Lenovo ThinkPad W530 RAM-Speicherabdeckung (Teilenummer 60Y5501). Gebraucht, getestet und in gutem Zustand \u2013 ideal zum Ersetzen Ihrer fehlenden oder besch\u00e4digten RAM-Abdeckung.<\/p>\n","protected":false},"featured_media":18011,"template":"","meta":[],"product_brand":[],"product_cat":[52],"product_tag":[],"class_list":{"0":"post-17963","1":"product","2":"type-product","3":"status-publish","4":"has-post-thumbnail","6":"product_cat-laptop-housing","8":"first","9":"instock","10":"taxable","11":"shipping-taxable","12":"purchasable","13":"product-type-simple"},"_links":{"self":[{"href":"https:\/\/boreait.com\/de\/wp-json\/wp\/v2\/product\/17963","targetHints":{"allow":["GET"]}}],"collection":[{"href":"https:\/\/boreait.com\/de\/wp-json\/wp\/v2\/product"}],"about":[{"href":"https:\/\/boreait.com\/de\/wp-json\/wp\/v2\/types\/product"}],"wp:featuredmedia":[{"embeddable":true,"href":"https:\/\/boreait.com\/de\/wp-json\/wp\/v2\/media\/18011"}],"wp:attachment":[{"href":"https:\/\/boreait.com\/de\/wp-json\/wp\/v2\/media?parent=17963"}],"wp:term":[{"taxonomy":"product_brand","embeddable":true,"href":"https:\/\/boreait.com\/de\/wp-json\/wp\/v2\/product_brand?post=17963"},{"taxonomy":"product_cat","embeddable":true,"href":"https:\/\/boreait.com\/de\/wp-json\/wp\/v2\/product_cat?post=17963"},{"taxonomy":"product_tag","embeddable":true,"href":"https:\/\/boreait.com\/de\/wp-json\/wp\/v2\/product_tag?post=17963"}],"curies":[{"name":"wp","href":"https:\/\/api.w.org\/{rel}","templated":true}]}}