{"id":17940,"date":"2025-09-16T14:58:49","date_gmt":"2025-09-16T12:58:49","guid":{"rendered":"https:\/\/boreait.com\/de\/?post_type=product&#038;p=17940"},"modified":"2025-09-16T14:59:20","modified_gmt":"2025-09-16T12:59:20","slug":"asus-vivobook-k513e-k513ea-156-zoll-fhd-oled-glaenzend-lcd-bildschirm-30pin-neu","status":"publish","type":"product","link":"https:\/\/boreait.com\/de\/produkt\/asus-vivobook-k513e-k513ea-156-zoll-fhd-oled-glaenzend-lcd-bildschirm-30pin-neu\/","title":{"rendered":"ASUS VivoBook K513E K513EA 15,6 Zoll FHD OLED gl\u00e4nzend LCD-Bildschirm 30pin Neu"},"content":{"rendered":"<p data-start=\"493\" data-end=\"821\"><strong>Aktueller LCD-Bildschirm ATNA56YX03 \u2013 VOLLST\u00c4NDIG KOMPATIBEL MIT LAPTOP-BILDSCHIRM f\u00fcr ASUS VIVOBOOK K513E K513EA<\/strong><\/p>\n<p data-start=\"437\" data-end=\"763\">R\u00fcsten Sie Ihr Laptop-Display mit diesem <strong data-start=\"513\" data-end=\"568\">brandneuen 15,6-Zoll-Full-HD-OLED-Ersatzbildschirm<\/strong> auf, der speziell f\u00fcr die Modelle <strong data-start=\"596\" data-end=\"630\">ASUS VivoBook K513E und K513EA<\/strong> entwickelt wurde. Mit lebendigen Farben, tiefem Kontrast und einer gl\u00e4nzenden Oberfl\u00e4che sorgt dieses Panel daf\u00fcr, dass Ihr Laptop wieder perfekt funktioniert.<\/p>\n<ul data-start=\"765\" data-end=\"993\">\n<li data-start=\"765\" data-end=\"806\">\n<p data-start=\"767\" data-end=\"806\"><strong data-start=\"767\" data-end=\"784\">Displaytyp:<\/strong> OLED, gl\u00e4nzende Oberfl\u00e4che<\/p>\n<\/li>\n<li data-start=\"807\" data-end=\"844\">\n<p data-start=\"809\" data-end=\"844\"><strong data-start=\"809\" data-end=\"824\">Aufl\u00f6sung:<\/strong> FHD (1920 \u00d7 1200)<\/p>\n<\/li>\n<li data-start=\"845\" data-end=\"870\">\n<p data-start=\"847\" data-end=\"870\"><strong data-start=\"847\" data-end=\"861\">Anschluss:<\/strong> 30-polig<\/p>\n<\/li>\n<li data-start=\"871\" data-end=\"903\">\n<p data-start=\"873\" data-end=\"903\"><strong data-start=\"873\" data-end=\"883\">Touch:<\/strong> Nicht-Touch-Version<\/p>\n<\/li>\n<li data-start=\"904\" data-end=\"965\">\n<p data-start=\"906\" data-end=\"965\"><strong data-start=\"906\" data-end=\"919\">Montage:<\/strong> Selbstklebende Streifen im Lieferumfang enthalten (keine Halterungen)<\/p>\n<\/li>\n<li data-start=\"966\" data-end=\"993\">\n<p data-start=\"968\" data-end=\"993\"><strong data-start=\"968\" data-end=\"982\">Zustand:<\/strong> 100 % neu<\/p>\n<\/li>\n<\/ul>\n<p data-start=\"995\" data-end=\"1230\">Dieser Bildschirm bietet hervorragende Bildqualit\u00e4t, gro\u00dfe Betrachtungswinkel und zuverl\u00e4ssige Leistung. Er eignet sich ideal zum Ersetzen eines gesprungenen, flimmernden oder schwachen Displays. Er ist einfach zu installieren und vollst\u00e4ndig kompatibel mit der unterst\u00fctzten ASUS VivoBook-Serie.<\/p>\n<p data-start=\"1232\" data-end=\"1340\">Erwecken Sie Ihr Notebook mit einem Display zu neuem Leben \u2013 mit Klarheit und Helligkeit wie beim Original.<\/p>\n<p>\u00a0<\/p>\n<p>\u00a0<\/p>\n<p>\u00a0<\/p>\n<p>\u00a0<\/p>\n","protected":false},"excerpt":{"rendered":"<p>Brandneuer 15,6-Zoll-FHD-OLED-LCD-Ersatzbildschirm mit Hochglanzbeschichtung f\u00fcr ASUS VivoBook K513E und K513EA. Modell ohne Touch-Funktion, 30-poliger Anschluss, einfache Installation mit den mitgelieferten selbstklebenden Streifen.<\/p>\n","protected":false},"featured_media":17945,"template":"","meta":[],"product_brand":[],"product_cat":[105,95],"product_tag":[66],"class_list":{"0":"post-17940","1":"product","2":"type-product","3":"status-publish","4":"has-post-thumbnail","6":"product_cat-15-6-new-laptop-screens-lcd-panels","7":"product_cat-new-laptop-screens-lcd-panels","8":"product_tag-asus","10":"first","11":"instock","12":"taxable","13":"shipping-taxable","14":"purchasable","15":"product-type-simple"},"_links":{"self":[{"href":"https:\/\/boreait.com\/de\/wp-json\/wp\/v2\/product\/17940","targetHints":{"allow":["GET"]}}],"collection":[{"href":"https:\/\/boreait.com\/de\/wp-json\/wp\/v2\/product"}],"about":[{"href":"https:\/\/boreait.com\/de\/wp-json\/wp\/v2\/types\/product"}],"wp:featuredmedia":[{"embeddable":true,"href":"https:\/\/boreait.com\/de\/wp-json\/wp\/v2\/media\/17945"}],"wp:attachment":[{"href":"https:\/\/boreait.com\/de\/wp-json\/wp\/v2\/media?parent=17940"}],"wp:term":[{"taxonomy":"product_brand","embeddable":true,"href":"https:\/\/boreait.com\/de\/wp-json\/wp\/v2\/product_brand?post=17940"},{"taxonomy":"product_cat","embeddable":true,"href":"https:\/\/boreait.com\/de\/wp-json\/wp\/v2\/product_cat?post=17940"},{"taxonomy":"product_tag","embeddable":true,"href":"https:\/\/boreait.com\/de\/wp-json\/wp\/v2\/product_tag?post=17940"}],"curies":[{"name":"wp","href":"https:\/\/api.w.org\/{rel}","templated":true}]}}