{"id":17939,"date":"2025-09-16T14:58:48","date_gmt":"2025-09-16T12:58:48","guid":{"rendered":"https:\/\/boreait.com\/de\/?post_type=product&#038;p=17939"},"modified":"2025-09-16T14:59:20","modified_gmt":"2025-09-16T12:59:20","slug":"asus-zenbook-pro-15-um535qe-156-zoll-fhd-oled-lcd-bildschirm-glaenzend-neu","status":"publish","type":"product","link":"https:\/\/boreait.com\/de\/produkt\/asus-zenbook-pro-15-um535qe-156-zoll-fhd-oled-lcd-bildschirm-glaenzend-neu\/","title":{"rendered":"ASUS ZenBook Pro 15 UM535QE 15,6 Zoll FHD OLED LCD-Bildschirm gl\u00e4nzend NEU"},"content":{"rendered":"<p data-start=\"493\" data-end=\"821\"><strong>Aktueller LCD-Bildschirm ATNA56YX03 \u2013 VOLLST\u00c4NDIG KOMPATIBEL MIT LAPTOP-BILDSCHIRM f\u00fcr ASUS ZenBook Pro 15 UM535QE UM535 \/ M3500QC-L1081T<\/strong><\/p>\n<p data-start=\"456\" data-end=\"660\">Dieser <strong data-start=\"461\" data-end=\"544\">Ersatz-LCD-Bildschirm f\u00fcr das ASUS ZenBook Pro 15 UM535QE \/ UM535 \/ M3500QC-L1081T<\/strong> ist die perfekte L\u00f6sung zur Reparatur eines defekten oder fehlerhaften Displays und stellt die urspr\u00fcngliche Leistung Ihres Laptops wieder her.<\/p>\n<ul data-start=\"662\" data-end=\"915\">\n<li data-start=\"662\" data-end=\"681\">\n<p data-start=\"664\" data-end=\"681\"><strong data-start=\"664\" data-end=\"673\">Gr\u00f6\u00dfe:<\/strong> 15,6\u2033<\/p>\n<\/li>\n<li data-start=\"682\" data-end=\"715\">\n<p data-start=\"684\" data-end=\"715\"><strong data-start=\"684\" data-end=\"699\">Aufl\u00f6sung:<\/strong> FHD 1920 x 1200<\/p>\n<\/li>\n<li data-start=\"716\" data-end=\"740\">\n<p data-start=\"718\" data-end=\"740\"><strong data-start=\"718\" data-end=\"733\">Technologie:<\/strong> OLED<\/p>\n<\/li>\n<li data-start=\"741\" data-end=\"763\">\n<p data-start=\"743\" data-end=\"763\"><strong data-start=\"743\" data-end=\"754\">Oberfl\u00e4che:<\/strong> Gl\u00e4nzend<\/p>\n<\/li>\n<li data-start=\"764\" data-end=\"789\">\n<p data-start=\"766\" data-end=\"789\"><strong data-start=\"766\" data-end=\"780\">Anschluss:<\/strong> 30-polig<\/p>\n<\/li>\n<li data-start=\"790\" data-end=\"813\">\n<p data-start=\"792\" data-end=\"813\"><strong data-start=\"792\" data-end=\"801\">Typ:<\/strong> ber\u00fchrungslos<\/p>\n<\/li>\n<li data-start=\"814\" data-end=\"874\">\n<p data-start=\"816\" data-end=\"874\"><strong data-start=\"816\" data-end=\"829\">Montage:<\/strong> Selbstklebende Streifen im Lieferumfang enthalten, keine Halterungen<\/p>\n<\/li>\n<li data-start=\"875\" data-end=\"915\">\n<p data-start=\"877\" data-end=\"915\"><strong data-start=\"877\" data-end=\"891\">Zustand:<\/strong> Neu, unbenutzt<\/p>\n<\/li>\n<\/ul>\n<p data-start=\"917\" data-end=\"1136\">Dieser <strong data-start=\"922\" data-end=\"932\">Bildschirm<\/strong> liefert lebendige Farben, scharfe Details und ist vollst\u00e4ndig mit der ZenBook Pro-Serie kompatibel. Er ist einfach zu installieren und erm\u00f6glicht Ihnen den schnellen Austausch Ihres alten Displays f\u00fcr ein gestochen scharfes, hochwertiges Bild. wieder.<\/p>\n<p>\u00a0<\/p>\n<p>\u00a0<\/p>\n<p>\u00a0<\/p>\n","protected":false},"excerpt":{"rendered":"<p><strong data-start=\"225\" data-end=\"297\">LCD-Bildschirm f\u00fcr ASUS ZenBook Pro 15 UM535QE \/ UM535 \/ M3500QC-L1081T.<\/strong><br data-start=\"297\" data-end=\"300\" \/>15,6&#8243; FHD (1920 x 1200), OLED, gl\u00e4nzend, 30-polig, ohne Touchscreen. Doppelseitige Klebestreifen enthalten. Nagelneu.<\/p>\n","protected":false},"featured_media":17945,"template":"","meta":[],"product_brand":[],"product_cat":[105,95],"product_tag":[66],"class_list":{"0":"post-17939","1":"product","2":"type-product","3":"status-publish","4":"has-post-thumbnail","6":"product_cat-15-6-new-laptop-screens-lcd-panels","7":"product_cat-new-laptop-screens-lcd-panels","8":"product_tag-asus","10":"first","11":"instock","12":"taxable","13":"shipping-taxable","14":"purchasable","15":"product-type-simple"},"_links":{"self":[{"href":"https:\/\/boreait.com\/de\/wp-json\/wp\/v2\/product\/17939","targetHints":{"allow":["GET"]}}],"collection":[{"href":"https:\/\/boreait.com\/de\/wp-json\/wp\/v2\/product"}],"about":[{"href":"https:\/\/boreait.com\/de\/wp-json\/wp\/v2\/types\/product"}],"wp:featuredmedia":[{"embeddable":true,"href":"https:\/\/boreait.com\/de\/wp-json\/wp\/v2\/media\/17945"}],"wp:attachment":[{"href":"https:\/\/boreait.com\/de\/wp-json\/wp\/v2\/media?parent=17939"}],"wp:term":[{"taxonomy":"product_brand","embeddable":true,"href":"https:\/\/boreait.com\/de\/wp-json\/wp\/v2\/product_brand?post=17939"},{"taxonomy":"product_cat","embeddable":true,"href":"https:\/\/boreait.com\/de\/wp-json\/wp\/v2\/product_cat?post=17939"},{"taxonomy":"product_tag","embeddable":true,"href":"https:\/\/boreait.com\/de\/wp-json\/wp\/v2\/product_tag?post=17939"}],"curies":[{"name":"wp","href":"https:\/\/api.w.org\/{rel}","templated":true}]}}