{"id":17938,"date":"2025-09-16T14:58:48","date_gmt":"2025-09-16T12:58:48","guid":{"rendered":"https:\/\/boreait.com\/de\/?post_type=product&#038;p=17938"},"modified":"2025-09-16T14:59:19","modified_gmt":"2025-09-16T12:59:19","slug":"asus-vivobook-m3500q-m5100u-m6500-156-zoll-fhd-oled-glaenzender-30-pin-bildschirm","status":"publish","type":"product","link":"https:\/\/boreait.com\/de\/produkt\/asus-vivobook-m3500q-m5100u-m6500-156-zoll-fhd-oled-glaenzender-30-pin-bildschirm\/","title":{"rendered":"ASUS Vivobook M3500Q M5100U M6500 15,6 Zoll FHD OLED gl\u00e4nzender 30-Pin-Bildschirm"},"content":{"rendered":"<p data-start=\"493\" data-end=\"821\"><strong>Aktueller LCD-Bildschirm ATNA56YX03 \u2013 VOLLST\u00c4NDIG KOMPATIBEL MIT LAPTOP-BILDSCHIRM f\u00fcr ASUS Vivobook M3500Q k3500p M5100U M6500 M3500QCNEU<\/strong><\/p>\n<p data-start=\"483\" data-end=\"708\">Ersetzen Sie Ihren besch\u00e4digten oder defekten Bildschirm durch dieses <strong data-start=\"571\" data-end=\"606\">hochwertige 15,6\u2033 OLED-Display<\/strong>, das f\u00fcr die ASUS Vivobook-Serie, einschlie\u00dflich der Modelle M3500Q, K3500P, M5100U, M6500 und M3500QC, entwickelt wurde.<\/p>\n<p data-start=\"710\" data-end=\"973\">Mit einem <strong data-start=\"722\" data-end=\"764\">Mit einer Full-HD-Aufl\u00f6sung von 1920 x 1200 Pixeln<\/strong> liefert dieser Bildschirm scharfe, lebendige Bilder mit dem tiefen Kontrast und den satten Farben der OLED-Technologie. Die <strong data-start=\"872\" data-end=\"890\">gl\u00e4nzende Oberfl\u00e4che<\/strong> verbessert die Bildsch\u00e4rfe und macht ihn ideal f\u00fcr Multimedia, Arbeit und den t\u00e4glichen Gebrauch.<\/p>\n<p data-start=\"975\" data-end=\"990\">Hauptmerkmale:<\/p>\n<ul data-start=\"991\" data-end=\"1248\">\n<li data-start=\"991\" data-end=\"1016\">\n<p data-start=\"993\" data-end=\"1016\">Gr\u00f6\u00dfe: <strong data-start=\"999\" data-end=\"1014\">15,6 Zoll<\/strong><\/p>\n<\/li>\n<li data-start=\"1017\" data-end=\"1050\">\n<p data-start=\"1019\" data-end=\"1050\">Aufl\u00f6sung: <strong data-start=\"1031\" data-end=\"1048\">FHD 1920 x 1200<\/strong><\/p>\n<\/li>\n<li data-start=\"1051\" data-end=\"1075\">\n<p data-start=\"1053\" data-end=\"1075\">Technologie: <strong data-start=\"1065\" data-end=\"1073\">OLED<\/strong><\/p>\n<\/li>\n<li data-start=\"1076\" data-end=\"1098\">\n<p data-start=\"1078\" data-end=\"1098\">Oberfl\u00e4che: <strong data-start=\"1086\" data-end=\"1096\">Gl\u00e4nzend<\/strong><\/p>\n<\/li>\n<li data-start=\"1099\" data-end=\"1128\">\n<p data-start=\"1101\" data-end=\"1128\">Anschluss: <strong data-start=\"1112\" data-end=\"1126\">30-poliger eDP<\/strong><\/p>\n<\/li>\n<li data-start=\"1129\" data-end=\"1152\">\n<p data-start=\"1131\" data-end=\"1152\">Typ: <strong data-start=\"1137\" data-end=\"1150\">Ber\u00fchrungslos<\/strong><\/p>\n<\/li>\n<li data-start=\"1153\" data-end=\"1219\">\n<p data-start=\"1155\" data-end=\"1219\">Montage: <strong data-start=\"1165\" data-end=\"1217\">Ohne Halterungen \u2013 selbstklebende Streifen im Lieferumfang enthalten<\/strong><\/p>\n<\/li>\n<li data-start=\"1220\" data-end=\"1248\">\n<p data-start=\"1222\" data-end=\"1248\">Zustand: <strong data-start=\"1233\" data-end=\"1246\">Neuware<\/strong><\/p>\n<\/li>\n<\/ul>\n<p data-start=\"1250\" data-end=\"1393\">Dieser Ersatzbildschirm gew\u00e4hrleistet perfekte Kompatibilit\u00e4t mit Ihrem ASUS Vivobook Laptop und sorgt f\u00fcr eine reibungslose Installation und zuverl\u00e4ssige Leistung.<\/p>\n<p data-start=\"1395\" data-end=\"1492\">\ud83d\udce6 <strong data-start=\"1398\" data-end=\"1419\">Lieferumfang:<\/strong><br data-start=\"1419\" data-end=\"1422\" \/>1 \u00d7 brandneues Ersatzdisplay, sicher verpackt f\u00fcr einen sicheren Versand.<\/p>\n<p>\u00a0<\/p>\n<p>\u00a0<\/p>\n<p>\u00a0<\/p>\n","protected":false},"excerpt":{"rendered":"<p>Brandneuer 15,6-Zoll-OLED-LCD-Bildschirm f\u00fcr die ASUS Vivobook-Serie (M3500Q, K3500P, M5100U, M6500, M3500QC). Full HD-Aufl\u00f6sung 1920 x 1200, gl\u00e4nzende Oberfl\u00e4che, 30-poliger Anschluss, ber\u00fchrungslos. Selbstklebende Streifen f\u00fcr eine einfache Installation im Lieferumfang enthalten.<\/p>\n","protected":false},"featured_media":17945,"template":"","meta":[],"product_brand":[],"product_cat":[105,95],"product_tag":[66],"class_list":{"0":"post-17938","1":"product","2":"type-product","3":"status-publish","4":"has-post-thumbnail","6":"product_cat-15-6-new-laptop-screens-lcd-panels","7":"product_cat-new-laptop-screens-lcd-panels","8":"product_tag-asus","10":"first","11":"instock","12":"taxable","13":"shipping-taxable","14":"purchasable","15":"product-type-simple"},"_links":{"self":[{"href":"https:\/\/boreait.com\/de\/wp-json\/wp\/v2\/product\/17938","targetHints":{"allow":["GET"]}}],"collection":[{"href":"https:\/\/boreait.com\/de\/wp-json\/wp\/v2\/product"}],"about":[{"href":"https:\/\/boreait.com\/de\/wp-json\/wp\/v2\/types\/product"}],"wp:featuredmedia":[{"embeddable":true,"href":"https:\/\/boreait.com\/de\/wp-json\/wp\/v2\/media\/17945"}],"wp:attachment":[{"href":"https:\/\/boreait.com\/de\/wp-json\/wp\/v2\/media?parent=17938"}],"wp:term":[{"taxonomy":"product_brand","embeddable":true,"href":"https:\/\/boreait.com\/de\/wp-json\/wp\/v2\/product_brand?post=17938"},{"taxonomy":"product_cat","embeddable":true,"href":"https:\/\/boreait.com\/de\/wp-json\/wp\/v2\/product_cat?post=17938"},{"taxonomy":"product_tag","embeddable":true,"href":"https:\/\/boreait.com\/de\/wp-json\/wp\/v2\/product_tag?post=17938"}],"curies":[{"name":"wp","href":"https:\/\/api.w.org\/{rel}","templated":true}]}}