{"id":17931,"date":"2025-09-16T14:58:24","date_gmt":"2025-09-16T12:58:24","guid":{"rendered":"https:\/\/boreait.com\/de\/?post_type=product&#038;p=17931"},"modified":"2025-09-16T14:59:19","modified_gmt":"2025-09-16T12:59:19","slug":"asus-vivobook-a1505-lcd-bildschirm-156-zoll-fhd-oled-glaenzend-30-pin-neu","status":"publish","type":"product","link":"https:\/\/boreait.com\/de\/produkt\/asus-vivobook-a1505-lcd-bildschirm-156-zoll-fhd-oled-glaenzend-30-pin-neu\/","title":{"rendered":"Asus Vivobook A1505 LCD-Bildschirm 15,6 Zoll FHD OLED gl\u00e4nzend 30 Pin Neu"},"content":{"rendered":"<p data-start=\"493\" data-end=\"821\"><strong>Aktueller LCD-Bildschirm ATNA56YX03 \u2013 VOLLST\u00c4NDIG KOMPATIBEL MIT LAPTOP-BILDSCHIRM f\u00fcr Asus Vivobook A1505<\/strong><\/p>\n<p data-start=\"416\" data-end=\"753\">Verleihen Sie Ihrem Asus Vivobook A1505 mit diesem hochwertigen Ersatz-LCD-Bildschirm neues Leben. Dieses <strong data-start=\"596\" data-end=\"622\">15,6-Zoll-OLED-Display<\/strong> liefert scharfe Bilder und lebendige Farben und unterst\u00fctzt die <strong data-start=\"632\" data-end=\"666\">Full-HD-Aufl\u00f6sung (1920 x 1200)<\/strong>. Damit sorgt es f\u00fcr ein hervorragendes Seherlebnis \u2013 egal ob bei der Arbeit, im Studium oder in der Freizeit.<\/p>\n<p data-start=\"755\" data-end=\"766\">Funktionen:<\/p>\n<ul data-start=\"767\" data-end=\"1114\">\n<li data-start=\"767\" data-end=\"799\">\n<p data-start=\"769\" data-end=\"799\">Bildschirmgr\u00f6\u00dfe: <strong data-start=\"782\" data-end=\"797\">15,6 Zoll<\/strong><\/p>\n<\/li>\n<li data-start=\"800\" data-end=\"833\">\n<p data-start=\"802\" data-end=\"833\">Aufl\u00f6sung: <strong data-start=\"814\" data-end=\"831\">FHD 1920 x 1200<\/strong><\/p>\n<\/li>\n<li data-start=\"834\" data-end=\"893\">\n<p data-start=\"836\" data-end=\"893\">Technologie: <strong data-start=\"848\" data-end=\"856\">OLED<\/strong> f\u00fcr lebendige Farben und tiefen Kontrast<\/p>\n<\/li>\n<li data-start=\"894\" data-end=\"945\">\n<p data-start=\"896\" data-end=\"945\">Oberfl\u00e4che: <strong data-start=\"904\" data-end=\"914\">Gl\u00e4nzend<\/strong> f\u00fcr scharfe und helle Bilder Visuals<\/p>\n<\/li>\n<li data-start=\"946\" data-end=\"971\">\n<p data-start=\"948\" data-end=\"971\">Anschluss: <strong data-start=\"959\" data-end=\"969\">30-polig<\/strong><\/p>\n<\/li>\n<li data-start=\"972\" data-end=\"1004\">\n<p data-start=\"974\" data-end=\"1004\">Touch-Unterst\u00fctzung: <strong data-start=\"989\" data-end=\"1002\">Nicht-Touch<\/strong><\/p>\n<\/li>\n<li data-start=\"1005\" data-end=\"1091\">\n<p data-start=\"1007\" data-end=\"1091\">Mit selbstklebenden Streifen f\u00fcr eine einfache Installation<\/p>\n<\/li>\n<li data-start=\"1092\" data-end=\"1114\">\n<p data-start=\"1094\" data-end=\"1114\">Zustand: <strong data-start=\"1105\" data-end=\"1112\">Neu<\/strong><\/p>\n<\/li>\n<\/ul>\n<p data-start=\"1116\" data-end=\"1373\">Dieser Bildschirm ist die ideale L\u00f6sung, wenn Ihr Originaldisplay gesprungen ist, flackert oder nicht mehr funktioniert. Dank der mitgelieferten Klebestreifen l\u00e4sst er sich einfach anbringen und stellt die volle Funktionalit\u00e4t Ihres Laptops wieder her. Genie\u00dfen Sie klare, helle Bilder.<\/p>\n<p>\u00a0<\/p>\n<p>\u00a0<\/p>\n","protected":false},"excerpt":{"rendered":"<p>Ersatz-LCD-Bildschirm f\u00fcr Asus Vivobook A1505. 15,6&#8243; OLED, FHD (1920 x 1200), gl\u00e4nzend, 30-polig, ohne Touchscreen. Lieferung ohne Halterungen, inklusive selbstklebender Streifen. Neuwertiger Zustand.<\/p>\n","protected":false},"featured_media":17945,"template":"","meta":[],"product_brand":[],"product_cat":[105,95],"product_tag":[66],"class_list":{"0":"post-17931","1":"product","2":"type-product","3":"status-publish","4":"has-post-thumbnail","6":"product_cat-15-6-new-laptop-screens-lcd-panels","7":"product_cat-new-laptop-screens-lcd-panels","8":"product_tag-asus","10":"first","11":"instock","12":"taxable","13":"shipping-taxable","14":"purchasable","15":"product-type-simple"},"_links":{"self":[{"href":"https:\/\/boreait.com\/de\/wp-json\/wp\/v2\/product\/17931","targetHints":{"allow":["GET"]}}],"collection":[{"href":"https:\/\/boreait.com\/de\/wp-json\/wp\/v2\/product"}],"about":[{"href":"https:\/\/boreait.com\/de\/wp-json\/wp\/v2\/types\/product"}],"wp:featuredmedia":[{"embeddable":true,"href":"https:\/\/boreait.com\/de\/wp-json\/wp\/v2\/media\/17945"}],"wp:attachment":[{"href":"https:\/\/boreait.com\/de\/wp-json\/wp\/v2\/media?parent=17931"}],"wp:term":[{"taxonomy":"product_brand","embeddable":true,"href":"https:\/\/boreait.com\/de\/wp-json\/wp\/v2\/product_brand?post=17931"},{"taxonomy":"product_cat","embeddable":true,"href":"https:\/\/boreait.com\/de\/wp-json\/wp\/v2\/product_cat?post=17931"},{"taxonomy":"product_tag","embeddable":true,"href":"https:\/\/boreait.com\/de\/wp-json\/wp\/v2\/product_tag?post=17931"}],"curies":[{"name":"wp","href":"https:\/\/api.w.org\/{rel}","templated":true}]}}