{"id":17928,"date":"2025-09-16T14:58:24","date_gmt":"2025-09-16T12:58:24","guid":{"rendered":"https:\/\/boreait.com\/de\/?post_type=product&#038;p=17928"},"modified":"2025-09-16T14:59:10","modified_gmt":"2025-09-16T12:59:10","slug":"lcd-bildschirm-atna56yx03-156-fhd-oled-glaenzend-30-pin-non-touch-neu","status":"publish","type":"product","link":"https:\/\/boreait.com\/de\/produkt\/lcd-bildschirm-atna56yx03-156-fhd-oled-glaenzend-30-pin-non-touch-neu\/","title":{"rendered":"LCD-Bildschirm ATNA56YX03 15,6&#8243; FHD OLED gl\u00e4nzend 30 Pin Non-Touch Neu"},"content":{"rendered":"<p data-start=\"493\" data-end=\"821\">Aktualisieren oder ersetzen Sie Ihr Laptop-Display mit dem <strong data-start=\"541\" data-end=\"566\">ATNA56YX03 LCD-Bildschirm<\/strong> \u2013 einem hochwertigen <strong data-start=\"584\" data-end=\"604\">15,6\u2033 OLED-Panel<\/strong> f\u00fcr atemberaubende Bildsch\u00e4rfe und lebendige Farben. Mit einer <strong data-start=\"675\" data-end=\"710\">Full-HD-Aufl\u00f6sung von 1920 x 1200 Pixeln<\/strong> sorgt dieser gl\u00e4nzende Bildschirm f\u00fcr scharfe Details und hohen Kontrast \u2013 perfekt f\u00fcr den professionellen und allt\u00e4glichen Gebrauch.<\/p>\n<p data-start=\"823\" data-end=\"838\">Hauptmerkmale:<\/p>\n<ul data-start=\"839\" data-end=\"1161\">\n<li data-start=\"839\" data-end=\"864\">\n<p data-start=\"841\" data-end=\"864\"><strong data-start=\"841\" data-end=\"851\">Modell:<\/strong> ATNA56YX03<\/p>\n<\/li>\n<li data-start=\"865\" data-end=\"890\">\n<p data-start=\"867\" data-end=\"890\"><strong data-start=\"867\" data-end=\"876\">Gr\u00f6\u00dfe:<\/strong> 15,6 Zoll<\/p>\n<\/li>\n<li data-start=\"891\" data-end=\"924\">\n<p data-start=\"893\" data-end=\"924\"><strong data-start=\"893\" data-end=\"908\">Aufl\u00f6sung:<\/strong> FHD 1920 x 1200<\/p>\n<\/li>\n<li data-start=\"925\" data-end=\"982\">\n<p data-start=\"927\" data-end=\"982\"><strong data-start=\"927\" data-end=\"942\">Technologie:<\/strong> OLED f\u00fcr tiefes Schwarz und lebendige Farben<\/p>\n<\/li>\n<li data-start=\"983\" data-end=\"1017\">\n<p data-start=\"985\" data-end=\"1017\"><strong data-start=\"985\" data-end=\"996\">Oberfl\u00e4che:<\/strong> Gl\u00e4nzend (ohne Touch-Funktion)<\/p>\n<\/li>\n<li data-start=\"1018\" data-end=\"1043\">\n<p data-start=\"1020\" data-end=\"1043\"><strong data-start=\"1020\" data-end=\"1034\">Anschluss:<\/strong> 30-polig<\/p>\n<\/li>\n<li data-start=\"1044\" data-end=\"1132\">\n<p data-start=\"1046\" data-end=\"1132\"><strong data-start=\"1046\" data-end=\"1059\">Halterungen:<\/strong> Nicht im Lieferumfang enthalten \u2013 mit selbstklebenden Streifen f\u00fcr eine sichere Montage<\/p>\n<\/li>\n<li data-start=\"1133\" data-end=\"1161\">\n<p data-start=\"1135\" data-end=\"1161\"><strong data-start=\"1135\" data-end=\"1149\">Zustand:<\/strong> Neuware<\/p>\n<\/li>\n<\/ul>\n<p data-start=\"1163\" data-end=\"1371\">Dieser Bildschirm ist der ideale Ersatz f\u00fcr besch\u00e4digte oder defekte Laptop-Displays. Dank der mitgelieferten Klebestreifen ist die Montage unkompliziert und eignet sich sowohl f\u00fcr Techniker als auch f\u00fcr fortgeschrittene Anwender.<\/p>\n<p data-start=\"1373\" data-end=\"1465\">Erwecken Sie Ihren Laptop mit diesem zuverl\u00e4ssigen und leistungsstarken Ersatzbildschirm wieder zum Leben.<\/p>\n","protected":false},"excerpt":{"rendered":"<p>Brandneuer 15,6&#8243; FHD OLED-Ersatzbildschirm ATNA56YX03 mit Hochglanzbeschichtung f\u00fcr Laptops. Aufl\u00f6sung 1920 x 1200, 30-polig, ohne Touch-Funktion, ohne Halterungen. Selbstklebende Streifen f\u00fcr eine einfache Installation im Lieferumfang enthalten.<\/p>\n","protected":false},"featured_media":17945,"template":"","meta":[],"product_brand":[],"product_cat":[105,95],"product_tag":[],"class_list":{"0":"post-17928","1":"product","2":"type-product","3":"status-publish","4":"has-post-thumbnail","6":"product_cat-15-6-new-laptop-screens-lcd-panels","7":"product_cat-new-laptop-screens-lcd-panels","9":"first","10":"instock","11":"taxable","12":"shipping-taxable","13":"purchasable","14":"product-type-simple"},"_links":{"self":[{"href":"https:\/\/boreait.com\/de\/wp-json\/wp\/v2\/product\/17928","targetHints":{"allow":["GET"]}}],"collection":[{"href":"https:\/\/boreait.com\/de\/wp-json\/wp\/v2\/product"}],"about":[{"href":"https:\/\/boreait.com\/de\/wp-json\/wp\/v2\/types\/product"}],"wp:featuredmedia":[{"embeddable":true,"href":"https:\/\/boreait.com\/de\/wp-json\/wp\/v2\/media\/17945"}],"wp:attachment":[{"href":"https:\/\/boreait.com\/de\/wp-json\/wp\/v2\/media?parent=17928"}],"wp:term":[{"taxonomy":"product_brand","embeddable":true,"href":"https:\/\/boreait.com\/de\/wp-json\/wp\/v2\/product_brand?post=17928"},{"taxonomy":"product_cat","embeddable":true,"href":"https:\/\/boreait.com\/de\/wp-json\/wp\/v2\/product_cat?post=17928"},{"taxonomy":"product_tag","embeddable":true,"href":"https:\/\/boreait.com\/de\/wp-json\/wp\/v2\/product_tag?post=17928"}],"curies":[{"name":"wp","href":"https:\/\/api.w.org\/{rel}","templated":true}]}}