{"id":17919,"date":"2025-09-16T14:57:59","date_gmt":"2025-09-16T12:57:59","guid":{"rendered":"https:\/\/boreait.com\/de\/?post_type=product&#038;p=17919"},"modified":"2025-09-16T14:59:06","modified_gmt":"2025-09-16T12:59:06","slug":"hp-elitebook-840-g8-lcd-bildschirm-14-fhd-ips-matt-30pin-l76245-j91-neu","status":"publish","type":"product","link":"https:\/\/boreait.com\/de\/produkt\/hp-elitebook-840-g8-lcd-bildschirm-14-fhd-ips-matt-30pin-l76245-j91-neu\/","title":{"rendered":"HP EliteBook 840 G8 LCD-Bildschirm 14&#8243; FHD IPS Matt 30Pin L76245-J91 Neu"},"content":{"rendered":"<p data-start=\"455\" data-end=\"826\">Aktuelles LCD-Bildschirmmodell: <strong>B140HAN04.D \/ B140HAN07.1 \/ NV140FHM-N4T V8.2 \/ N140HCA-EEK<\/strong> \u2013 VOLLST\u00c4NDIG KOMPATIBEL MIT DEM LAPTOP-BILDSCHIRM F\u00dcR <strong>HP EliteBook 840 G8 (PN: L76245-J91)<\/strong><\/p>\n<p data-start=\"455\" data-end=\"826\">Aktualisieren oder ersetzen Sie Ihr HP EliteBook 840 G8 (Modell 6A3P3AV) Display mit diesem <strong data-start=\"573\" data-end=\"586\">brandneuen<\/strong> 14-Zoll-LCD-Bildschirm, Teilenummer <strong data-start=\"619\" data-end=\"633\">L76245-J91<\/strong>.<br data-start=\"634\" data-end=\"637\" \/>Mit <strong data-start=\"647\" data-end=\"681\">Full-HD-Aufl\u00f6sung (1920 x 1080)<\/strong>, brillanter <strong data-start=\"691\" data-end=\"709\">IPS-Technologie<\/strong> f\u00fcr hervorragende Betrachtungswinkel und einer <strong data-start=\"745\" data-end=\"761\">matten Oberfl\u00e4che<\/strong> zur Reduzierung von Blendeffekten ist es ideal f\u00fcr den professionellen und allt\u00e4glichen Gebrauch.<\/p>\n<p data-start=\"828\" data-end=\"847\"><strong data-start=\"828\" data-end=\"845\">Hauptmerkmale:<\/strong><\/p>\n<ul data-start=\"848\" data-end=\"1219\">\n<li data-start=\"848\" data-end=\"934\">\n<p data-start=\"850\" data-end=\"934\"><strong data-start=\"850\" data-end=\"868\">Kompatibilit\u00e4t:<\/strong> HP EliteBook 840 G8, Teilenummer L76245\u2011J91 (Version ohne Touch-Funktion)<\/p>\n<\/li>\n<li data-start=\"935\" data-end=\"952\">\n<p data-start=\"937\" data-end=\"952\"><strong data-start=\"937\" data-end=\"946\">Gr\u00f6\u00dfe:<\/strong> 14\u2033<\/p>\n<\/li>\n<li data-start=\"953\" data-end=\"986\">\n<p data-start=\"955\" data-end=\"986\"><strong data-start=\"955\" data-end=\"970\">Aufl\u00f6sung:<\/strong> FHD 1920\u00d71080<\/p>\n<\/li>\n<li data-start=\"987\" data-end=\"1049\">\n<p data-start=\"989\" data-end=\"1049\"><strong data-start=\"989\" data-end=\"1004\">Paneltyp:<\/strong> IPS \u2013 lebendige Farben und gro\u00dfe Betrachtungswinkel<\/p>\n<\/li>\n<li data-start=\"1050\" data-end=\"1085\">\n<p data-start=\"1052\" data-end=\"1085\"><strong data-start=\"1052\" data-end=\"1064\">Oberfl\u00e4che:<\/strong> Matt \/ Antireflex<\/p>\n<\/li>\n<li data-start=\"1086\" data-end=\"1111\">\n<p data-start=\"1088\" data-end=\"1111\"><strong data-start=\"1088\" data-end=\"1102\">Anschluss:<\/strong> 30-polig<\/p>\n<\/li>\n<li data-start=\"1112\" data-end=\"1191\">\n<p data-start=\"1114\" data-end=\"1191\"><strong data-start=\"1114\" data-end=\"1127\">Montage:<\/strong> Inklusive doppelseitiger Klebestreifen f\u00fcr eine sichere Befestigung<\/p>\n<\/li>\n<li data-start=\"1192\" data-end=\"1219\">\n<p data-start=\"1194\" data-end=\"1219\"><strong data-start=\"1194\" data-end=\"1208\">Zustand:<\/strong> 100 % neu<\/p>\n<\/li>\n<\/ul>\n<p data-start=\"1221\" data-end=\"1437\">Dieser Ersatzbildschirm wird vor dem Versand umfassend getestet, um h\u00f6chste Qualit\u00e4t und eine einfache Installation zu gew\u00e4hrleisten. Perfekt f\u00fcr die Befestigung Ein gesprungenes, pixelloses oder dunkles Display wird repariert, w\u00e4hrend die urspr\u00fcngliche Bildleistung Ihres Laptops wiederhergestellt wird.<\/p>\n<hr data-start=\"1439\" data-end=\"1442\" \/>\n","protected":false},"excerpt":{"rendered":"<p>Brandneuer 14-Zoll-LCD-Bildschirm f\u00fcr HP EliteBook 840 G8 (6A3P3AV), Teil L76245-J91. Full HD IPS-Mattdisplay mit 30-poligem Anschluss. Nicht ber\u00fchrungsempfindlich. Doppelseitige Klebestreifen im Lieferumfang enthalten.<\/p>\n","protected":false},"featured_media":13452,"template":"","meta":[],"product_brand":[],"product_cat":[98,95],"product_tag":[61],"class_list":{"0":"post-17919","1":"product","2":"type-product","3":"status-publish","4":"has-post-thumbnail","6":"product_cat-14-new-laptop-screens-lcd-panels","7":"product_cat-new-laptop-screens-lcd-panels","8":"product_tag-hp","10":"first","11":"instock","12":"taxable","13":"shipping-taxable","14":"purchasable","15":"product-type-simple"},"_links":{"self":[{"href":"https:\/\/boreait.com\/de\/wp-json\/wp\/v2\/product\/17919","targetHints":{"allow":["GET"]}}],"collection":[{"href":"https:\/\/boreait.com\/de\/wp-json\/wp\/v2\/product"}],"about":[{"href":"https:\/\/boreait.com\/de\/wp-json\/wp\/v2\/types\/product"}],"wp:featuredmedia":[{"embeddable":true,"href":"https:\/\/boreait.com\/de\/wp-json\/wp\/v2\/media\/13452"}],"wp:attachment":[{"href":"https:\/\/boreait.com\/de\/wp-json\/wp\/v2\/media?parent=17919"}],"wp:term":[{"taxonomy":"product_brand","embeddable":true,"href":"https:\/\/boreait.com\/de\/wp-json\/wp\/v2\/product_brand?post=17919"},{"taxonomy":"product_cat","embeddable":true,"href":"https:\/\/boreait.com\/de\/wp-json\/wp\/v2\/product_cat?post=17919"},{"taxonomy":"product_tag","embeddable":true,"href":"https:\/\/boreait.com\/de\/wp-json\/wp\/v2\/product_tag?post=17919"}],"curies":[{"name":"wp","href":"https:\/\/api.w.org\/{rel}","templated":true}]}}