{"id":17917,"date":"2025-09-16T14:57:59","date_gmt":"2025-09-16T12:57:59","guid":{"rendered":"https:\/\/boreait.com\/de\/?post_type=product&#038;p=17917"},"modified":"2025-09-16T14:59:06","modified_gmt":"2025-09-16T12:59:06","slug":"asus-vivobook-16x-f1603z-m1603q-lcd-bildschirm-16-fhd-ips-matt-30-pin","status":"publish","type":"product","link":"https:\/\/boreait.com\/de\/produkt\/asus-vivobook-16x-f1603z-m1603q-lcd-bildschirm-16-fhd-ips-matt-30-pin\/","title":{"rendered":"Asus Vivobook 16X F1603Z M1603Q LCD-Bildschirm 16&#8243; FHD+ IPS Matt 30 Pin**"},"content":{"rendered":"<p data-start=\"515\" data-end=\"812\"><strong>Aktuelles LCD-Bildschirmmodell: N160JCE-ELL Rev C3 \u2013 VOLLST\u00c4NDIG KOMPATIBEL MIT DEM LAPTOP-BILDSCHIRM Asus Vivobook 16X F1603Z M1603Q<\/strong><\/p>\n<p data-start=\"671\" data-end=\"990\">Dies ist ein hochwertiger Ersatz-LCD-Bildschirm, der speziell f\u00fcr die Asus Vivobook 16X-Serie, einschlie\u00dflich der Modelle F1603Z und M1603Q, entwickelt wurde. Mit einer 16-Zoll-FHD+-Aufl\u00f6sung (1920 x 1200) und IPS-Panel-Technologie bietet er gestochen scharfe Bilder, lebendige Farben und weite Betrachtungswinkel \u2013 perfekt f\u00fcr Arbeit und Unterhaltung.<\/p>\n<p data-start=\"992\" data-end=\"1325\">Der Bildschirm hat eine matte Oberfl\u00e4che zur Reduzierung von Blendeffekten und ist ber\u00fchrungslos. Der Anschluss erfolgt \u00fcber einen 30-poligen (19 mm) eDP-Anschluss und im Lieferumfang sind selbstklebende Streifen enthalten, die eine schnelle und sichere Installation erm\u00f6glichen. Egal, ob Sie ein gesprungenes, flimmerndes oder defektes Display ersetzen \u2013 dieser brandneue Bildschirm verleiht Ihrem Laptop wieder eine optisch wie neuwertige Leistung.<\/p>\n<p data-start=\"1327\" data-end=\"1344\"><strong data-start=\"1327\" data-end=\"1344\">Hauptmerkmale:<\/strong><\/p>\n<ul data-start=\"1345\" data-end=\"1628\">\n<li data-start=\"1345\" data-end=\"1397\">\n<p data-start=\"1347\" data-end=\"1397\">Kompatibilit\u00e4t: Asus Vivobook 16X F1603Z \/ M1603Q<\/p>\n<\/li>\n<li data-start=\"1398\" data-end=\"1417\">\n<p data-start=\"1400\" data-end=\"1417\">Gr\u00f6\u00dfe: 16 Zoll<\/p>\n<\/li>\n<li data-start=\"1418\" \u200b\u200bdata-end=\"1448\">\n<p data-start=\"1420\" data-end=\"1448\">Aufl\u00f6sung: FHD+ 1920 x 1200<\/p>\n<\/li>\n<li data-start=\"1449\" data-end=\"1468\">\n<p data-start=\"1451\" data-end=\"1468\">Paneltyp: IPS<\/p>\n<\/li>\n<li data-start=\"1469\" data-end=\"1500\">\n<p data-start=\"1471\" data-end=\"1500\">Oberfl\u00e4che: Matt \/ Antireflex<\/p>\n<\/li>\n<li data-start=\"1501\" data-end=\"1534\">\n<p data-start=\"1503\" data-end=\"1534\">Anschluss: 30-polig (19 mm), eDP<\/p>\n<\/li>\n<li data-start=\"1535\" data-end=\"1555\">\n<p data-start=\"1537\" data-end=\"1555\">Touch: Ohne Touch<\/p>\n<\/li>\n<li data-start=\"1556\" data-end=\"1580\">\n<p data-start=\"1558\" data-end=\"1580\">Zustand: Neu<\/p>\n<\/li>\n<li data-start=\"1581\" data-end=\"1628\">\n<p data-start=\"1583\" data-end=\"1628\">Montage: Selbstklebende Streifen im Lieferumfang enthalten<\/p>\n<\/li>\n<\/ul>\n<p data-start=\"1630\" data-end=\"1715\">Bitte \u00fcberpr\u00fcfen Sie vor dem Kauf die Kompatibilit\u00e4t mit Ihrem genauen Modell und Steckertyp.<\/p>\n","protected":false},"excerpt":{"rendered":"<p>Brandneuer 16&#8243; FHD+ (1920 x 1200) IPS matter LCD-Bildschirm f\u00fcr Asus Vivobook 16X F1603Z und M1603Q. Nicht ber\u00fchrungsempfindlicher 30-poliger (19 mm) Anschluss, mit selbstklebenden Streifen zur einfachen Installation im Lieferumfang enthalten.<\/p>\n","protected":false},"featured_media":17944,"template":"","meta":[],"product_brand":[],"product_cat":[116,95],"product_tag":[],"class_list":{"0":"post-17917","1":"product","2":"type-product","3":"status-publish","4":"has-post-thumbnail","6":"product_cat-116","7":"product_cat-new-laptop-screens-lcd-panels","9":"first","10":"instock","11":"taxable","12":"shipping-taxable","13":"purchasable","14":"product-type-simple"},"_links":{"self":[{"href":"https:\/\/boreait.com\/de\/wp-json\/wp\/v2\/product\/17917","targetHints":{"allow":["GET"]}}],"collection":[{"href":"https:\/\/boreait.com\/de\/wp-json\/wp\/v2\/product"}],"about":[{"href":"https:\/\/boreait.com\/de\/wp-json\/wp\/v2\/types\/product"}],"wp:featuredmedia":[{"embeddable":true,"href":"https:\/\/boreait.com\/de\/wp-json\/wp\/v2\/media\/17944"}],"wp:attachment":[{"href":"https:\/\/boreait.com\/de\/wp-json\/wp\/v2\/media?parent=17917"}],"wp:term":[{"taxonomy":"product_brand","embeddable":true,"href":"https:\/\/boreait.com\/de\/wp-json\/wp\/v2\/product_brand?post=17917"},{"taxonomy":"product_cat","embeddable":true,"href":"https:\/\/boreait.com\/de\/wp-json\/wp\/v2\/product_cat?post=17917"},{"taxonomy":"product_tag","embeddable":true,"href":"https:\/\/boreait.com\/de\/wp-json\/wp\/v2\/product_tag?post=17917"}],"curies":[{"name":"wp","href":"https:\/\/api.w.org\/{rel}","templated":true}]}}