{"id":17870,"date":"2025-09-16T14:55:44","date_gmt":"2025-09-16T12:55:44","guid":{"rendered":"https:\/\/boreait.com\/de\/?post_type=product&#038;p=17870"},"modified":"2026-02-09T11:58:48","modified_gmt":"2026-02-09T10:58:48","slug":"lcd-scharnierabdeckung-fuer-lenovo-ideapad-3-17are05-81w5-original-laptopteil","status":"publish","type":"product","link":"https:\/\/boreait.com\/de\/produkt\/lcd-scharnierabdeckung-fuer-lenovo-ideapad-3-17are05-81w5-original-laptopteil\/","title":{"rendered":"LCD-Scharnierabdeckung f\u00fcr Lenovo IdeaPad 3 17ARE05 81W5 | Original-Laptopteil"},"content":{"rendered":"<p data-start=\"578\" data-end=\"832\">Suchen Sie nach einem hochwertigen Ersatzteil f\u00fcr Ihr Lenovo IdeaPad 3? Diese <strong data-start=\"654\" data-end=\"673\">LCD-Scharnierabdeckung<\/strong> wurde speziell f\u00fcr das <strong data-start=\"707\" data-end=\"748\">Lenovo IdeaPad 3 17ARE05 (Modell 81W5)<\/strong> entwickelt und ist die perfekte L\u00f6sung, wenn Ihre vorhandene Scharnierabdeckung besch\u00e4digt, gesprungen oder fehlt.<\/p>\n<p data-start=\"834\" data-end=\"859\">\ud83d\udee0\ufe0f <strong data-start=\"838\" data-end=\"859\">Produktmerkmale:<\/strong><\/p>\n<ul data-start=\"860\" data-end=\"1209\">\n<li data-start=\"860\" data-end=\"931\">\n<p data-start=\"862\" data-end=\"931\">\u2705 <strong data-start=\"864\" data-end=\"887\">Original-Laptop-Ersatzteil<\/strong> \u2013 kein Ersatzprodukt oder Ersatzteil von Drittanbietern.<\/p>\n<\/li>\n<li data-start=\"932\" data-end=\"993\">\n<p data-start=\"934\" data-end=\"993\">\u2705 Nur kompatibel mit <strong data-start=\"952\" data-end=\"987\">Lenovo IdeaPad 3 17ARE05 (81W5)<\/strong>.<\/p>\n<\/li>\n<li data-start=\"994\" data-end=\"1052\">\n<p data-start=\"996\" data-end=\"1052\">\u2705 Sch\u00fctzt und verdeckt den Scharnierbereich des Bildschirms.<\/p>\n<\/li>\n<li data-start=\"1053\" data-end=\"1107\">\n<p data-start=\"1055\" data-end=\"1107\">\u2705 Robuste Kunststoffkonstruktion f\u00fcr lange Lebensdauer Passform.<\/p>\n<\/li>\n<li data-start=\"1108\" data-end=\"1163\">\n<p data-start=\"1110\" data-end=\"1163\">\u2705 <strong data-start=\"1112\" data-end=\"1127\">Echte Fotos<\/strong> \u2013 Sie erhalten genau das, was Sie sehen.<\/p>\n<\/li>\n<li data-start=\"1164\" data-end=\"1209\">\n<p data-start=\"1166\" data-end=\"1209\">\u2705 Sorgf\u00e4ltig gepr\u00fcft und einbaufertig.<\/p>\n<\/li>\n<\/ul>\n<p data-start=\"1211\" data-end=\"1470\">\ud83d\udca1 Dieses Teil ist ideal f\u00fcr Benutzer, die ihren Laptop zu Hause reparieren, oder f\u00fcr Techniker, die zuverl\u00e4ssige Laptop-Teile ben\u00f6tigen. Wir stellen zwar keine Installationsanleitungen zur Verf\u00fcgung, Sie k\u00f6nnen uns aber gerne eine Nachricht senden, wenn Sie Hilfe ben\u00f6tigen oder Fragen zur Kompatibilit\u00e4t haben.<\/p>\n<p data-start=\"1472\" data-end=\"1532\">\ud83d\uddfa\ufe0f <strong data-start=\"1476\" data-end=\"1532\">Versand aus Europa, weltweite Lieferung m\u00f6glich.<\/strong><\/p>\n<p data-start=\"1534\" data-end=\"1684\">Verleihen Sie Ihrem Laptop mit dieser Original-Scharnierabdeckung den urspr\u00fcnglichen Look \u2013 jetzt erh\u00e4ltlich bei <strong data-start=\"1619\" data-end=\"1633\">Siggmo<\/strong>, Ihrer zuverl\u00e4ssigen Quelle f\u00fcr hochwertige <strong data-start=\"1667\" data-end=\"1683\">Laptop-Teile<\/strong>.<\/p>\n","protected":false},"excerpt":{"rendered":"<p>Original LCD-Scharnierabdeckung f\u00fcr Lenovo IdeaPad 3 17ARE05 (81W5). Perfektes Ersatzteil f\u00fcr besch\u00e4digte oder fehlende Scharnierabdeckungen.<\/p>\n","protected":false},"featured_media":17933,"template":"","meta":[],"product_brand":[],"product_cat":[52],"product_tag":[62],"class_list":{"0":"post-17870","1":"product","2":"type-product","3":"status-publish","4":"has-post-thumbnail","6":"product_cat-laptop-housing","7":"product_tag-lenovo","9":"first","10":"instock","11":"taxable","12":"shipping-taxable","13":"purchasable","14":"product-type-simple"},"_links":{"self":[{"href":"https:\/\/boreait.com\/de\/wp-json\/wp\/v2\/product\/17870","targetHints":{"allow":["GET"]}}],"collection":[{"href":"https:\/\/boreait.com\/de\/wp-json\/wp\/v2\/product"}],"about":[{"href":"https:\/\/boreait.com\/de\/wp-json\/wp\/v2\/types\/product"}],"wp:featuredmedia":[{"embeddable":true,"href":"https:\/\/boreait.com\/de\/wp-json\/wp\/v2\/media\/17933"}],"wp:attachment":[{"href":"https:\/\/boreait.com\/de\/wp-json\/wp\/v2\/media?parent=17870"}],"wp:term":[{"taxonomy":"product_brand","embeddable":true,"href":"https:\/\/boreait.com\/de\/wp-json\/wp\/v2\/product_brand?post=17870"},{"taxonomy":"product_cat","embeddable":true,"href":"https:\/\/boreait.com\/de\/wp-json\/wp\/v2\/product_cat?post=17870"},{"taxonomy":"product_tag","embeddable":true,"href":"https:\/\/boreait.com\/de\/wp-json\/wp\/v2\/product_tag?post=17870"}],"curies":[{"name":"wp","href":"https:\/\/api.w.org\/{rel}","templated":true}]}}