{"id":17831,"date":"2025-09-16T14:53:57","date_gmt":"2025-09-16T12:53:57","guid":{"rendered":"https:\/\/boreait.com\/de\/?post_type=product&#038;p=17831"},"modified":"2026-02-09T11:11:36","modified_gmt":"2026-02-09T10:11:36","slug":"ibm-lenovo-thinkpad-r50e-modem-board-39t0061-fuer-x40-original-laptopteil","status":"publish","type":"product","link":"https:\/\/boreait.com\/de\/produkt\/ibm-lenovo-thinkpad-r50e-modem-board-39t0061-fuer-x40-original-laptopteil\/","title":{"rendered":"IBM Lenovo ThinkPad R50e Modem Board 39T0061 f\u00fcr X40 \u2013 Original-Laptopteil"},"content":{"rendered":"<p data-start=\"438\" data-end=\"737\">Suchen Sie nach einem zuverl\u00e4ssigen Ersatz f\u00fcr die Modemplatine Ihres Laptops? Diese <strong data-start=\"509\" data-end=\"580\">Original-Modemplatine IBM Lenovo ThinkPad R50e (Teilenummer: 39T0061)<\/strong> ist genau das, was Sie brauchen. Dieses Originalteil wurde speziell f\u00fcr die Modelle <strong data-start=\"633\" data-end=\"658\">ThinkPad X40 und R50e<\/strong> entwickelt und gew\u00e4hrleistet volle Kompatibilit\u00e4t und optimale Leistung.<\/p>\n<p data-start=\"739\" data-end=\"759\">\ud83d\udca1 <strong data-start=\"742\" data-end=\"759\">Hauptmerkmale:<\/strong><\/p>\n<ul data-start=\"760\" data-end=\"1068\">\n<li data-start=\"760\" data-end=\"787\">\n<p data-start=\"762\" data-end=\"787\"><strong data-start=\"762\" data-end=\"771\">Marke<\/strong>: IBM \/ Lenovo<\/p>\n<\/li>\n<li data-start=\"788\" data-end=\"835\">\n<p data-start=\"790\" data-end=\"835\"><strong data-start=\"790\" data-end=\"813\">Modellkompatibilit\u00e4t<\/strong>: ThinkPad R50e, X40<\/p>\n<\/li>\n<li data-start=\"836\" data-end=\"870\">\n<p data-start=\"838\" data-end=\"870\"><strong data-start=\"838\" data-end=\"859\">Teilenummer (P\/N)<\/strong>: 39T0061<\/p>\n<\/li>\n<li data-start=\"871\" data-end=\"905\">\n<p data-start=\"873\" data-end=\"905\"><strong data-start=\"873\" data-end=\"881\">Typ<\/strong>: Interne Modemkarte<\/p>\n<\/li>\n<li data-start=\"906\" data-end=\"959\">\n<p data-start=\"908\" data-end=\"959\"><strong data-start=\"908\" data-end=\"921\">Zustand<\/strong>: Gebraucht \u2013 vollst\u00e4ndig gepr\u00fcft und funktionsf\u00e4hig<\/p>\n<\/li>\n<li data-start=\"960\" data-end=\"1023\">\n<p data-start=\"962\" data-end=\"1023\"><strong data-start=\"962\" data-end=\"978\">Authentizit\u00e4t<\/strong>: 100 % Original, kein Klon oder Nachbau<\/p>\n<\/li>\n<li data-start=\"1024\" data-end=\"1068\">\n<p data-start=\"1026\" data-end=\"1068\"><strong data-start=\"1026\" data-end=\"1038\">Versand<\/strong>: Weltweiter Versand m\u00f6glich<\/p>\n<\/li>\n<\/ul>\n<p data-start=\"1070\" data-end=\"1213\">\ud83d\uddbc <strong data-start=\"1073\" data-end=\"1105\">Was Sie sehen, ist was Sie bekommen<\/strong>:<br data-start=\"1106\" data-end=\"1109\" \/>Alle Fotos in dieser Auflistung sind echte Bilder der tats\u00e4chlichen Modemplatine, die Sie erhalten \u2013 keine Archivbilder!<\/p>\n<p data-start=\"1215\" data-end=\"1369\">\ud83d\udce9 <strong data-start=\"1218\" data-end=\"1232\">Ben\u00f6tigen Sie Hilfe?<\/strong><br data-start=\"1232\" data-end=\"1235\" \/>Wir stellen zwar keine Installationsanleitungen zur Verf\u00fcgung, aber Sie k\u00f6nnen uns gerne eine Nachricht senden, wenn Sie Fragen zur Kompatibilit\u00e4t haben oder Hilfe ben\u00f6tigen.<\/p>\n<p data-start=\"1371\" data-end=\"1621\">\ud83d\udd27 Egal, ob Sie Ihr klassisches ThinkPad, dieses Teil ist eine gro\u00dfartige Wahl f\u00fcr Ihre <strong data-start=\"1484\" data-end=\"1500\">Laptop-Teile<\/strong>-Sammlung. Bestellen Sie noch heute bei <strong data-start=\"1530\" data-end=\"1544\">siggmo<\/strong>, Ihrer zuverl\u00e4ssigen Quelle f\u00fcr Original-Laptop-Komponenten in Europa und weltweit.<\/p>\n","protected":false},"excerpt":{"rendered":"<p>Original IBM ThinkPad R50e Modemplatine (P\/N: 39T0061), kompatibel mit X40. Vollst\u00e4ndig getestet und einbaufertig. Echte Fotos werden angezeigt.<\/p>\n","protected":false},"featured_media":17894,"template":"","meta":[],"product_brand":[],"product_cat":[63],"product_tag":[62],"class_list":{"0":"post-17831","1":"product","2":"type-product","3":"status-publish","4":"has-post-thumbnail","6":"product_cat-motherboards-board-parts","7":"product_tag-lenovo","9":"first","10":"instock","11":"taxable","12":"shipping-taxable","13":"purchasable","14":"product-type-simple"},"_links":{"self":[{"href":"https:\/\/boreait.com\/de\/wp-json\/wp\/v2\/product\/17831","targetHints":{"allow":["GET"]}}],"collection":[{"href":"https:\/\/boreait.com\/de\/wp-json\/wp\/v2\/product"}],"about":[{"href":"https:\/\/boreait.com\/de\/wp-json\/wp\/v2\/types\/product"}],"wp:featuredmedia":[{"embeddable":true,"href":"https:\/\/boreait.com\/de\/wp-json\/wp\/v2\/media\/17894"}],"wp:attachment":[{"href":"https:\/\/boreait.com\/de\/wp-json\/wp\/v2\/media?parent=17831"}],"wp:term":[{"taxonomy":"product_brand","embeddable":true,"href":"https:\/\/boreait.com\/de\/wp-json\/wp\/v2\/product_brand?post=17831"},{"taxonomy":"product_cat","embeddable":true,"href":"https:\/\/boreait.com\/de\/wp-json\/wp\/v2\/product_cat?post=17831"},{"taxonomy":"product_tag","embeddable":true,"href":"https:\/\/boreait.com\/de\/wp-json\/wp\/v2\/product_tag?post=17831"}],"curies":[{"name":"wp","href":"https:\/\/api.w.org\/{rel}","templated":true}]}}