{"id":17830,"date":"2025-09-16T14:53:57","date_gmt":"2025-09-16T12:53:57","guid":{"rendered":"https:\/\/boreait.com\/de\/?post_type=product&#038;p=17830"},"modified":"2025-09-16T14:56:43","modified_gmt":"2025-09-16T12:56:43","slug":"original-ibm-thinkpad-r50-r51-r52-interner-lautsprecher-39t0800-39t0901-laptop-teile","status":"publish","type":"product","link":"https:\/\/boreait.com\/de\/produkt\/original-ibm-thinkpad-r50-r51-r52-interner-lautsprecher-39t0800-39t0901-laptop-teile\/","title":{"rendered":"Original IBM ThinkPad R50 R51 R52 Interner Lautsprecher 39T0800 39T0901 \u2013 Laptop-Teile"},"content":{"rendered":"<p data-start=\"590\" data-end=\"750\">Stellen Sie den klaren, originalen Klang Ihres IBM ThinkPad-Laptops mit diesem <strong data-start=\"658\" data-end=\"688\">authentischen internen Lautsprecher<\/strong> wieder her, der mit den Modellen <strong data-start=\"710\" data-end=\"740\">ThinkPad R50, R51 und R52<\/strong> kompatibel ist.<\/p>\n<p data-start=\"752\" data-end=\"925\">Dieser Ersatzlautsprecher ist ein <strong data-start=\"782\" data-end=\"798\">Originalteil<\/strong> und entspricht dem werkseitig eingebauten Originalteil. Es passt perfekt in das interne Layout Ihres Laptops, ohne dass \u00c4nderungen erforderlich sind.<\/p>\n<ul data-start=\"927\" data-end=\"1306\">\n<li data-start=\"927\" data-end=\"982\">\n<p data-start=\"929\" data-end=\"982\"><strong data-start=\"929\" data-end=\"953\">Modellkompatibilit\u00e4t:<\/strong> IBM ThinkPad R50, R51, R52<\/p>\n<\/li>\n<li data-start=\"983\" data-end=\"1021\">\n<p data-start=\"985\" data-end=\"1021\"><strong data-start=\"985\" data-end=\"1002\">Teilenummern:<\/strong> 39T0800, 39T0901<\/p>\n<\/li>\n<li data-start=\"1022\" data-end=\"1071\">\n<p data-start=\"1024\" data-end=\"1071\"><strong data-start=\"1024\" data-end=\"1038\">Zustand:<\/strong> Gebraucht, vollst\u00e4ndig getestet und funktionsf\u00e4hig<\/p>\n<\/li>\n<li data-start=\"1072\" data-end=\"1163\">\n<p data-start=\"1074\" data-end=\"1163\"><strong data-start=\"1074\" data-end=\"1085\">Fotos:<\/strong> Was Sie sehen, ist genau das, was Sie bekommen \u2013 dies sind echte Bilder des Teils.<\/p>\n<\/li>\n<li data-start=\"1164\" data-end=\"1306\">\n<p data-start=\"1166\" data-end=\"1306\"><strong data-start=\"1166\" data-end=\"1178\">Support:<\/strong> W\u00e4hrend wir Wir liefern keine Installationsanleitung. Bei Fragen vor oder nach dem Kauf k\u00f6nnen Sie uns gerne eine Nachricht senden.<\/p>\n<\/li>\n<\/ul>\n<p data-start=\"1308\" data-end=\"1555\">Ob Sie einen ged\u00e4mpften Lautsprecher, verzerrten Klang oder die Restaurierung eines alten Laptops reparieren \u2013 dieses Teil hilft Ihnen, Ihr Ger\u00e4t wieder zum Leben zu erwecken. Es ist ideal f\u00fcr Werkst\u00e4tten, Heimwerker und alle, die hochwertige <strong data-start=\"1515\" data-end=\"1531\">Laptop-Teile<\/strong> in Europa oder weltweit suchen.<\/p>\n<p data-start=\"1557\" data-end=\"1696\">\u2714\ufe0f Schneller und sicherer Versand von unserem vertrauensw\u00fcrdigen Shop siggmom \u2013 Ihrer zuverl\u00e4ssigen Quelle f\u00fcr gepr\u00fcfte <strong data-start=\"1679\" data-end=\"1695\">Laptop-Teile<\/strong>.<\/p>\n","protected":false},"excerpt":{"rendered":"<p>Original interner Lautsprecher f\u00fcr IBM ThinkPad R50, R51 und R52 Laptops. Teilenummern 39T0800 und 39T0901. Echte Fotos werden gezeigt. Direkter Ersatz f\u00fcr defekte oder besch\u00e4digte interne Audiokomponenten.<\/p>\n","protected":false},"featured_media":17893,"template":"","meta":[],"product_brand":[],"product_cat":[54],"product_tag":[53],"class_list":{"0":"post-17830","1":"product","2":"type-product","3":"status-publish","4":"has-post-thumbnail","6":"product_cat-laptop-speakers","7":"product_tag-dell","9":"first","10":"instock","11":"taxable","12":"shipping-taxable","13":"purchasable","14":"product-type-simple"},"_links":{"self":[{"href":"https:\/\/boreait.com\/de\/wp-json\/wp\/v2\/product\/17830","targetHints":{"allow":["GET"]}}],"collection":[{"href":"https:\/\/boreait.com\/de\/wp-json\/wp\/v2\/product"}],"about":[{"href":"https:\/\/boreait.com\/de\/wp-json\/wp\/v2\/types\/product"}],"wp:featuredmedia":[{"embeddable":true,"href":"https:\/\/boreait.com\/de\/wp-json\/wp\/v2\/media\/17893"}],"wp:attachment":[{"href":"https:\/\/boreait.com\/de\/wp-json\/wp\/v2\/media?parent=17830"}],"wp:term":[{"taxonomy":"product_brand","embeddable":true,"href":"https:\/\/boreait.com\/de\/wp-json\/wp\/v2\/product_brand?post=17830"},{"taxonomy":"product_cat","embeddable":true,"href":"https:\/\/boreait.com\/de\/wp-json\/wp\/v2\/product_cat?post=17830"},{"taxonomy":"product_tag","embeddable":true,"href":"https:\/\/boreait.com\/de\/wp-json\/wp\/v2\/product_tag?post=17830"}],"curies":[{"name":"wp","href":"https:\/\/api.w.org\/{rel}","templated":true}]}}