{"id":17820,"date":"2025-09-16T14:53:31","date_gmt":"2025-09-16T12:53:31","guid":{"rendered":"https:\/\/boreait.com\/de\/?post_type=product&#038;p=17820"},"modified":"2025-09-16T14:56:22","modified_gmt":"2025-09-16T12:56:22","slug":"a1466-macbook-air-13-2014-lautsprecher-set-links-rechts-original-laptop-teile","status":"publish","type":"product","link":"https:\/\/boreait.com\/de\/produkt\/a1466-macbook-air-13-2014-lautsprecher-set-links-rechts-original-laptop-teile\/","title":{"rendered":"A1466 MacBook Air 13&#8243; 2014 Lautsprecher-Set links + rechts | Original-Laptop-Teile"},"content":{"rendered":"<p data-start=\"632\" data-end=\"902\">Stellen Sie den klaren, kristallklaren Klang Ihres MacBooks mit diesem <strong data-start=\"684\" data-end=\"708\">Original-Lautsprecherset<\/strong> f\u00fcr das <strong data-start=\"717\" data-end=\"749\">MacBook Air 13\u2033 (Anfang 2014)<\/strong> Modell <strong data-start=\"756\" data-end=\"765\">A1466<\/strong> wieder her. Dies sind die <strong data-start=\"781\" data-end=\"817\">internen linken und rechten Lautsprecher<\/strong>, die sorgf\u00e4ltig aus einem funktionierenden Ger\u00e4t ausgebaut und umfassend auf Qualit\u00e4t und Leistung gepr\u00fcft wurden.<\/p>\n<p data-start=\"904\" data-end=\"1098\">Ob Ihre aktuellen Lautsprecher verzerrt, stumm oder besch\u00e4digt sind \u2013 dieses Original-Apple-Teil ist der perfekte Ersatz, um das satte Klangerlebnis Ihres MacBook Air wiederherzustellen.<\/p>\n<h3 data-start=\"1100\" data-end=\"1125\">\u2705 Produkthighlights:<\/h3>\n<ul data-start=\"1126\" data-end=\"1619\">\n<li data-start=\"1126\" data-end=\"1200\">\n<p data-start=\"1128\" data-end=\"1200\"><strong data-start=\"1128\" data-end=\"1152\">Modellkompatibilit\u00e4t:<\/strong> MacBook Air 13 Zoll (Anfang 2014), Modell A1466<\/p>\n<\/li>\n<li data-start=\"1201\" data-end=\"1243\">\n<p data-start=\"1203\" data-end=\"1243\"><strong data-start=\"1203\" data-end=\"1216\">Inklusive:<\/strong> Linker + rechter Lautsprecher Set<\/p>\n<\/li>\n<li data-start=\"1244\" data-end=\"1326\">\n<p data-start=\"1246\" data-end=\"1326\"><strong data-start=\"1246\" data-end=\"1260\">Zustand:<\/strong> Gebraucht, aber voll funktionsf\u00e4hig \u2013 Fotos des Originalartikels liegen bei.<\/p>\n<\/li>\n<li data-start=\"1327\" data-end=\"1425\">\n<p data-start=\"1329\" data-end=\"1425\"><strong data-start=\"1329\" data-end=\"1346\">Montage:<\/strong> Professionelle Montage empfohlen \u2013 kontaktieren Sie uns gerne f\u00fcr weitere Informationen.<\/p>\n<\/li>\n<li data-start=\"1426\" data-end=\"1492\">\n<p data-start=\"1428\" data-end=\"1492\"><strong data-start=\"1428\" data-end=\"1441\">Versand:<\/strong> Wir versenden aus Europa und bieten weltweite Lieferung an.<\/p>\n<\/li>\n<li data-start=\"1493\" data-end=\"1619\">\n<p data-start=\"1495\" data-end=\"1619\"><strong data-start=\"1495\" data-end=\"1511\">Ideal f\u00fcr:<\/strong> Reparaturtechniker, Laptop-Aufbereiter und alle, die hochwertige <strong data-start=\"1585\" data-end=\"1601\">Laptop-Teile<\/strong> f\u00fcr Apple-Ger\u00e4te ben\u00f6tigen.<\/p>\n<\/li>\n<\/ul>\n<p data-start=\"1621\" data-end=\"1846\">Wenn Sie vertrauensw\u00fcrdige <strong data-start=\"1643\" data-end=\"1659\">Laptop-Teile<\/strong> suchen, handelt es sich um ein sauberes Original-Apple-Bauteil \u2013 keine Hier finden Sie g\u00fcnstige Ersatzteile. Sie erhalten genau das, was Sie auf den Fotos sehen. Ben\u00f6tigen Sie noch Hilfe? Schreiben Sie uns einfach jederzeit eine Nachricht.<\/p>\n","protected":false},"excerpt":{"rendered":"<p data-start=\"393\" data-end=\"551\">Originales internes Lautsprecherset links und rechts f\u00fcr MacBook Air A1466 (13 Zoll, Anfang 2014). Vollst\u00e4ndig getestet und funktionsf\u00e4hig, ideal zur Wiederherstellung der urspr\u00fcnglichen Klangqualit\u00e4t.<\/p>\n","protected":false},"featured_media":17884,"template":"","meta":[],"product_brand":[],"product_cat":[54],"product_tag":[87],"class_list":{"0":"post-17820","1":"product","2":"type-product","3":"status-publish","4":"has-post-thumbnail","6":"product_cat-laptop-speakers","7":"product_tag-apple","9":"first","10":"instock","11":"taxable","12":"shipping-taxable","13":"purchasable","14":"product-type-simple"},"_links":{"self":[{"href":"https:\/\/boreait.com\/de\/wp-json\/wp\/v2\/product\/17820","targetHints":{"allow":["GET"]}}],"collection":[{"href":"https:\/\/boreait.com\/de\/wp-json\/wp\/v2\/product"}],"about":[{"href":"https:\/\/boreait.com\/de\/wp-json\/wp\/v2\/types\/product"}],"wp:featuredmedia":[{"embeddable":true,"href":"https:\/\/boreait.com\/de\/wp-json\/wp\/v2\/media\/17884"}],"wp:attachment":[{"href":"https:\/\/boreait.com\/de\/wp-json\/wp\/v2\/media?parent=17820"}],"wp:term":[{"taxonomy":"product_brand","embeddable":true,"href":"https:\/\/boreait.com\/de\/wp-json\/wp\/v2\/product_brand?post=17820"},{"taxonomy":"product_cat","embeddable":true,"href":"https:\/\/boreait.com\/de\/wp-json\/wp\/v2\/product_cat?post=17820"},{"taxonomy":"product_tag","embeddable":true,"href":"https:\/\/boreait.com\/de\/wp-json\/wp\/v2\/product_tag?post=17820"}],"curies":[{"name":"wp","href":"https:\/\/api.w.org\/{rel}","templated":true}]}}