{"id":17798,"date":"2025-09-16T14:52:37","date_gmt":"2025-09-16T12:52:37","guid":{"rendered":"https:\/\/boreait.com\/de\/?post_type=product&#038;p=17798"},"modified":"2026-02-09T11:10:40","modified_gmt":"2026-02-09T10:10:40","slug":"rtl8822ce-wifi-bluetooth-5-0-ngff-karte-867mbps-fru-02hk703-fuer-lenovo-e460","status":"publish","type":"product","link":"https:\/\/boreait.com\/de\/produkt\/rtl8822ce-wifi-bluetooth-5-0-ngff-karte-867mbps-fru-02hk703-fuer-lenovo-e460\/","title":{"rendered":"RTL8822CE WiFi Bluetooth 5.0 NGFF-Karte 867Mbps FRU 02HK703 f\u00fcr Lenovo E460"},"content":{"rendered":"<p data-start=\"611\" data-end=\"849\">M\u00f6chten Sie die drahtlose Konnektivit\u00e4t Ihres Laptops ersetzen oder aktualisieren? Diese <strong data-start=\"683\" data-end=\"747\">Realtek RTL8822CE 802.11AC WLAN- und Bluetooth 5.0-Kombikarte<\/strong> ist ein echtes, leistungsstarkes <strong data-start=\"779\" data-end=\"794\">Laptop-Teil<\/strong>, das f\u00fcr die Lenovo ThinkPad-Modelle <strong data-start=\"831\" data-end=\"848\">E460 und E465<\/strong> entwickelt wurde.<\/p>\n<p data-start=\"851\" data-end=\"1170\">Mit Unterst\u00fctzung f\u00fcr <strong data-start=\"868\" data-end=\"902\">Dualband-WLAN (2,4 GHz + 5 GHz)<\/strong> und <strong data-start=\"907\" data-end=\"924\">Bluetooth 5.0<\/strong> bietet diese Karte Geschwindigkeiten von bis zu <strong data-start=\"958\" data-end=\"969\">867 Mbit\/s<\/strong> und Schnelle, stabile Internet- und drahtlose Peripheriekonnektivit\u00e4t. Es basiert auf der <strong data-start=\"1058\" data-end=\"1082\">NGFF (M.2)-Schnittstelle<\/strong> und tr\u00e4gt die Lenovo <strong data-start=\"1102\" data-end=\"1129\">FRU-Teilenummer 02HK703<\/strong>, was Kompatibilit\u00e4t und Zuverl\u00e4ssigkeit gew\u00e4hrleistet.<\/p>\n<p data-start=\"1172\" data-end=\"1295\">Ob Sie eine defekte Netzwerkkarte ersetzen oder f\u00fcr eine bessere Leistung aufr\u00fcsten m\u00f6chten, dieses Teil ist eine Plug-and-Play-L\u00f6sung.<\/p>\n<p data-start=\"1297\" data-end=\"1402\">\ud83d\udd27 <strong data-start=\"1300\" data-end=\"1308\">Hinweis<\/strong>: Installationsanweisungen sind nicht enthalten. Wenn Sie Hilfe ben\u00f6tigen, schreiben Sie uns gerne eine Nachricht.<\/p>\n<p data-start=\"1404\" data-end=\"1518\">\ud83d\udcf8 <strong data-start=\"1407\" data-end=\"1473\">Die gezeigten Fotos zeigen das genaue Teil, das Sie erhalten.<\/strong> Keine \u00dcberraschungen \u2013 was Sie sehen, ist das, was Sie bekommen.<\/p>\n<h3 data-start=\"1525\" data-end=\"1550\">\ud83d\udd11 Enthaltene Schl\u00fcsselw\u00f6rter:<\/h3>\n<ul data-start=\"1551\" data-end=\"1695\">\n<li data-start=\"1551\" data-end=\"1567\">\n<p data-start=\"1553\" data-end=\"1567\">Laptop-Teile<\/p>\n<\/li>\n<li data-start=\"1568\" data-end=\"1592\">\n<p data-start=\"1570\" data-end=\"1592\">WLAN-Karte f\u00fcr Lenovo<\/p>\n<\/li>\n<li data-start=\"1593\" data-end=\"1606\">\n<p data-start=\"1595\" data-end=\"1606\">RTL8822CE<\/p>\n<\/li>\n<li data-start=\"1607\" data-end=\"1638\">\n<p data-start=\"1609\" data-end=\"1638\">867 Mbit\/s WLAN-Bluetooth-Karte<\/p>\n<\/li>\n<li data-start=\"1639\" data-end=\"1672\">\n<p data-start=\"1641\" data-end=\"1672\">Lenovo E460 E465 Netzwerkkarte<\/p>\n<\/li>\n<li data-start=\"1673\" data-end=\"1695\">\n<p data-start=\"1675\" data-end=\"1695\">NGFF-WLAN-Karte<\/p>\n<\/li>\n<\/ul>\n","protected":false},"excerpt":{"rendered":"<p>Dualband-WLAN + Bluetooth 5.0 NGFF-Karte (FRU 02HK703) f\u00fcr Lenovo E460\/E465-Laptops. Unterst\u00fctzt bis zu 867 Mbit\/s WLAN-Geschwindigkeit. 100 % Original-Laptopteil \u2013 echte Fotos inklusive.<\/p>\n","protected":false},"featured_media":17862,"template":"","meta":[],"product_brand":[],"product_cat":[63],"product_tag":[62],"class_list":{"0":"post-17798","1":"product","2":"type-product","3":"status-publish","4":"has-post-thumbnail","6":"product_cat-motherboards-board-parts","7":"product_tag-lenovo","9":"first","10":"instock","11":"taxable","12":"shipping-taxable","13":"purchasable","14":"product-type-simple"},"_links":{"self":[{"href":"https:\/\/boreait.com\/de\/wp-json\/wp\/v2\/product\/17798","targetHints":{"allow":["GET"]}}],"collection":[{"href":"https:\/\/boreait.com\/de\/wp-json\/wp\/v2\/product"}],"about":[{"href":"https:\/\/boreait.com\/de\/wp-json\/wp\/v2\/types\/product"}],"wp:featuredmedia":[{"embeddable":true,"href":"https:\/\/boreait.com\/de\/wp-json\/wp\/v2\/media\/17862"}],"wp:attachment":[{"href":"https:\/\/boreait.com\/de\/wp-json\/wp\/v2\/media?parent=17798"}],"wp:term":[{"taxonomy":"product_brand","embeddable":true,"href":"https:\/\/boreait.com\/de\/wp-json\/wp\/v2\/product_brand?post=17798"},{"taxonomy":"product_cat","embeddable":true,"href":"https:\/\/boreait.com\/de\/wp-json\/wp\/v2\/product_cat?post=17798"},{"taxonomy":"product_tag","embeddable":true,"href":"https:\/\/boreait.com\/de\/wp-json\/wp\/v2\/product_tag?post=17798"}],"curies":[{"name":"wp","href":"https:\/\/api.w.org\/{rel}","templated":true}]}}