{"id":17777,"date":"2025-09-16T14:51:49","date_gmt":"2025-09-16T12:51:49","guid":{"rendered":"https:\/\/boreait.com\/de\/?post_type=product&#038;p=17777"},"modified":"2025-09-16T14:54:04","modified_gmt":"2025-09-16T12:54:04","slug":"dell-optiplex-390-790-990-23-mm-interner-lautsprecher-29mkk-original-laptopteil","status":"publish","type":"product","link":"https:\/\/boreait.com\/de\/produkt\/dell-optiplex-390-790-990-23-mm-interner-lautsprecher-29mkk-original-laptopteil\/","title":{"rendered":"Dell Optiplex 390 790 990 23 mm interner Lautsprecher 29MKK \u2013 Original-Laptopteil"},"content":{"rendered":"<p data-start=\"475\" data-end=\"838\">Suchen Sie nach einem zuverl\u00e4ssigen Ersatzlautsprecher f\u00fcr Ihren Dell-Desktop? Dieser <strong data-start=\"546\" data-end=\"599\">runde interne 23-mm-Lautsprecher von Dell (Teilenummer 29MKK)<\/strong> ist ein <strong data-start=\"605\" data-end=\"628\">Original-Laptopteil<\/strong>, kompatibel mit den Modellen <strong data-start=\"645\" data-end=\"675\">Optiplex 390, 790 und 990<\/strong>. Egal, ob Sie die Soundfunktion wiederherstellen oder eine defekte Komponente ersetzen m\u00f6chten, dieser Lautsprecher sorgt f\u00fcr eine saubere Audioausgabe und passt perfekt in Ihr System.<\/p>\n<p data-start=\"840\" data-end=\"860\">\ud83d\udee0 <strong data-start=\"843\" data-end=\"859\">Hauptmerkmale<\/strong>:<\/p>\n<ul data-start=\"861\" data-end=\"1240\">\n<li data-start=\"861\" data-end=\"912\">\n<p data-start=\"863\" data-end=\"912\">\u2714\ufe0f Original Dell interner Lautsprecher \u2013 Modell 29MKK<\/p>\n<\/li>\n<li data-start=\"913\" data-end=\"966\">\n<p data-start=\"915\" data-end=\"966\">\u2714\ufe0f 23 mm runde Form \u2013 getestet und vollst\u00e4ndig Funktional<\/p>\n<\/li>\n<li data-start=\"967\" data-end=\"1030\">\n<p data-start=\"969\" data-end=\"1030\">\u2714\ufe0f Kompatibel mit Dell Optiplex 390, 790 und 990 Desktops<\/p>\n<\/li>\n<li data-start=\"1031\" data-end=\"1088\">\n<p data-start=\"1033\" data-end=\"1088\">\u2714\ufe0f Ideal f\u00fcr die Audiowiederherstellung im B\u00fcro oder zu Hause<\/p>\n<\/li>\n<li data-start=\"1089\" data-end=\"1154\">\n<p data-start=\"1091\" data-end=\"1154\">\u2714\ufe0f Echte Produktbilder \u2013 was Sie sehen, ist genau das, was Sie bekommen<\/p>\n<\/li>\n<li data-start=\"1155\" data-end=\"1203\">\n<p data-start=\"1157\" data-end=\"1203\">\u2714\ufe0f Schneller Versand in ganz Europa und weltweit<\/p>\n<\/li>\n<li data-start=\"1204\" data-end=\"1240\">\n<p data-start=\"1206\" data-end=\"1240\">\u2714\ufe0f Brauchen Sie Hilfe? Senden Sie uns einfach eine Nachricht!<\/p>\n<\/li>\n<\/ul>\n<p data-start=\"1242\" data-end=\"1473\">Dieses Teil enth\u00e4lt <strong data-start=\"1257\" data-end=\"1298\">keine Installationsanleitung<\/strong>. Sollten Sie Hilfe ben\u00f6tigen, k\u00f6nnen Sie sich gerne direkt an uns wenden. Perfekt f\u00fcr IT-Techniker, Computerreparaturwerkst\u00e4tten und Heimwerker, die <strong data-start=\"1439\" data-end=\"1470\">Originalteile f\u00fcr Dell-Laptops<\/strong> suchen.<\/p>\n<p data-start=\"1475\" data-end=\"1577\">\u2705 Unsere Qualit\u00e4tskontrolle und die sichere Verpackung sorgen f\u00fcr eine problemlose Reparatur oder einen problemlosen Austausch.<\/p>\n","protected":false},"excerpt":{"rendered":"<p>Original Dell 23 mm interner runder Lautsprecher (29MKK), kompatibel mit Optiplex 390, 790 und 990. Fotos des Originalteils. Schneller weltweiter Versand aus Europa.<\/p>\n","protected":false},"featured_media":17835,"template":"","meta":[],"product_brand":[],"product_cat":[54],"product_tag":[53],"class_list":{"0":"post-17777","1":"product","2":"type-product","3":"status-publish","4":"has-post-thumbnail","6":"product_cat-laptop-speakers","7":"product_tag-dell","9":"first","10":"instock","11":"taxable","12":"shipping-taxable","13":"purchasable","14":"product-type-simple"},"_links":{"self":[{"href":"https:\/\/boreait.com\/de\/wp-json\/wp\/v2\/product\/17777","targetHints":{"allow":["GET"]}}],"collection":[{"href":"https:\/\/boreait.com\/de\/wp-json\/wp\/v2\/product"}],"about":[{"href":"https:\/\/boreait.com\/de\/wp-json\/wp\/v2\/types\/product"}],"wp:featuredmedia":[{"embeddable":true,"href":"https:\/\/boreait.com\/de\/wp-json\/wp\/v2\/media\/17835"}],"wp:attachment":[{"href":"https:\/\/boreait.com\/de\/wp-json\/wp\/v2\/media?parent=17777"}],"wp:term":[{"taxonomy":"product_brand","embeddable":true,"href":"https:\/\/boreait.com\/de\/wp-json\/wp\/v2\/product_brand?post=17777"},{"taxonomy":"product_cat","embeddable":true,"href":"https:\/\/boreait.com\/de\/wp-json\/wp\/v2\/product_cat?post=17777"},{"taxonomy":"product_tag","embeddable":true,"href":"https:\/\/boreait.com\/de\/wp-json\/wp\/v2\/product_tag?post=17777"}],"curies":[{"name":"wp","href":"https:\/\/api.w.org\/{rel}","templated":true}]}}