{"id":17722,"date":"2025-09-16T14:49:11","date_gmt":"2025-09-16T12:49:11","guid":{"rendered":"https:\/\/boreait.com\/de\/?post_type=product&#038;p=17722"},"modified":"2026-02-09T11:09:39","modified_gmt":"2026-02-09T10:09:39","slug":"wd3200bbpvt-320-gb-laptop-festplatte-hdd-25-zoll-sata-getestet-100-ok-laptop-teile","status":"publish","type":"product","link":"https:\/\/boreait.com\/de\/produkt\/wd3200bbpvt-320-gb-laptop-festplatte-hdd-25-zoll-sata-getestet-100-ok-laptop-teile\/","title":{"rendered":"WD3200BBPVT 320 GB Laptop-Festplatte HDD 2,5 Zoll SATA Getestet 100 % OK &#8211; Laptop-Teile"},"content":{"rendered":"<p data-start=\"621\" data-end=\"945\">Suchen Sie nach einer zuverl\u00e4ssigen Ersatzfestplatte f\u00fcr Ihren Laptop? Diese <strong data-start=\"689\" data-end=\"724\">WD3200BBPVT 320 GB SATA 2,5\u2033 HDD<\/strong> ist eine solide Wahl f\u00fcr Upgrades und Reparaturen. Als Teil unserer sorgf\u00e4ltig getesteten <strong data-start=\"806\" data-end=\"822\">Laptop-Teile<\/strong>-Kollektion bei <strong data-start=\"837\" data-end=\"851\">siggmo<\/strong> wurde dieses Laufwerk als <strong data-start=\"890\" data-end=\"905\">100 % funktionsf\u00e4hig<\/strong> ohne fehlerhafte Sektoren oder Firmware-Probleme verifiziert.<\/p>\n<p data-start=\"947\" data-end=\"1128\">Ob Sie einen alten Rechner reparieren oder zus\u00e4tzlichen Speicherplatz ben\u00f6tigen, dieses Western Digital-Laufwerk bietet stabile Leistung und ist mit den meisten Standard-Laptops kompatibel, die SATA-Laufwerke unterst\u00fctzen.<\/p>\n<h4 data-start=\"1130\" data-end=\"1150\">\u2705 Schl\u00fcssel Funktionen:<\/h4>\n<ul data-start=\"1151\" data-end=\"1422\">\n<li data-start=\"1151\" data-end=\"1175\">\n<p data-start=\"1153\" data-end=\"1175\">Modell: <strong data-start=\"1160\" data-end=\"1175\">WD3200BBPVT<\/strong><\/p>\n<\/li>\n<li data-start=\"1176\" data-end=\"1197\">\n<p data-start=\"1178\" data-end=\"1197\">Kapazit\u00e4t: <strong data-start=\"1188\" data-end=\"1197\">320 GB<\/strong><\/p>\n<\/li>\n<li data-start=\"1198\" data-end=\"1225\">\n<p data-start=\"1200\" data-end=\"1225\">Formfaktor: <strong data-start=\"1213\" data-end=\"1225\">2,5 Zoll<\/strong><\/p>\n<\/li>\n<li data-start=\"1226\" data-end=\"1247\">\n<p data-start=\"1228\" data-end=\"1247\">Schnittstelle: <strong data-start=\"1239\" data-end=\"1247\">SATA<\/strong><\/p>\n<\/li>\n<li data-start=\"1248\" data-end=\"1300\">\n<p data-start=\"1250\" data-end=\"1300\">Zustand: <strong data-start=\"1261\" data-end=\"1300\">Gebraucht, aber vollst\u00e4ndig getestet \u2013 100 % funktionsf\u00e4hig<\/strong><\/p>\n<\/li>\n<li data-start=\"1301\" data-end=\"1365\">\n<p data-start=\"1303\" data-end=\"1365\">Kompatibilit\u00e4t: Ideal f\u00fcr eine Vielzahl von Laptops und Notebooks<\/p>\n<\/li>\n<li data-start=\"1366\" data-end=\"1422\">\n<p data-start=\"1368\" data-end=\"1422\">Fotos: <strong data-start=\"1376\" data-end=\"1422\">Echte Fotos \u2013 was Sie sehen, ist, was Sie bekommen<\/strong><\/p>\n<\/li>\n<\/ul>\n<p data-start=\"1424\" data-end=\"1653\">Hinweis: Dieses Angebot umfasst nur die Festplatte. <strong data-start=\"1480\" data-end=\"1526\">Eine Installationsanleitung ist nicht enthalten<\/strong>. Sollten Sie jedoch Hilfe ben\u00f6tigen oder Fragen zur Kompatibilit\u00e4t haben, wenden Sie sich bitte an <strong data-start=\"1607\" data-end=\"1630\">Schreiben Sie uns direkt<\/strong> \u2013 wir helfen Ihnen gerne weiter.<\/p>\n","protected":false},"excerpt":{"rendered":"<p>Zuverl\u00e4ssige 320 GB WD Laptop-Festplatte (WD3200BBPVT), vollst\u00e4ndig getestet und 100 % funktionsf\u00e4hig. Ideal f\u00fcr Laptop-Reparaturen oder -Upgrades. Echte Fotos \u2013 Sie erhalten genau das, was Sie sehen.<\/p>\n","protected":false},"featured_media":17788,"template":"","meta":[],"product_brand":[],"product_cat":[85,67],"product_tag":[],"class_list":{"0":"post-17722","1":"product","2":"type-product","3":"status-publish","4":"has-post-thumbnail","6":"product_cat-2-5-hdd","7":"product_cat-ssd-hdd-drives","9":"first","10":"instock","11":"taxable","12":"shipping-taxable","13":"purchasable","14":"product-type-simple"},"_links":{"self":[{"href":"https:\/\/boreait.com\/de\/wp-json\/wp\/v2\/product\/17722","targetHints":{"allow":["GET"]}}],"collection":[{"href":"https:\/\/boreait.com\/de\/wp-json\/wp\/v2\/product"}],"about":[{"href":"https:\/\/boreait.com\/de\/wp-json\/wp\/v2\/types\/product"}],"wp:featuredmedia":[{"embeddable":true,"href":"https:\/\/boreait.com\/de\/wp-json\/wp\/v2\/media\/17788"}],"wp:attachment":[{"href":"https:\/\/boreait.com\/de\/wp-json\/wp\/v2\/media?parent=17722"}],"wp:term":[{"taxonomy":"product_brand","embeddable":true,"href":"https:\/\/boreait.com\/de\/wp-json\/wp\/v2\/product_brand?post=17722"},{"taxonomy":"product_cat","embeddable":true,"href":"https:\/\/boreait.com\/de\/wp-json\/wp\/v2\/product_cat?post=17722"},{"taxonomy":"product_tag","embeddable":true,"href":"https:\/\/boreait.com\/de\/wp-json\/wp\/v2\/product_tag?post=17722"}],"curies":[{"name":"wp","href":"https:\/\/api.w.org\/{rel}","templated":true}]}}