{"id":17721,"date":"2025-09-16T14:49:11","date_gmt":"2025-09-16T12:49:11","guid":{"rendered":"https:\/\/boreait.com\/de\/?post_type=product&#038;p=17721"},"modified":"2026-02-09T11:09:20","modified_gmt":"2026-02-09T10:09:20","slug":"hp-470-g2-pk09000d410-fingerabdruckleserplatine-original-laptopteil","status":"publish","type":"product","link":"https:\/\/boreait.com\/de\/produkt\/hp-470-g2-pk09000d410-fingerabdruckleserplatine-original-laptopteil\/","title":{"rendered":"HP 470 G2 PK09000D410 Fingerabdruckleserplatine | Original-Laptopteil"},"content":{"rendered":"<p data-start=\"562\" data-end=\"924\">Aktualisieren oder restaurieren Sie Ihren HP 470 G2 Laptop mit dieser <strong data-start=\"613\" data-end=\"650\">Original-Fingerabdruckleserplatine<\/strong> \u2013 Teilenummer <strong data-start=\"665\" data-end=\"680\">PK09000D410<\/strong>. Dies ist ein <strong data-start=\"692\" data-end=\"724\">echtes, gebrauchtes HP Laptopteil<\/strong>, fachm\u00e4nnisch ausgebaut und getestet, um volle Funktionalit\u00e4t zu gew\u00e4hrleisten. Egal, ob Sie Ihren Laptop reparieren oder ein defektes biometrisches Modul austauschen, diese Platine bietet perfekte Passform und zuverl\u00e4ssige Leistung.<\/p>\n<p data-start=\"926\" data-end=\"1286\">\ud83d\udd39 <strong data-start=\"929\" data-end=\"950\">Kompatibles Modell:<\/strong> HP 470 G2<br data-start=\"960\" data-end=\"963\" \/>\ud83d\udd39 <strong data-start=\"966\" data-end=\"982\">Teilenummer:<\/strong> PK09000D410<br data-start=\"994\" data-end=\"997\" \/>\ud83d\udd39 <strong data-start=\"1000\" data-end=\"1013\">Funktion:<\/strong> Fingerabdrucksensormodul (biometrische Sicherheit)<br data-start=\"1060\" data-end=\"1063\" \/>\ud83d\udd39 <strong data-start=\"1066\" data-end=\"1080\">Zustand:<\/strong> Gebraucht, getestet, funktioniert<br data-start=\"1102\" data-end=\"1105\" \/>\ud83d\udd39 <strong data-start=\"1108\" data-end=\"1119\">Herkunft:<\/strong> Original HP-Teil<br data-start=\"1135\" data-end=\"1138\" \/>\ud83d\udd39 <strong data-start=\"1141\" data-end=\"1152\" data-is-only-node=\"\">Fotos:<\/strong> Was Sie sehen, ist was Sie bekommen \u2013 aktuelle Artikelfotos enthalten<br data-start=\"1211\" data-end=\"1214\" \/>\ud83d\udd39 <strong data-start=\"1217\" data-end=\"1229\">Support:<\/strong> Ben\u00f6tigen Sie Hilfe bei der Feststellung der Kompatibilit\u00e4t? Schreiben Sie uns jederzeit.<\/p>\n<p data-start=\"1288\" data-end=\"1538\">Dies ist die perfekte Wahl f\u00fcr Reparaturwerkst\u00e4tten, IT-Experten oder Privatanwender, die zuverl\u00e4ssig <strong data-start=\"1381\" data-end=\"1397\">Laptop-Teile<\/strong> suchen. Obwohl keine Installationsanleitung enthalten ist, kontaktieren Sie uns gerne, wenn Sie weitere Hilfe ben\u00f6tigen \u2013 wir unterst\u00fctzen Sie gerne!<\/p>\n","protected":false},"excerpt":{"rendered":"<p data-start=\"395\" data-end=\"510\">Originale Fingerabdruckleserplatine PK09000D410 f\u00fcr HP 470 G2 Laptop. Vollst\u00e4ndig getestet, echte Fotos. Zuverl\u00e4ssiges Laptop-Teil.<\/p>\n","protected":false},"featured_media":17783,"template":"","meta":[],"product_brand":[],"product_cat":[63],"product_tag":[61],"class_list":{"0":"post-17721","1":"product","2":"type-product","3":"status-publish","4":"has-post-thumbnail","6":"product_cat-motherboards-board-parts","7":"product_tag-hp","9":"first","10":"instock","11":"taxable","12":"shipping-taxable","13":"purchasable","14":"product-type-simple"},"_links":{"self":[{"href":"https:\/\/boreait.com\/de\/wp-json\/wp\/v2\/product\/17721","targetHints":{"allow":["GET"]}}],"collection":[{"href":"https:\/\/boreait.com\/de\/wp-json\/wp\/v2\/product"}],"about":[{"href":"https:\/\/boreait.com\/de\/wp-json\/wp\/v2\/types\/product"}],"wp:featuredmedia":[{"embeddable":true,"href":"https:\/\/boreait.com\/de\/wp-json\/wp\/v2\/media\/17783"}],"wp:attachment":[{"href":"https:\/\/boreait.com\/de\/wp-json\/wp\/v2\/media?parent=17721"}],"wp:term":[{"taxonomy":"product_brand","embeddable":true,"href":"https:\/\/boreait.com\/de\/wp-json\/wp\/v2\/product_brand?post=17721"},{"taxonomy":"product_cat","embeddable":true,"href":"https:\/\/boreait.com\/de\/wp-json\/wp\/v2\/product_cat?post=17721"},{"taxonomy":"product_tag","embeddable":true,"href":"https:\/\/boreait.com\/de\/wp-json\/wp\/v2\/product_tag?post=17721"}],"curies":[{"name":"wp","href":"https:\/\/api.w.org\/{rel}","templated":true}]}}