{"id":17692,"date":"2025-09-16T14:48:17","date_gmt":"2025-09-16T12:48:17","guid":{"rendered":"https:\/\/boreait.com\/de\/?post_type=product&#038;p=17692"},"modified":"2025-09-16T14:50:53","modified_gmt":"2025-09-16T12:50:53","slug":"hp-probook-470-g2-kuehlkoerper-cpu-luefter-77433-001-original-laptop-teile","status":"publish","type":"product","link":"https:\/\/boreait.com\/de\/produkt\/hp-probook-470-g2-kuehlkoerper-cpu-luefter-77433-001-original-laptop-teile\/","title":{"rendered":"HP ProBook 470 G2 K\u00fchlk\u00f6rper &#038; CPU-L\u00fcfter 77433-001 | Original-Laptop-Teile"},"content":{"rendered":"<p data-start=\"646\" data-end=\"1000\">Sorgen Sie mit dieser originalen K\u00fchlk\u00f6rper- und CPU-L\u00fcfterbaugruppe, Teilenummer <strong data-start=\"766\" data-end=\"779\">77433-001<\/strong>, daf\u00fcr, dass Ihr HP ProBook 470 G2-Laptop k\u00fchl und leise l\u00e4uft. Dieses komplette K\u00fchlmodul wurde speziell f\u00fcr die <strong data-start=\"811\" data-end=\"839\">HP ProBook 470 G2-Serie<\/strong> entwickelt und sorgt f\u00fcr optimale W\u00e4rmeleistung und verhindert \u00dcberhitzung \u2013 eine h\u00e4ufige Ursache f\u00fcr Leistungseinbu\u00dfen und Hardwaresch\u00e4den.<\/p>\n<p data-start=\"1002\" data-end=\"1142\">Ob Sie einen defekten L\u00fcfter austauschen oder einen gebrauchten Laptop restaurieren m\u00f6chten \u2013 dieses Teil bietet die perfekte L\u00f6sung f\u00fcr Techniker und Heimwerker.<\/p>\n<p data-start=\"1144\" data-end=\"1172\">\ud83d\udd27 <strong data-start=\"1147\" data-end=\"1169\">Produkthighlights<\/strong>:<\/p>\n<ul data-start=\"1173\" data-end=\"1469\">\n<li data-start=\"1173\" data-end=\"1229\">\n<p data-start=\"1175\" data-end=\"1229\">Kompatibel mit Laptops der <strong data-start=\"1191\" data-end=\"1219\">HP ProBook 470 G2-Serie<\/strong><\/p>\n<\/li>\n<li data-start=\"1230\" data-end=\"1285\">\n<p data-start=\"1232\" data-end=\"1285\">Inklusive <strong data-start=\"1246\" data-end=\"1257\">CPU-L\u00fcfter<\/strong> und <strong data-start=\"1262\" data-end=\"1283\">K\u00fchlk\u00f6rper<\/strong><\/p>\n<\/li>\n<li data-start=\"1286\" data-end=\"1316\">\n<p data-start=\"1288\" data-end=\"1316\">Teilenummer: <strong data-start=\"1301\" data-end=\"1314\">77433-001<\/strong><\/p>\n<\/li>\n<li data-start=\"1317\" data-end=\"1371\">\n<p data-start=\"1319\" data-end=\"1371\">100 % original und gepr\u00fcft, aus funktionierenden Einheiten ausgebaut<\/p>\n<\/li>\n<li data-start=\"1372\" data-end=\"1434\">\n<p data-start=\"1374\" data-end=\"1434\">Echte Produktfotos \u2013 was Sie sehen, ist genau das, was Sie bekommen<\/p>\n<\/li>\n<li data-start=\"1435\" data-end=\"1469\">\n<p data-start=\"1437\" data-end=\"1469\">Weltweiter Versand aus Europa<\/p>\n<\/li>\n<\/ul>\n<p data-start=\"1471\" data-end=\"1624\">\ud83e\uddf0 Hinweis: Wir stellen <strong data-start=\"1493\" data-end=\"1534\">keine Installationsanleitungen<\/strong> zur Verf\u00fcgung, helfen Ihnen aber gerne weiter \u2013 senden Sie uns einfach eine Nachricht, wenn Sie Hilfe ben\u00f6tigen oder Fragen haben.<\/p>\n<p data-start=\"1626\" data-end=\"1767\">Dies ist ein hochwertiges <strong data-start=\"1649\" data-end=\"1664\">Laptop-Teil<\/strong>, ideal f\u00fcr Techniker, Refurbisher oder Laptop-Nutzer, die die Lebensdauer ihres HP-Ger\u00e4ts verl\u00e4ngern m\u00f6chten.<\/p>\n","protected":false},"excerpt":{"rendered":"<p>Original HP ProBook 470 G2-K\u00fchlsystem mit K\u00fchlk\u00f6rper und CPU-L\u00fcfter (77433-001). Ideal zum Beheben von \u00dcberhitzungsproblemen oder zur Wiederherstellung der W\u00e4rmeleistung.<\/p>\n","protected":false},"featured_media":17757,"template":"","meta":[],"product_brand":[],"product_cat":[69],"product_tag":[61],"class_list":{"0":"post-17692","1":"product","2":"type-product","3":"status-publish","4":"has-post-thumbnail","6":"product_cat-cpu-fans-heatsinks","7":"product_tag-hp","9":"first","10":"instock","11":"taxable","12":"shipping-taxable","13":"purchasable","14":"product-type-simple"},"_links":{"self":[{"href":"https:\/\/boreait.com\/de\/wp-json\/wp\/v2\/product\/17692","targetHints":{"allow":["GET"]}}],"collection":[{"href":"https:\/\/boreait.com\/de\/wp-json\/wp\/v2\/product"}],"about":[{"href":"https:\/\/boreait.com\/de\/wp-json\/wp\/v2\/types\/product"}],"wp:featuredmedia":[{"embeddable":true,"href":"https:\/\/boreait.com\/de\/wp-json\/wp\/v2\/media\/17757"}],"wp:attachment":[{"href":"https:\/\/boreait.com\/de\/wp-json\/wp\/v2\/media?parent=17692"}],"wp:term":[{"taxonomy":"product_brand","embeddable":true,"href":"https:\/\/boreait.com\/de\/wp-json\/wp\/v2\/product_brand?post=17692"},{"taxonomy":"product_cat","embeddable":true,"href":"https:\/\/boreait.com\/de\/wp-json\/wp\/v2\/product_cat?post=17692"},{"taxonomy":"product_tag","embeddable":true,"href":"https:\/\/boreait.com\/de\/wp-json\/wp\/v2\/product_tag?post=17692"}],"curies":[{"name":"wp","href":"https:\/\/api.w.org\/{rel}","templated":true}]}}