{"id":17678,"date":"2025-09-16T14:47:52","date_gmt":"2025-09-16T12:47:52","guid":{"rendered":"https:\/\/boreait.com\/de\/?post_type=product&#038;p=17678"},"modified":"2025-09-16T14:49:50","modified_gmt":"2025-09-16T12:49:50","slug":"hp-probook-470-g2-lcd-bildschirm-n173fge-l13-173-1600-x-900-hd-laptop-display","status":"publish","type":"product","link":"https:\/\/boreait.com\/de\/produkt\/hp-probook-470-g2-lcd-bildschirm-n173fge-l13-173-1600-x-900-hd-laptop-display\/","title":{"rendered":"HP ProBook 470 G2 LCD-Bildschirm N173FGE-L13 17,3 1600 \u00d7 900 HD+ Laptop-Display"},"content":{"rendered":"<p data-start=\"602\" data-end=\"903\">Aktualisieren oder reparieren Sie Ihr HP ProBook 470 G2 mit diesem originalen <strong data-start=\"661\" data-end=\"721\">17,3-Zoll-HD+-LCD-Ersatzbildschirm (Modell N173FGE-L13)<\/strong>. Dieses hochwertige <strong data-start=\"741\" data-end=\"767\">TFT-LCD-Laptop-Display<\/strong> bietet eine gestochen scharfe <strong data-start=\"783\" data-end=\"806\">Aufl\u00f6sung von 1600 x 900 Pixeln<\/strong> und eine <strong data-start=\"811\" data-end=\"833\">Helligkeit von 220 cd\/m\u00b2<\/strong> \u2013 perfekt f\u00fcr allt\u00e4gliche Produktivit\u00e4t, Multimedia-Nutzung und B\u00fcroaufgaben.<\/p>\n<p data-start=\"905\" data-end=\"1177\">Dieser Bildschirm ist ideal f\u00fcr alle, die aufgrund von Rissen, defekter Hintergrundbeleuchtung, toten Pixeln oder anderen Bildschirmsch\u00e4den einen zuverl\u00e4ssigen Ersatz ben\u00f6tigen. Als Teil unserer sorgf\u00e4ltig ausgew\u00e4hlten <strong data-start=\"1072\" data-end=\"1099\">Laptop-Ersatzteilkollektion<\/strong> ist dieses Panel <strong data-start=\"1115\" data-end=\"1176\">speziell mit der HP ProBook 470 G2-Serie kompatibel<\/strong>.<\/p>\n<h3 data-start=\"1179\" data-end=\"1196\">Hauptmerkmale:<\/h3>\n<ul data-start=\"1197\" data-end=\"1480\">\n<li data-start=\"1197\" data-end=\"1223\">\n<p data-start=\"1199\" data-end=\"1223\"><strong data-start=\"1199\" data-end=\"1209\">Modell:<\/strong> N173FGE-L13<\/p>\n<\/li>\n<li data-start=\"1224\" data-end=\"1249\">\n<p data-start=\"1226\" data-end=\"1249\"><strong data-start=\"1226\" data-end=\"1235\">Gr\u00f6\u00dfe:<\/strong> 17,3 Zoll<\/p>\n<\/li>\n<li data-start=\"1250\" data-end=\"1282\">\n<p data-start=\"1252\" data-end=\"1282\"><strong data-start=\"1252\" data-end=\"1267\">Aufl\u00f6sung:<\/strong> HD+ 1600\u00d7900<\/p>\n<\/li>\n<li data-start=\"1283\" data-end=\"1311\">\n<p data-start=\"1285\" data-end=\"1311\"><strong data-start=\"1285\" data-end=\"1300\">Helligkeit:<\/strong> 220 Nits<\/p>\n<\/li>\n<li data-start=\"1312\" data-end=\"1339\">\n<p data-start=\"1314\" data-end=\"1339\"><strong data-start=\"1314\" data-end=\"1329\">Paneltyp:<\/strong> TFT-LCD<\/p>\n<\/li>\n<li data-start=\"1340\" data-end=\"1390\">\n<p data-start=\"1342\" data-end=\"1390\"><strong data-start=\"1342\" data-end=\"1356\">Zustand:<\/strong> Gebraucht \/ ausgebaut<\/p>\n<\/li>\n<li data-start=\"1391\" data-end=\"1480\">\n<p data-start=\"1393\" data-end=\"1480\"><strong data-start=\"1393\" data-end=\"1404\">Fotos:<\/strong> Was Sie sehen, ist genau das, was Sie bekommen \u2013 <strong data-start=\"1444\" data-end=\"1459\">echte Bilder<\/strong> des tats\u00e4chlichen Bildschirms<\/p>\n<\/li>\n<\/ul>\n<p data-start=\"1482\" data-end=\"1614\">Wenn Sie sich bez\u00fcglich der Kompatibilit\u00e4t nicht sicher sind oder Fragen haben, k\u00f6nnen Sie sich vor dem Kauf gerne <strong data-start=\"1551\" data-end=\"1574\">direkt an uns wenden<\/strong>. Wir helfen Ihnen gerne weiter.<\/p>\n<blockquote data-start=\"1616\" data-end=\"1766\">\n<p data-start=\"1618\" data-end=\"1766\">Bitte beachten Sie: Wir <strong data-start=\"1634\" data-end=\"1678\">stellen keine Installationsanleitungen zur Verf\u00fcgung<\/strong>, stehen Ihnen aber jederzeit f\u00fcr Fragen und Beratung vor oder nach dem Kauf zur Verf\u00fcgung.<\/p>\n<\/blockquote>\n","protected":false},"excerpt":{"rendered":"<p>Ersatz-LCD-Bildschirm (17,3 Zoll, HD+, N173FGE-L13) f\u00fcr HP ProBook 470 G2. Aufl\u00f6sung 1600 x 900, Helligkeit 220 Nits. Echte Produktfotos.<\/p>\n","protected":false},"featured_media":17736,"template":"","meta":[],"product_brand":[],"product_cat":[114,57],"product_tag":[],"class_list":{"0":"post-17678","1":"product","2":"type-product","3":"status-publish","4":"has-post-thumbnail","6":"product_cat-17-3-laptop-screens-lcd-panels","7":"product_cat-laptop-screens-lcd-panels","9":"first","10":"instock","11":"taxable","12":"shipping-taxable","13":"purchasable","14":"product-type-simple"},"_links":{"self":[{"href":"https:\/\/boreait.com\/de\/wp-json\/wp\/v2\/product\/17678","targetHints":{"allow":["GET"]}}],"collection":[{"href":"https:\/\/boreait.com\/de\/wp-json\/wp\/v2\/product"}],"about":[{"href":"https:\/\/boreait.com\/de\/wp-json\/wp\/v2\/types\/product"}],"wp:featuredmedia":[{"embeddable":true,"href":"https:\/\/boreait.com\/de\/wp-json\/wp\/v2\/media\/17736"}],"wp:attachment":[{"href":"https:\/\/boreait.com\/de\/wp-json\/wp\/v2\/media?parent=17678"}],"wp:term":[{"taxonomy":"product_brand","embeddable":true,"href":"https:\/\/boreait.com\/de\/wp-json\/wp\/v2\/product_brand?post=17678"},{"taxonomy":"product_cat","embeddable":true,"href":"https:\/\/boreait.com\/de\/wp-json\/wp\/v2\/product_cat?post=17678"},{"taxonomy":"product_tag","embeddable":true,"href":"https:\/\/boreait.com\/de\/wp-json\/wp\/v2\/product_tag?post=17678"}],"curies":[{"name":"wp","href":"https:\/\/api.w.org\/{rel}","templated":true}]}}