{"id":17649,"date":"2025-09-16T14:46:31","date_gmt":"2025-09-16T12:46:31","guid":{"rendered":"https:\/\/boreait.com\/de\/?post_type=product&#038;p=17649"},"modified":"2025-09-16T14:48:49","modified_gmt":"2025-09-16T12:48:49","slug":"dell-latitude-rugged-e7214-eckgummi-original-laptopteil-schutzstossstange-eu-verkaeufer-2","status":"publish","type":"product","link":"https:\/\/boreait.com\/de\/produkt\/dell-latitude-rugged-e7214-eckgummi-original-laptopteil-schutzstossstange-eu-verkaeufer-2\/","title":{"rendered":"DELL Latitude Rugged E7214 Eckgummi \u2013 Original-Laptopteil \u2013 Schutzsto\u00dfstange \u2013 EU-Verk\u00e4ufer"},"content":{"rendered":"<p class=\"\" data-start=\"744\" data-end=\"890\">Halten Sie Ihr Dell Latitude Rugged E7214 mit diesem originalen Eckgummi in Topform \u2013 ein wichtiger Bestandteil des \u00e4u\u00dferen Schutzsystems Ihres Laptops.<\/p>\n<p class=\"\" data-start=\"892\" data-end=\"1201\">Dieser originale Dell <strong data-start=\"910\" data-end=\"927\">Eckgummi<\/strong> wurde speziell f\u00fcr das <strong data-start=\"961\" data-end=\"986\">Latitude Rugged E7214<\/strong> entwickelt und tr\u00e4gt dazu bei, seine sto\u00dffeste und robuste Bauweise zu erhalten. Egal, ob Ihr vorhandener Gummipuffer abgenutzt, verloren oder besch\u00e4digt ist \u2013 dieses Ersatzteil sch\u00fctzt Ihr Ger\u00e4t vor allt\u00e4glichen St\u00f6\u00dfen und St\u00fcrzen.<\/p>\n<p class=\"\" data-start=\"1203\" data-end=\"1422\">\ud83d\udd27 <strong data-start=\"1206\" data-end=\"1215\">Hinweis:<\/strong> Dieses Angebot enth\u00e4lt <strong data-start=\"1238\" data-end=\"1267\">einen originalen Eckgummi<\/strong>, wie auf den Produktfotos zu sehen. Eine Montageanleitung ist nicht enthalten. Sollten Sie jedoch Hilfe ben\u00f6tigen oder Fragen haben, k\u00f6nnen Sie uns jederzeit eine Nachricht senden.<\/p>\n<p class=\"\" data-start=\"1424\" data-end=\"1516\">\ud83c\udf0d Versand aus Europa \u2013 wir beliefern Kunden weltweit mit hochwertigen, gepr\u00fcften <strong data-start=\"1499\" data-end=\"1515\">Laptop-Teilen<\/strong>.<\/p>\n","protected":false},"excerpt":{"rendered":"<p>Original-Eckgummi f\u00fcr das Dell Latitude Rugged E7214. Ideal zum Ersetzen besch\u00e4digter Sto\u00dff\u00e4nger und zum Schutz Ihres robusten Laptops.<\/p>\n","protected":false},"featured_media":17710,"template":"","meta":[],"product_brand":[],"product_cat":[52],"product_tag":[],"class_list":{"0":"post-17649","1":"product","2":"type-product","3":"status-publish","4":"has-post-thumbnail","6":"product_cat-laptop-housing","8":"first","9":"instock","10":"taxable","11":"shipping-taxable","12":"purchasable","13":"product-type-simple"},"_links":{"self":[{"href":"https:\/\/boreait.com\/de\/wp-json\/wp\/v2\/product\/17649","targetHints":{"allow":["GET"]}}],"collection":[{"href":"https:\/\/boreait.com\/de\/wp-json\/wp\/v2\/product"}],"about":[{"href":"https:\/\/boreait.com\/de\/wp-json\/wp\/v2\/types\/product"}],"wp:featuredmedia":[{"embeddable":true,"href":"https:\/\/boreait.com\/de\/wp-json\/wp\/v2\/media\/17710"}],"wp:attachment":[{"href":"https:\/\/boreait.com\/de\/wp-json\/wp\/v2\/media?parent=17649"}],"wp:term":[{"taxonomy":"product_brand","embeddable":true,"href":"https:\/\/boreait.com\/de\/wp-json\/wp\/v2\/product_brand?post=17649"},{"taxonomy":"product_cat","embeddable":true,"href":"https:\/\/boreait.com\/de\/wp-json\/wp\/v2\/product_cat?post=17649"},{"taxonomy":"product_tag","embeddable":true,"href":"https:\/\/boreait.com\/de\/wp-json\/wp\/v2\/product_tag?post=17649"}],"curies":[{"name":"wp","href":"https:\/\/api.w.org\/{rel}","templated":true}]}}