{"id":17638,"date":"2025-09-16T14:46:05","date_gmt":"2025-09-16T12:46:05","guid":{"rendered":"https:\/\/boreait.com\/de\/?post_type=product&#038;p=17638"},"modified":"2025-09-16T14:48:32","modified_gmt":"2025-09-16T12:48:32","slug":"ladeanschluss-dc-power-jack-kabel-ersatz-fuer-dell-latitude-14-rugged-e7214-laptop-teile","status":"publish","type":"product","link":"https:\/\/boreait.com\/de\/produkt\/ladeanschluss-dc-power-jack-kabel-ersatz-fuer-dell-latitude-14-rugged-e7214-laptop-teile\/","title":{"rendered":"Ladeanschluss DC Power Jack Kabel Ersatz f\u00fcr Dell Latitude 14 Rugged E7214 Laptop Teile"},"content":{"rendered":"<p class=\"\" data-start=\"615\" data-end=\"872\">L\u00e4dt Ihr Dell Latitude 14 Rugged E7214 Laptop nicht richtig? Das Problem k\u00f6nnte eine defekte DC-Strombuchse sein. Dieses <strong data-start=\"731\" data-end=\"780\">Ersatzkabel f\u00fcr die DC-Strombuchse des Ladeanschlusses<\/strong> ist die perfekte L\u00f6sung, um die Stromverbindung Ihres Laptops wiederherzustellen und seine Lebensdauer zu verl\u00e4ngern.<\/p>\n<p class=\"\" data-start=\"874\" data-end=\"1177\">Dieses speziell f\u00fcr das <strong data-start=\"904\" data-end=\"937\">Dell Latitude 14 Rugged E7214<\/strong> entwickelte Ersatzteil ist einfach zu installieren und gew\u00e4hrleistet sowohl Reparaturprofis als auch Heimwerkern ein reibungsloses Erlebnis. Die hochwertige Verarbeitung garantiert eine langlebige Verbindung, sodass Sie Ihren Laptop ohne Unterbrechungen laden k\u00f6nnen.<\/p>\n<p class=\"\" data-start=\"1179\" data-end=\"1196\"><strong data-start=\"1179\" data-end=\"1196\">Hauptmerkmale:<\/strong><\/p>\n<ul data-start=\"1197\" data-end=\"1630\">\n<li class=\"\" data-start=\"1197\" data-end=\"1288\">\n<p class=\"\" data-start=\"1199\" data-end=\"1288\"><strong data-start=\"1199\" data-end=\"1217\">Kompatibilit\u00e4t:<\/strong> Perfekt f\u00fcr das Dell Latitude 14 Rugged E7214 Laptop-Modell.<\/p>\n<\/li>\n<li class=\"\" data-start=\"1289\" data-end=\"1378\">\n<p class=\"\" data-start=\"1291\" data-end=\"1378\"><strong data-start=\"1291\" data-end=\"1320\">Hochwertiger Ersatz:<\/strong> Robuste Konstruktion f\u00fcr eine langlebige Stromverbindung.<\/p>\n<\/li>\n<li class=\"\" data-start=\"1379\" data-end=\"1517\">\n<p class=\"\" data-start=\"1381\" data-end=\"1517\"><strong data-start=\"1381\" data-end=\"1403\">Einfache Installation:<\/strong> Der Austausch der Strombuchse ist unkompliziert. Sollten Sie dennoch Hilfe ben\u00f6tigen, wenden Sie sich gerne an uns \u2013 ich helfe Ihnen gerne!<\/p>\n<\/li>\n<li class=\"\" data-start=\"1518\" data-end=\"1630\">\n<p class=\"\" data-start=\"1520\" data-end=\"1630\"><strong data-start=\"1520\" data-end=\"1536\">Echte Fotos:<\/strong> Die Fotos in der Auflistung zeigen das tats\u00e4chliche Produkt, sodass Sie genau wissen, was Sie erhalten.<\/p>\n<\/li>\n<\/ul>\n<p class=\"\" data-start=\"1632\" data-end=\"1783\"><strong data-start=\"1632\" data-end=\"1641\">Hinweis:<\/strong> Es liegt keine Anleitung f\u00fcr den Austausch bei. Ich stehe Ihnen jedoch f\u00fcr Fragen und zus\u00e4tzliche Unterst\u00fctzung bei der Installation zur Verf\u00fcgung.<\/p>\n<p class=\"\" data-start=\"1785\" data-end=\"2053\">Ob Sie Techniker sind oder einen Laptop besitzen und eine schnelle L\u00f6sung ben\u00f6tigen \u2013 mit diesem <strong data-start=\"1857\" data-end=\"1885\">Laptop-Ersatzteil<\/strong> ist Ihr Dell Latitude 14 Rugged E7214 im Handumdrehen wieder einsatzbereit. Lassen Sie sich nicht durch einen defekten Ladeanschluss ausbremsen \u2013 bestellen Sie noch heute eine zuverl\u00e4ssige, kosteng\u00fcnstige L\u00f6sung!<\/p>\n","protected":false},"excerpt":{"rendered":"<p>Ersetzen Sie Ihren besch\u00e4digten oder defekten Ladeanschluss durch dieses hochwertige DC-Stromkabel, das speziell f\u00fcr das Dell Latitude 14 Rugged E7214 entwickelt wurde. Dieses Ersatzteil stellt die volle Funktionalit\u00e4t Ihres Laptops wieder her und sorgt f\u00fcr eine zuverl\u00e4ssige Stromversorgung. Es ist originalgetreu, langlebig und einfach zu installieren. Es wird mit Fotos des tats\u00e4chlichen Produkts geliefert, das Sie erhalten.<\/p>\n","protected":false},"featured_media":17697,"template":"","meta":[],"product_brand":[],"product_cat":[56],"product_tag":[53],"class_list":{"0":"post-17638","1":"product","2":"type-product","3":"status-publish","4":"has-post-thumbnail","6":"product_cat-cables","7":"product_tag-dell","9":"first","10":"instock","11":"taxable","12":"shipping-taxable","13":"purchasable","14":"product-type-simple"},"_links":{"self":[{"href":"https:\/\/boreait.com\/de\/wp-json\/wp\/v2\/product\/17638","targetHints":{"allow":["GET"]}}],"collection":[{"href":"https:\/\/boreait.com\/de\/wp-json\/wp\/v2\/product"}],"about":[{"href":"https:\/\/boreait.com\/de\/wp-json\/wp\/v2\/types\/product"}],"wp:featuredmedia":[{"embeddable":true,"href":"https:\/\/boreait.com\/de\/wp-json\/wp\/v2\/media\/17697"}],"wp:attachment":[{"href":"https:\/\/boreait.com\/de\/wp-json\/wp\/v2\/media?parent=17638"}],"wp:term":[{"taxonomy":"product_brand","embeddable":true,"href":"https:\/\/boreait.com\/de\/wp-json\/wp\/v2\/product_brand?post=17638"},{"taxonomy":"product_cat","embeddable":true,"href":"https:\/\/boreait.com\/de\/wp-json\/wp\/v2\/product_cat?post=17638"},{"taxonomy":"product_tag","embeddable":true,"href":"https:\/\/boreait.com\/de\/wp-json\/wp\/v2\/product_tag?post=17638"}],"curies":[{"name":"wp","href":"https:\/\/api.w.org\/{rel}","templated":true}]}}