{"id":17628,"date":"2025-09-16T14:45:37","date_gmt":"2025-09-16T12:45:37","guid":{"rendered":"https:\/\/boreait.com\/de\/?post_type=product&#038;p=17628"},"modified":"2025-09-16T14:48:08","modified_gmt":"2025-09-16T12:48:08","slug":"robuster-cover-schutz-fuer-dell-latitude-e7214-originalteil-laptop-schutz-2","status":"publish","type":"product","link":"https:\/\/boreait.com\/de\/produkt\/robuster-cover-schutz-fuer-dell-latitude-e7214-originalteil-laptop-schutz-2\/","title":{"rendered":"Robuster Cover-Schutz f\u00fcr DELL Latitude E7214 \u2013 Originalteil, Laptop-Schutz"},"content":{"rendered":"<p class=\"\" data-start=\"634\" data-end=\"983\">Suchen Sie nach einem zuverl\u00e4ssigen Ersatz oder Upgrade f\u00fcr Ihr Dell Latitude Rugged E7214? Diese <strong data-start=\"722\" data-end=\"750\">Original-Schutzh\u00fclle<\/strong> ist die perfekte L\u00f6sung, um die robuste Schutzfunktion Ihres Laptops wiederherzustellen oder zu verst\u00e4rken. Es wurde speziell f\u00fcr die <strong data-start=\"859\" data-end=\"889\">Dell Latitude E7214-Serie<\/strong> entwickelt und bietet einen festen, sicheren Sitz und die gleiche Haltbarkeit wie das Originalteil.<\/p>\n<p class=\"\" data-start=\"985\" data-end=\"1163\">Ob Ihr aktuelles Cover Risse, Kratzer oder gar Sch\u00e4den aufweist, dieses Teil tr\u00e4gt dazu bei, die Robustheit Ihres Ger\u00e4ts zu erhalten \u2013 perfekt f\u00fcr den privaten und professionellen Gebrauch.<\/p>\n<p class=\"\" data-start=\"1165\" data-end=\"1184\">\u2705 <strong data-start=\"1167\" data-end=\"1183\">Hauptmerkmale<\/strong>:<\/p>\n<ul data-start=\"1185\" data-end=\"1475\">\n<li class=\"\" data-start=\"1185\" data-end=\"1236\">\n<p class=\"\" data-start=\"1187\" data-end=\"1236\">Original <strong data-start=\"1195\" data-end=\"1210\">Laptop-Ersatzteil<\/strong> f\u00fcr Dell Latitude E7214<\/p>\n<\/li>\n<li class=\"\" data-start=\"1237\" data-end=\"1284\">\n<p class=\"\" data-start=\"1239\" data-end=\"1284\">Speziell f\u00fcr die <strong data-start=\"1265\" data-end=\"1282\">Rugged-Serie<\/strong><\/p>\n<\/li>\n<li class=\"\" data-start=\"1285\" data-end=\"1344\">\n<p class=\"\" data-start=\"1287\" data-end=\"1344\">Robuste Konstruktion \u2013 f\u00fcr h\u00e4rteste Bedingungen ausgelegt<\/p>\n<\/li>\n<li class=\"\" data-start=\"1345\" data-end=\"1411\">\n<p class=\"\" data-start=\"1347\" data-end=\"1411\">Einfache Installation mit Standardwerkzeugen (keine Anleitung im Lieferumfang enthalten)<\/p>\n<\/li>\n<li class=\"\" data-start=\"1412\" data-end=\"1475\">\n<p class=\"\" data-start=\"1414\" data-end=\"1475\">Echte Produktfotos \u2013 Sie erhalten genau das, was abgebildet ist<\/p>\n<\/li>\n<\/ul>\n<p class=\"\" data-start=\"1477\" data-end=\"1720\">Dieses Angebot ist ideal f\u00fcr Kunden in Europa und weltweit, die Wert auf <strong data-start=\"1547\" data-end=\"1576\">hochwertige Laptop-Teile<\/strong> und unkomplizierte, vertrauensw\u00fcrdige Verk\u00e4ufer legen. Wenn Sie weitere Hilfe ben\u00f6tigen, um herauszufinden, ob dies das richtige Teil f\u00fcr Ihr Ger\u00e4t ist, schreiben Sie uns gerne eine Nachricht.<\/p>\n<p class=\"\" data-start=\"1722\" data-end=\"1837\">\ud83d\udce6 <strong data-start=\"1725\" data-end=\"1733\">Hinweis<\/strong>: Die Fotos in der Auflistung zeigen den tats\u00e4chlichen Artikel, den Sie erhalten. Handb\u00fccher oder Installationsanleitungen sind nicht enthalten.<\/p>\n","protected":false},"excerpt":{"rendered":"<p>Original-Schutzh\u00fclle f\u00fcr Dell Latitude Rugged E7214. Ideal zum Ersetzen abgenutzter oder besch\u00e4digter Teile und zum Schutz Ihres Laptops. Echte Fotos \u2013 was Sie sehen, ist, was Sie bekommen.<\/p>\n","protected":false},"featured_media":17685,"template":"","meta":[],"product_brand":[],"product_cat":[52],"product_tag":[53],"class_list":{"0":"post-17628","1":"product","2":"type-product","3":"status-publish","4":"has-post-thumbnail","6":"product_cat-laptop-housing","7":"product_tag-dell","9":"first","10":"instock","11":"taxable","12":"shipping-taxable","13":"purchasable","14":"product-type-simple"},"_links":{"self":[{"href":"https:\/\/boreait.com\/de\/wp-json\/wp\/v2\/product\/17628","targetHints":{"allow":["GET"]}}],"collection":[{"href":"https:\/\/boreait.com\/de\/wp-json\/wp\/v2\/product"}],"about":[{"href":"https:\/\/boreait.com\/de\/wp-json\/wp\/v2\/types\/product"}],"wp:featuredmedia":[{"embeddable":true,"href":"https:\/\/boreait.com\/de\/wp-json\/wp\/v2\/media\/17685"}],"wp:attachment":[{"href":"https:\/\/boreait.com\/de\/wp-json\/wp\/v2\/media?parent=17628"}],"wp:term":[{"taxonomy":"product_brand","embeddable":true,"href":"https:\/\/boreait.com\/de\/wp-json\/wp\/v2\/product_brand?post=17628"},{"taxonomy":"product_cat","embeddable":true,"href":"https:\/\/boreait.com\/de\/wp-json\/wp\/v2\/product_cat?post=17628"},{"taxonomy":"product_tag","embeddable":true,"href":"https:\/\/boreait.com\/de\/wp-json\/wp\/v2\/product_tag?post=17628"}],"curies":[{"name":"wp","href":"https:\/\/api.w.org\/{rel}","templated":true}]}}