{"id":17587,"date":"2025-09-16T14:43:41","date_gmt":"2025-09-16T12:43:41","guid":{"rendered":"https:\/\/boreait.com\/de\/?post_type=product&#038;p=17587"},"modified":"2025-09-16T14:46:26","modified_gmt":"2025-09-16T12:46:26","slug":"robuster-m-2-ssd-festplatten-caddy-fuer-dell-latitude-7214-7204-original-laptopteil","status":"publish","type":"product","link":"https:\/\/boreait.com\/de\/produkt\/robuster-m-2-ssd-festplatten-caddy-fuer-dell-latitude-7214-7204-original-laptopteil\/","title":{"rendered":"Robuster M.2-SSD-Festplatten-Caddy f\u00fcr DELL Latitude 7214 7204 \u2013 Original-Laptopteil"},"content":{"rendered":"<p class=\"\" data-start=\"514\" data-end=\"801\">Erweitern oder ersetzen Sie den Speicher Ihres Dell Rugged Laptops mit diesem <strong data-start=\"577\" data-end=\"619\">originalen DELL M.2 SSD-Festplatten-Caddy<\/strong>, kompatibel mit der <strong data-start=\"637\" data-end=\"677\">Latitude 7214 und 7204 Rugged-Serie<\/strong>. Dies ist ein <strong data-start=\"689\" data-end=\"712\">Original-Laptop-Teil<\/strong>, sorgf\u00e4ltig ausgebaut, getestet und fotografiert, um sicherzustellen, dass Sie genau das erhalten, was Sie sehen.<\/p>\n<p class=\"\" data-start=\"803\" data-end=\"1112\">Dieser Caddy ist ideal f\u00fcr Benutzer, die ein <strong data-start=\"852\" data-end=\"869\">M.2 SSD-Laufwerk<\/strong> in ihrem robusten Dell Laptop installieren oder ersetzen m\u00f6chten. Er sorgt f\u00fcr einen sicheren und festen Sitz f\u00fcr optimale Leistung. Egal, ob Sie eine Flotte robuster Laptops warten oder einfach nur die volle Funktionalit\u00e4t eines Laptops wiederherstellen m\u00f6chten \u2013 diese Festplattenhalterung ist eine zuverl\u00e4ssige L\u00f6sung.<\/p>\n<p class=\"\" data-start=\"1114\" data-end=\"1420\">Wir sind spezialisiert auf <strong data-start=\"1131\" data-end=\"1147\">Laptop-Teile<\/strong> und liefern europa- und weltweit. Dieses Angebot enth\u00e4lt <strong data-start=\"1211\" data-end=\"1234\">echte Produktfotos<\/strong>, keine Archivbilder \u2013 damit Sie genau wissen, was Sie bekommen. Bitte beachten: <strong data-start=\"1307\" data-end=\"1352\">Es liegen keine Installationsanweisungen bei<\/strong>. Wir helfen Ihnen aber gerne weiter \u2013 senden Sie uns einfach eine Nachricht.<\/p>\n<hr class=\"\" data-start=\"1422\" data-end=\"1425\" \/>\n<p class=\"\" data-start=\"1427\" data-end=\"1446\"><strong data-start=\"1427\" data-end=\"1446\">\u2714 Hauptmerkmale:<\/strong><\/p>\n<ul data-start=\"1447\" data-end=\"1694\">\n<li class=\"\" data-start=\"1447\" data-end=\"1485\">\n<p class=\"\" data-start=\"1449\" data-end=\"1485\">Originalteil von Dell \u2013 kein Aftermarket-Teil<\/p>\n<\/li>\n<li class=\"\" data-start=\"1486\" data-end=\"1546\">\n<p class=\"\" data-start=\"1488\" data-end=\"1546\">Kompatibel mit Dell Latitude <strong data-start=\"1518\" data-end=\"1526\">7214<\/strong> und <strong data-start=\"1531\" data-end=\"1546\">7204 Rugged<\/strong><\/p>\n<\/li>\n<li class=\"\" data-start=\"1547\" data-end=\"1582\">\n<p class=\"\" data-start=\"1549\" data-end=\"1582\">Unterst\u00fctzt <strong data-start=\"1558\" data-end=\"1582\">M.2-SSD-Installation<\/strong><\/p>\n<\/li>\n<li class=\"\" data-start=\"1583\" data-end=\"1618\">\n<p class=\"\" data-start=\"1585\" data-end=\"1618\">Professionell behandelt und gepr\u00fcft<\/p>\n<\/li>\n<li class=\"\" data-start=\"1619\" data-end=\"1646\">\n<p class=\"\" data-start=\"1621\" data-end=\"1646\">Echte Artikelfotos enthalten<\/p>\n<\/li>\n<li class=\"\" data-start=\"1647\" data-end=\"1694\">\n<p class=\"\" data-start=\"1649\" data-end=\"1694\">Versand aus Europa \u2013 weltweiter Versand m\u00f6glich<\/p>\n<\/li>\n<\/ul>\n","protected":false},"excerpt":{"rendered":"<p class=\"\" data-start=\"280\" data-end=\"442\">Original Dell M.2 SSD-Festplatten-Caddy f\u00fcr Latitude 7214 und 7204 Rugged Laptops. Perfekte Passform, getestet und sofort einsatzbereit. Echte Fotos \u2013 was Sie sehen, ist, was Sie bekommen.<\/p>\n","protected":false},"featured_media":17644,"template":"","meta":[],"product_brand":[],"product_cat":[52],"product_tag":[53],"class_list":{"0":"post-17587","1":"product","2":"type-product","3":"status-publish","4":"has-post-thumbnail","6":"product_cat-laptop-housing","7":"product_tag-dell","9":"first","10":"instock","11":"taxable","12":"shipping-taxable","13":"purchasable","14":"product-type-simple"},"_links":{"self":[{"href":"https:\/\/boreait.com\/de\/wp-json\/wp\/v2\/product\/17587","targetHints":{"allow":["GET"]}}],"collection":[{"href":"https:\/\/boreait.com\/de\/wp-json\/wp\/v2\/product"}],"about":[{"href":"https:\/\/boreait.com\/de\/wp-json\/wp\/v2\/types\/product"}],"wp:featuredmedia":[{"embeddable":true,"href":"https:\/\/boreait.com\/de\/wp-json\/wp\/v2\/media\/17644"}],"wp:attachment":[{"href":"https:\/\/boreait.com\/de\/wp-json\/wp\/v2\/media?parent=17587"}],"wp:term":[{"taxonomy":"product_brand","embeddable":true,"href":"https:\/\/boreait.com\/de\/wp-json\/wp\/v2\/product_brand?post=17587"},{"taxonomy":"product_cat","embeddable":true,"href":"https:\/\/boreait.com\/de\/wp-json\/wp\/v2\/product_cat?post=17587"},{"taxonomy":"product_tag","embeddable":true,"href":"https:\/\/boreait.com\/de\/wp-json\/wp\/v2\/product_tag?post=17587"}],"curies":[{"name":"wp","href":"https:\/\/api.w.org\/{rel}","templated":true}]}}