{"id":17577,"date":"2025-09-16T14:43:14","date_gmt":"2025-09-16T12:43:14","guid":{"rendered":"https:\/\/boreait.com\/de\/?post_type=product&#038;p=17577"},"modified":"2025-09-16T14:46:10","modified_gmt":"2025-09-16T12:46:10","slug":"dell-latitude-rugged-e7204-eckgummi-original-laptopteil-4","status":"publish","type":"product","link":"https:\/\/boreait.com\/de\/produkt\/dell-latitude-rugged-e7204-eckgummi-original-laptopteil-4\/","title":{"rendered":"DELL Latitude Rugged E7204 Eckgummi \u2013 Original-Laptopteil"},"content":{"rendered":"<p class=\"\" data-start=\"604\" data-end=\"892\">Stellen Sie den urspr\u00fcnglichen Schutz und das robuste Design Ihres DELL Latitude Rugged E7204 mit diesem originalen <strong data-start=\"707\" data-end=\"736\">Eckgummi<\/strong> wieder her. Dieses kleine, aber wichtige <strong data-start=\"759\" data-end=\"774\">Laptop-Teil<\/strong> sorgt daf\u00fcr, dass Ihr Ger\u00e4t auch bei starker Beanspruchung sto\u00dffest und intakt bleibt. Es wurde speziell f\u00fcr anspruchsvolle Umgebungen entwickelt.<\/p>\n<p class=\"\" data-start=\"894\" data-end=\"1171\">Dies ist ein <strong data-start=\"904\" data-end=\"936\">echter, originaler Eckgummi<\/strong> aus einem funktionierenden Ger\u00e4t \u2013 kein Nachbau. Ideal zum Ersetzen abgenutzter, besch\u00e4digter oder fehlender Eckensch\u00fctzer.<br data-start=\"1047\" data-end=\"1050\" \/>Egal, ob Sie Ihren Laptop \u00fcberholen oder ihm einfach wieder ein komplettes Aussehen verleihen m\u00f6chten \u2013 dieser Ersatz passt perfekt.<\/p>\n<p class=\"\" data-start=\"1173\" data-end=\"1198\">\ud83d\udce6 <strong data-start=\"1176\" data-end=\"1196\">Lieferumfang:<\/strong><\/p>\n<ul data-start=\"1199\" data-end=\"1382\">\n<li class=\"\" data-start=\"1199\" data-end=\"1250\">\n<p class=\"\" data-start=\"1201\" data-end=\"1250\">1x Eckengummi f\u00fcr DELL Latitude Rugged E7204<\/p>\n<\/li>\n<li class=\"\" data-start=\"1251\" data-end=\"1293\">\n<p class=\"\" data-start=\"1253\" data-end=\"1293\">Zustand: Gebraucht, in ausgezeichnetem Zustand<\/p>\n<\/li>\n<li class=\"\" data-start=\"1294\" data-end=\"1382\">\n<p class=\"\" data-start=\"1296\" data-end=\"1382\">Die Fotos in der Auflistung sind <strong data-start=\"1322\" data-end=\"1337\">echte Fotos<\/strong> des Artikels, den Sie erhalten \u2013 keine \u00dcberraschungen.<\/p>\n<\/li>\n<\/ul>\n<p class=\"\" data-start=\"1384\" data-end=\"1510\">\ud83d\udccc <strong data-start=\"1387\" data-end=\"1396\">Hinweis:<\/strong> Diese Auflistung enth\u00e4lt keine Installationsanleitung. Wenn Sie Hilfe ben\u00f6tigen, k\u00f6nnen Sie uns jederzeit eine Nachricht senden.<\/p>\n<p class=\"\" data-start=\"1512\" data-end=\"1679\">\ud83d\udca1 Dies ist eines von vielen <strong data-start=\"1535\" data-end=\"1551\">Laptop-Teilen<\/strong>, die wir f\u00fcr DELL und andere Marken anbieten. Wir versenden aus Europa, beliefern Kunden jedoch <strong data-start=\"1632\" data-end=\"1645\">weltweit<\/strong> mit Sendungsverfolgung und sicherem Versand.<\/p>\n","protected":false},"excerpt":{"rendered":"<p>Original Eckgummi f\u00fcr DELL Latitude Rugged E7204. Passgenauer Ersatz f\u00fcr Ihr robustes Notebook. Echte Fotos \u2013 was Sie sehen, ist, was Sie bekommen!<\/p>\n","protected":false},"featured_media":17641,"template":"","meta":[],"product_brand":[],"product_cat":[52],"product_tag":[53],"class_list":{"0":"post-17577","1":"product","2":"type-product","3":"status-publish","4":"has-post-thumbnail","6":"product_cat-laptop-housing","7":"product_tag-dell","9":"first","10":"instock","11":"taxable","12":"shipping-taxable","13":"purchasable","14":"product-type-simple"},"_links":{"self":[{"href":"https:\/\/boreait.com\/de\/wp-json\/wp\/v2\/product\/17577","targetHints":{"allow":["GET"]}}],"collection":[{"href":"https:\/\/boreait.com\/de\/wp-json\/wp\/v2\/product"}],"about":[{"href":"https:\/\/boreait.com\/de\/wp-json\/wp\/v2\/types\/product"}],"wp:featuredmedia":[{"embeddable":true,"href":"https:\/\/boreait.com\/de\/wp-json\/wp\/v2\/media\/17641"}],"wp:attachment":[{"href":"https:\/\/boreait.com\/de\/wp-json\/wp\/v2\/media?parent=17577"}],"wp:term":[{"taxonomy":"product_brand","embeddable":true,"href":"https:\/\/boreait.com\/de\/wp-json\/wp\/v2\/product_brand?post=17577"},{"taxonomy":"product_cat","embeddable":true,"href":"https:\/\/boreait.com\/de\/wp-json\/wp\/v2\/product_cat?post=17577"},{"taxonomy":"product_tag","embeddable":true,"href":"https:\/\/boreait.com\/de\/wp-json\/wp\/v2\/product_tag?post=17577"}],"curies":[{"name":"wp","href":"https:\/\/api.w.org\/{rel}","templated":true}]}}