{"id":17548,"date":"2025-09-16T14:40:51","date_gmt":"2025-09-16T12:40:51","guid":{"rendered":"https:\/\/boreait.com\/de\/?post_type=product&#038;p=17548"},"modified":"2025-09-16T14:44:28","modified_gmt":"2025-09-16T12:44:28","slug":"dell-latitude-12-rugged-tablet-7202-rueckkameraabdeckung-original-laptopteil","status":"publish","type":"product","link":"https:\/\/boreait.com\/de\/produkt\/dell-latitude-12-rugged-tablet-7202-rueckkameraabdeckung-original-laptopteil\/","title":{"rendered":"Dell Latitude 12 Rugged Tablet 7202 R\u00fcckkameraabdeckung \u2013 Original-Laptopteil"},"content":{"rendered":"<p class=\"\" data-start=\"576\" data-end=\"892\">Stellen Sie die volle Funktionalit\u00e4t Ihres Dell Latitude 12 Rugged Tablet 7202 mit dieser <strong data-start=\"661\" data-end=\"690\">Original-R\u00fcckkameraabdeckung<\/strong> wieder her \u2013 ein unverzichtbares <strong data-start=\"705\" data-end=\"720\">Laptop-Teil<\/strong> f\u00fcr alle, die ihr robustes Ger\u00e4t reparieren oder vervollst\u00e4ndigen m\u00f6chten. Dieses <strong data-start=\"788\" data-end=\"817\">Original-Ersatzteil<\/strong> ist ideal, wenn Ihre vorhandene Kameraabdeckung fehlt, besch\u00e4digt oder abgenutzt ist.<\/p>\n<p class=\"\" data-start=\"894\" data-end=\"1120\">Diese Kameraabdeckung wurde speziell f\u00fcr das robuste Dell Latitude 12 7202 Tablet entwickelt und bietet pr\u00e4zise Passform und Haltbarkeit. So bleibt die R\u00fcckkamera Ihres Tablets vor Staub, St\u00f6\u00dfen und anderen \u00e4u\u00dferen Einfl\u00fcssen gesch\u00fctzt.<\/p>\n<p class=\"\" data-start=\"1122\" data-end=\"1232\">Dies ist ein <strong data-start=\"1132\" data-end=\"1165\">echtes Foto des Teils<\/strong>, das Sie erhalten \u2013 keine Archivbilder. Sie erhalten genau das, was abgebildet ist.<\/p>\n<p class=\"\" data-start=\"1234\" data-end=\"1254\">\ud83d\udce6 <strong data-start=\"1237\" data-end=\"1254\">Hauptmerkmale:<\/strong><\/p>\n<ul data-start=\"1255\" data-end=\"1544\">\n<li class=\"\" data-start=\"1255\" data-end=\"1318\">\n<p class=\"\" data-start=\"1257\" data-end=\"1318\">OEM-Kameraabdeckung kompatibel mit Dell Latitude 12 Rugged 7202<\/p>\n<\/li>\n<li class=\"\" data-start=\"1319\" data-end=\"1369\">\n<p class=\"\" data-start=\"1321\" data-end=\"1369\">Langlebig und robust \u2013 f\u00fcr harte Eins\u00e4tze Umgebungen<\/p>\n<\/li>\n<li class=\"\" data-start=\"1370\" data-end=\"1433\">\n<p class=\"\" data-start=\"1372\" data-end=\"1433\">Einfach zu installieren und passt perfekt (keine Anleitung im Lieferumfang enthalten)<\/p>\n<\/li>\n<li class=\"\" data-start=\"1434\" data-end=\"1489\">\n<p class=\"\" data-start=\"1436\" data-end=\"1489\">Ideal f\u00fcr Techniker, IT-Abteilungen oder Heimwerker<\/p>\n<\/li>\n<li class=\"\" data-start=\"1490\" data-end=\"1544\">\n<p class=\"\" data-start=\"1492\" data-end=\"1544\">Eine gro\u00dfartige Erg\u00e4nzung f\u00fcr Ihren Bestand an hochwertigen Laptop-Teilen<\/p>\n<\/li>\n<\/ul>\n<p class=\"\" data-start=\"1546\" data-end=\"1662\">\ud83d\udcac Wenn Sie Hilfe bei der Kompatibilit\u00e4tsbestimmung ben\u00f6tigen oder Fragen haben, schreiben Sie uns gerne. Wir helfen Ihnen gerne weiter.<\/p>\n","protected":false},"excerpt":{"rendered":"<p>Originale R\u00fcckkameraabdeckung f\u00fcr Dell Latitude 12 Rugged Tablet 7202. Ideales Ersatzteil, um den vollst\u00e4ndigen Schutz der R\u00fcckkamera Ihres Tablets wiederherzustellen.<\/p>\n","protected":false},"featured_media":17606,"template":"","meta":[],"product_brand":[],"product_cat":[59],"product_tag":[53],"class_list":{"0":"post-17548","1":"product","2":"type-product","3":"status-publish","4":"has-post-thumbnail","6":"product_cat-laptop-camera","7":"product_tag-dell","9":"first","10":"instock","11":"taxable","12":"shipping-taxable","13":"purchasable","14":"product-type-simple"},"_links":{"self":[{"href":"https:\/\/boreait.com\/de\/wp-json\/wp\/v2\/product\/17548","targetHints":{"allow":["GET"]}}],"collection":[{"href":"https:\/\/boreait.com\/de\/wp-json\/wp\/v2\/product"}],"about":[{"href":"https:\/\/boreait.com\/de\/wp-json\/wp\/v2\/types\/product"}],"wp:featuredmedia":[{"embeddable":true,"href":"https:\/\/boreait.com\/de\/wp-json\/wp\/v2\/media\/17606"}],"wp:attachment":[{"href":"https:\/\/boreait.com\/de\/wp-json\/wp\/v2\/media?parent=17548"}],"wp:term":[{"taxonomy":"product_brand","embeddable":true,"href":"https:\/\/boreait.com\/de\/wp-json\/wp\/v2\/product_brand?post=17548"},{"taxonomy":"product_cat","embeddable":true,"href":"https:\/\/boreait.com\/de\/wp-json\/wp\/v2\/product_cat?post=17548"},{"taxonomy":"product_tag","embeddable":true,"href":"https:\/\/boreait.com\/de\/wp-json\/wp\/v2\/product_tag?post=17548"}],"curies":[{"name":"wp","href":"https:\/\/api.w.org\/{rel}","templated":true}]}}