{"id":17447,"date":"2025-09-16T14:35:58","date_gmt":"2025-09-16T12:35:58","guid":{"rendered":"https:\/\/boreait.com\/de\/?post_type=product&#038;p=17447"},"modified":"2025-09-16T14:38:14","modified_gmt":"2025-09-16T12:38:14","slug":"latitude-7212-rugged-extreme-mikrofon-mit-kabel-original-ersatzteil","status":"publish","type":"product","link":"https:\/\/boreait.com\/de\/produkt\/latitude-7212-rugged-extreme-mikrofon-mit-kabel-original-ersatzteil\/","title":{"rendered":"Latitude 7212 Rugged Extreme Mikrofon mit Kabel \u2013 Original-Ersatzteil"},"content":{"rendered":"<p class=\"\" data-start=\"736\" data-end=\"854\"><strong data-start=\"736\" data-end=\"854\">Latitude 7212 Rugged Extreme Mikrofon mit Kabel \u2013 Original-Ersatzteil f\u00fcr Dell Latitude 7212 Rugged Tablet<\/strong><\/p>\n<p class=\"\" data-start=\"856\" data-end=\"1204\">Wenn Sie die Audioqualit\u00e4t Ihres Dell Latitude 7212 Rugged Extreme Tablets wiederherstellen m\u00f6chten, ist dieses Original-Ersatzmikrofon <strong data-start=\"978\" data-end=\"1003\">mit Kabel<\/strong> die perfekte L\u00f6sung. Dieses speziell f\u00fcr das Latitude 7212-Modell entwickelte Teil bietet nahtlose Kompatibilit\u00e4t und sorgt f\u00fcr erstklassige Klangqualit\u00e4t bei Anrufen, Aufnahmen und Sprachbefehlen.<\/p>\n<p class=\"\" data-start=\"1206\" data-end=\"1596\">Ob Sie in rauen Umgebungen arbeiten oder ein defektes Mikrofon ersetzen m\u00fcssen \u2013 dieses <strong data-start=\"1296\" data-end=\"1317\">robuste Mikrofon<\/strong> h\u00e4lt den Herausforderungen des t\u00e4glichen Gebrauchs stand. Es ist auf Langlebigkeit ausgelegt und bietet zuverl\u00e4ssige Leistung selbst unter anspruchsvollsten Bedingungen. Das mitgelieferte <strong data-start=\"1472\" data-end=\"1481\">Kabel<\/strong> gew\u00e4hrleistet eine sichere und stabile Verbindung und erm\u00f6glicht so eine einfache Installation und l\u00e4ngere Lebensdauer.<\/p>\n<p class=\"\" data-start=\"1598\" data-end=\"1615\"><strong data-start=\"1598\" data-end=\"1615\">Hauptmerkmale:<\/strong><\/p>\n<ul data-start=\"1616\" data-end=\"2007\">\n<li class=\"\" data-start=\"1616\" data-end=\"1691\">\n<p class=\"\" data-start=\"1618\" data-end=\"1691\"><strong data-start=\"1618\" data-end=\"1646\">Original-Ersatzteil<\/strong> f\u00fcr das Dell Latitude 7212 Rugged Extreme Tablet<\/p>\n<\/li>\n<li class=\"\" data-start=\"1692\" data-end=\"1772\">\n<p class=\"\" data-start=\"1694\" data-end=\"1772\"><strong data-start=\"1694\" data-end=\"1721\">Hochwertiges Mikrofon<\/strong> f\u00fcr klaren Klang bei Aufnahmen und Anrufen<\/p>\n<\/li>\n<li class=\"\" data-start=\"1773\" data-end=\"1830\">\n<p class=\"\" data-start=\"1775\" data-end=\"1830\">Inklusive <strong data-start=\"1784\" data-end=\"1808\">Mikrofon und Kabel<\/strong> f\u00fcr eine einfache Installation<\/p>\n<\/li>\n<li class=\"\" data-start=\"1831\" data-end=\"1906\">\n<p class=\"\" data-start=\"1833\" data-end=\"1906\">Ideal f\u00fcr den Austausch defekter oder besch\u00e4digter Mikrofon in Ihrem Ger\u00e4t<\/p>\n<\/li>\n<li class=\"\" data-start=\"1907\" data-end=\"1956\">\n<p class=\"\" data-start=\"1909\" data-end=\"1956\">Perfekt f\u00fcr raue Umgebungen und intensive Nutzung<\/p>\n<\/li>\n<li class=\"\" data-start=\"1957\" data-end=\"2007\">\n<p class=\"\" data-start=\"1959\" data-end=\"2007\">Echte Fotos des Originalteils, das Sie erhalten!<\/p>\n<\/li>\n<\/ul>\n<p class=\"\" data-start=\"2009\" data-end=\"2207\">Wir stellen zwar keine Installationsanleitungen zur Verf\u00fcgung, unser Team hilft Ihnen aber gerne bei Fragen weiter. F\u00fcr weitere Unterst\u00fctzung oder Installationshinweise schreiben Sie uns gerne eine Nachricht.<\/p>\n","protected":false},"excerpt":{"rendered":"<p>R\u00fcsten Sie Ihr Dell Latitude 7212 Rugged Extreme Tablet mit diesem Original-Ersatzmikrofon und -kabel auf. Dieses auf Langlebigkeit und hervorragende Klangqualit\u00e4t ausgelegte Ersatzteil sorgt daf\u00fcr, dass das Mikrofon Ihres Ger\u00e4ts wie neu funktioniert und kristallklaren Ton bei Anrufen und Aufnahmen liefert. Ideal f\u00fcr alle, die ihr abgenutztes oder defektes Mikrofon ersetzen m\u00fcssen.<\/p>\n","protected":false},"featured_media":17511,"template":"","meta":[],"product_brand":[],"product_cat":[63],"product_tag":[],"class_list":{"0":"post-17447","1":"product","2":"type-product","3":"status-publish","4":"has-post-thumbnail","6":"product_cat-motherboards-board-parts","8":"first","9":"instock","10":"taxable","11":"shipping-taxable","12":"purchasable","13":"product-type-simple"},"_links":{"self":[{"href":"https:\/\/boreait.com\/de\/wp-json\/wp\/v2\/product\/17447","targetHints":{"allow":["GET"]}}],"collection":[{"href":"https:\/\/boreait.com\/de\/wp-json\/wp\/v2\/product"}],"about":[{"href":"https:\/\/boreait.com\/de\/wp-json\/wp\/v2\/types\/product"}],"wp:featuredmedia":[{"embeddable":true,"href":"https:\/\/boreait.com\/de\/wp-json\/wp\/v2\/media\/17511"}],"wp:attachment":[{"href":"https:\/\/boreait.com\/de\/wp-json\/wp\/v2\/media?parent=17447"}],"wp:term":[{"taxonomy":"product_brand","embeddable":true,"href":"https:\/\/boreait.com\/de\/wp-json\/wp\/v2\/product_brand?post=17447"},{"taxonomy":"product_cat","embeddable":true,"href":"https:\/\/boreait.com\/de\/wp-json\/wp\/v2\/product_cat?post=17447"},{"taxonomy":"product_tag","embeddable":true,"href":"https:\/\/boreait.com\/de\/wp-json\/wp\/v2\/product_tag?post=17447"}],"curies":[{"name":"wp","href":"https:\/\/api.w.org\/{rel}","templated":true}]}}