{"id":17332,"date":"2025-09-16T14:31:30","date_gmt":"2025-09-16T12:31:30","guid":{"rendered":"https:\/\/boreait.com\/de\/?post_type=product&#038;p=17332"},"modified":"2025-09-16T14:33:50","modified_gmt":"2025-09-16T12:33:50","slug":"dell-latitude-14-rugged-extreme-7404-anschlussplatine-original-laptopteil","status":"publish","type":"product","link":"https:\/\/boreait.com\/de\/produkt\/dell-latitude-14-rugged-extreme-7404-anschlussplatine-original-laptopteil\/","title":{"rendered":"Dell Latitude 14 Rugged Extreme (7404) Anschlussplatine \u2013 Original-Laptopteil"},"content":{"rendered":"<p class=\"\" data-start=\"570\" data-end=\"854\">Sorgen Sie mit dieser <strong data-start=\"634\" data-end=\"699\">Original-Anschlussplatine Dell Latitude 14 Rugged Extreme (7404)<\/strong> f\u00fcr nahtlose Konnektivit\u00e4t und zuverl\u00e4ssige Leistung. Dieses speziell f\u00fcr das <strong data-start=\"731\" data-end=\"771\">Dell Latitude 14 Rugged Extreme 7404<\/strong> entwickelte Teil sorgt f\u00fcr einwandfreie interne Verbindungen und optimale Funktionalit\u00e4t.<\/p>\n<p class=\"\" data-start=\"856\" data-end=\"1303\">\ud83d\udd39 <strong data-start=\"859\" data-end=\"876\">Hauptmerkmale:<\/strong><br data-start=\"876\" data-end=\"879\" \/>\u2714 <strong data-start=\"881\" data-end=\"902\">Originalteil von Dell<\/strong> \u2013 Gew\u00e4hrleistet Zuverl\u00e4ssigkeit und perfekte Kompatibilit\u00e4t<br data-start=\"950\" data-end=\"953\" \/>\u2714 <strong data-start=\"955\" data-end=\"1005\">Entwickelt f\u00fcr das Latitude 14 Rugged Extreme (7404)<\/strong> \u2013 Ausgelegt auf Langlebigkeit und Leistung<br data-start=\"1049\" data-end=\"1052\" \/>\u2714 <strong data-start=\"1054\" data-end=\"1093\">Unverzichtbar f\u00fcr die interne Konnektivit\u00e4t<\/strong> \u2013 Sorgt f\u00fcr eine reibungslose Kommunikation zwischen Laptop-Komponenten<br data-start=\"1157\" data-end=\"1160\" \/>\u2714 <strong data-start=\"1162\" data-end=\"1177\">OEM-Qualit\u00e4t<\/strong> \u2013 Getestet und gepr\u00fcft f\u00fcr dauerhafte Leistung<br data-start=\"1228\" data-end=\"1231\" \/>\u2714 <strong data-start=\"1233\" data-end=\"1254\">Einfache Installation<\/strong> \u2013 Ein direkter Ersatz f\u00fcr Ihr vorhandenes Board<\/p>\n<p class=\"\" data-start=\"1305\" data-end=\"1328\">\ud83d\udca1 <strong data-start=\"1308\" data-end=\"1326\">Kompatibilit\u00e4t:<\/strong><\/p>\n<ul data-start=\"1329\" data-end=\"1463\">\n<li class=\"\" data-start=\"1329\" data-end=\"1401\">\n<p class=\"\" data-start=\"1331\" data-end=\"1401\">Speziell entwickelt f\u00fcr <strong data-start=\"1357\" data-end=\"1399\">Dell Latitude 14 Rugged Extreme (7404)<\/strong><\/p>\n<\/li>\n<li class=\"\" data-start=\"1402\" data-end=\"1463\">\n<p class=\"\" data-start=\"1404\" data-end=\"1463\">\u00dcberpr\u00fcfen Sie vor dem Kauf Ihr Laptop-Modell und die Teilenummer.<\/p>\n<\/li>\n<\/ul>\n<p class=\"\" data-start=\"1465\" data-end=\"1568\">\ud83d\udcf8 <strong data-start=\"1468\" data-end=\"1484\">Echte Fotos:<\/strong> Die Bilder in dieser Auflistung zeigen genau den Artikel, den Sie erhalten werden \u2013 keine \u00dcberraschungen!<\/p>\n<p class=\"\" data-start=\"1570\" data-end=\"1690\">\u2753 <strong data-start=\"1572\" data-end=\"1586\">Ben\u00f6tigen Sie Hilfe?<\/strong> Wir stellen zwar keine Installationsanleitung zur Verf\u00fcgung, aber Sie k\u00f6nnen uns gerne eine <strong data-start=\"1650\" data-end=\"1664\">Nachricht<\/strong> senden, wenn Sie Hilfe ben\u00f6tigen.<\/p>\n<p class=\"\" data-start=\"1692\" data-end=\"1812\">\ud83d\udce6 <strong data-start=\"1695\" data-end=\"1723\">Schneller weltweiter Versand!<\/strong> Bringen Sie Ihren Laptop mit dieser <strong data-start=\"1778\" data-end=\"1809\">Original-Dell-Anschlussplatine<\/strong> auf Hochtouren.<\/p>\n","protected":false},"excerpt":{"rendered":"<p>Ersetzen oder r\u00fcsten Sie Ihre <strong data-start=\"350\" data-end=\"407\">Dell Latitude 14 Rugged Extreme (7404) Anschlussplatine<\/strong> mit diesem <strong data-start=\"418\" data-end=\"438\">Original-OEM-Teil<\/strong> auf. <strong data-start=\"440\" data-end=\"487\">Echte Fotos \u2013 was Sie sehen, ist was Sie bekommen!<\/strong><\/p>\n","protected":false},"featured_media":17395,"template":"","meta":[],"product_brand":[],"product_cat":[63],"product_tag":[53],"class_list":{"0":"post-17332","1":"product","2":"type-product","3":"status-publish","4":"has-post-thumbnail","6":"product_cat-motherboards-board-parts","7":"product_tag-dell","9":"first","10":"instock","11":"taxable","12":"shipping-taxable","13":"purchasable","14":"product-type-simple"},"_links":{"self":[{"href":"https:\/\/boreait.com\/de\/wp-json\/wp\/v2\/product\/17332","targetHints":{"allow":["GET"]}}],"collection":[{"href":"https:\/\/boreait.com\/de\/wp-json\/wp\/v2\/product"}],"about":[{"href":"https:\/\/boreait.com\/de\/wp-json\/wp\/v2\/types\/product"}],"wp:featuredmedia":[{"embeddable":true,"href":"https:\/\/boreait.com\/de\/wp-json\/wp\/v2\/media\/17395"}],"wp:attachment":[{"href":"https:\/\/boreait.com\/de\/wp-json\/wp\/v2\/media?parent=17332"}],"wp:term":[{"taxonomy":"product_brand","embeddable":true,"href":"https:\/\/boreait.com\/de\/wp-json\/wp\/v2\/product_brand?post=17332"},{"taxonomy":"product_cat","embeddable":true,"href":"https:\/\/boreait.com\/de\/wp-json\/wp\/v2\/product_cat?post=17332"},{"taxonomy":"product_tag","embeddable":true,"href":"https:\/\/boreait.com\/de\/wp-json\/wp\/v2\/product_tag?post=17332"}],"curies":[{"name":"wp","href":"https:\/\/api.w.org\/{rel}","templated":true}]}}