{"id":17312,"date":"2025-09-16T14:30:36","date_gmt":"2025-09-16T12:30:36","guid":{"rendered":"https:\/\/boreait.com\/de\/?post_type=product&#038;p=17312"},"modified":"2025-09-16T14:33:17","modified_gmt":"2025-09-16T12:33:17","slug":"gebrauchte-dell-latitude-rugged-7214-maustasten-772-013l6-528-getestet","status":"publish","type":"product","link":"https:\/\/boreait.com\/de\/produkt\/gebrauchte-dell-latitude-rugged-7214-maustasten-772-013l6-528-getestet\/","title":{"rendered":"Gebrauchte Dell Latitude Rugged 7214 Maustasten 772-013L6-528 Getestet"},"content":{"rendered":"<p><strong>Gebrauchte Dell Latitude Rugged E7214 Maustasten (772-013L6-528)<\/strong><\/p>\n<p>Diese gebrauchte Maustastenbaugruppe wurde aus einem funktionierenden Dell Latitude Rugged 7214 Laptop ausgebaut. Die Tasten wurden getestet und funktionieren einwandfrei.<\/p>\n<p><strong>Produktdetails:<\/strong><\/p>\n<ul>\n<li>Gebraucht (genauen Zustand siehe Fotos)<\/li>\n<li>Original Dell-Teilenummer: 772-013L6-528<\/li>\n<li>Funktionsgepr\u00fcft vor dem Ausbau<\/li>\n<li>Keine Garantie<\/li>\n<li>Das tats\u00e4chlich abgebildete Ger\u00e4t ist im Angebot enthalten<\/li>\n<\/ul>\n<p><strong>Kompatibilit\u00e4t:<\/strong><\/p>\n<p>Nur kompatibel mit:<\/p>\n<ul>\n<li>Dell Latitude Rugged 7214<\/li>\n<li>Nicht f\u00fcr andere Latitude-Modelle geeignet<\/li>\n<\/ul>\n<p><strong>Wichtige Hinweise:<\/strong><\/p>\n<ul>\n<li>\u00dcberpr\u00fcfen Sie vor der Bestellung Ihr Laptop-Modell<\/li>\n<li>Professionelle Installation empfohlen<\/li>\n<li>Verkauf wie gesehen (keine R\u00fccknahme bei Kompatibilit\u00e4tsproblemen)<\/li>\n<li>Nur Kn\u00f6pfe (keine Werkzeuge enthalten)<\/li>\n<\/ul>\n<p><strong>Versandinformationen:<\/strong><\/p>\n<ul>\n<li>Versand aus EU-Lager<\/li>\n<li>Weltweiter Versand m\u00f6glich<\/li>\n<li>Sendungsverfolgungsnummer wird bereitgestellt<\/li>\n<\/ul>\n<p>Bitte senden Sie uns eine Nachricht mit dem Service-Tag Ihres Laptops, wenn Sie eine Kompatibilit\u00e4tsbest\u00e4tigung ben\u00f6tigen.<\/p>\n","protected":false},"excerpt":{"rendered":"<p>Gebrauchte Dell Latitude Rugged E7214 Maustasten 772-013L6-528<\/p>\n<p>\u2714 Ausgebaut aus funktionierendem System<\/p>\n<p>\u2714 Funktioniert getestet \u2013 keine Garantie<\/p>\n<p>\u2714 Kompatibel mit E7214 Rugged Modellen<\/p>\n<p>\u2714 Genaue Teilenummer 772-013L6-528<\/p>\n<p>\u2714 Abbildung zeigt das tats\u00e4chliche Ger\u00e4t<\/p>\n<p>EU-Lagerbestand \u2013 Weltweiter Versand<\/p>\n","protected":false},"featured_media":17380,"template":"","meta":[],"product_brand":[],"product_cat":[63],"product_tag":[53],"class_list":{"0":"post-17312","1":"product","2":"type-product","3":"status-publish","4":"has-post-thumbnail","6":"product_cat-motherboards-board-parts","7":"product_tag-dell","9":"first","10":"instock","11":"taxable","12":"shipping-taxable","13":"purchasable","14":"product-type-simple"},"_links":{"self":[{"href":"https:\/\/boreait.com\/de\/wp-json\/wp\/v2\/product\/17312","targetHints":{"allow":["GET"]}}],"collection":[{"href":"https:\/\/boreait.com\/de\/wp-json\/wp\/v2\/product"}],"about":[{"href":"https:\/\/boreait.com\/de\/wp-json\/wp\/v2\/types\/product"}],"wp:featuredmedia":[{"embeddable":true,"href":"https:\/\/boreait.com\/de\/wp-json\/wp\/v2\/media\/17380"}],"wp:attachment":[{"href":"https:\/\/boreait.com\/de\/wp-json\/wp\/v2\/media?parent=17312"}],"wp:term":[{"taxonomy":"product_brand","embeddable":true,"href":"https:\/\/boreait.com\/de\/wp-json\/wp\/v2\/product_brand?post=17312"},{"taxonomy":"product_cat","embeddable":true,"href":"https:\/\/boreait.com\/de\/wp-json\/wp\/v2\/product_cat?post=17312"},{"taxonomy":"product_tag","embeddable":true,"href":"https:\/\/boreait.com\/de\/wp-json\/wp\/v2\/product_tag?post=17312"}],"curies":[{"name":"wp","href":"https:\/\/api.w.org\/{rel}","templated":true}]}}