{"id":17310,"date":"2025-09-16T14:30:35","date_gmt":"2025-09-16T12:30:35","guid":{"rendered":"https:\/\/boreait.com\/de\/?post_type=product&#038;p=17310"},"modified":"2025-09-16T14:33:07","modified_gmt":"2025-09-16T12:33:07","slug":"dell-latitude-7204-rugged-extreme-display-usb-abdeckung-gebraucht-getestet","status":"publish","type":"product","link":"https:\/\/boreait.com\/de\/produkt\/dell-latitude-7204-rugged-extreme-display-usb-abdeckung-gebraucht-getestet\/","title":{"rendered":"Dell Latitude 7204 Rugged Extreme Display &#038; USB-Abdeckung \u2013 Gebraucht getestet"},"content":{"rendered":"<p>Gebrauchtes Dell Latitude 7204 Rugged Extreme Display- und USB-Schutzh\u00fcllen-Set<\/p>\n<p>Dieses gebrauchte Schutzh\u00fcllen-Set wurde von einem funktionierenden Dell Latitude 7204 Rugged Extreme Laptop entfernt. Es enth\u00e4lt sowohl die Displayblende als auch die USB-Anschluss-Schutzh\u00fclle.<\/p>\n<p>Produktdetails:<\/p>\n<ul>\n<li>Gebraucht (siehe Fotos f\u00fcr Details)<\/li>\n<li>Inklusive Displayrahmen und USB-Abdeckung<\/li>\n<li>Vor dem Entfernen auf korrekte Passform gepr\u00fcft<\/li>\n<li>Keine Garantie<\/li>\n<li>Abgebildetes Ger\u00e4t<\/li>\n<\/ul>\n<p>Kompatibilit\u00e4t:<\/p>\n<p>Passt nur f\u00fcr:<\/p>\n<ul>\n<li>Dell Latitude 7204 Rugged Extreme<\/li>\n<li>Nicht f\u00fcr 7214 oder andere Modelle<\/li>\n<\/ul>\n<p>Wichtige Hinweise:<\/p>\n<ul>\n<li>\u00dcberpr\u00fcfen Sie Ihr Modell vor dem Kauf<\/li>\n<li>Kann normale Gebrauchsspuren aufweisen<\/li>\n<li>Verkauf wie gesehen (keine R\u00fccknahme bei Kompatibilit\u00e4tsproblemen)<\/li>\n<li>Nur Abdeckungen (Keine Schrauben oder andere Hardware enthalten)<\/li>\n<\/ul>\n<p>Versand:<\/p>\n<ul>\n<li>Versand aus der EU innerhalb von 24 Stunden<\/li>\n<li>Weltweite Lieferung m\u00f6glich<\/li>\n<li>Sendungsverfolgung m\u00f6glich<\/li>\n<\/ul>\n<p>Senden Sie uns eine Nachricht mit der Seriennummer Ihres Laptops, wenn Sie eine Kompatibilit\u00e4tspr\u00fcfung ben\u00f6tigen.<\/p>\n","protected":false},"excerpt":{"rendered":"<p>Gebrauchte Dell Latitude 7204 Rugged Extreme Display- und USB-Abdeckung<\/p>\n<p>\u2714 Ausgebaut aus funktionierendem System<\/p>\n<p>\u2714 Gepr\u00fcfter, guter Zustand<\/p>\n<p>\u2714 Enth\u00e4lt sowohl Display- als auch USB-Anschlussabdeckungen<\/p>\n<p>\u2714 Passgenau f\u00fcr 7204 Rugged Extreme<\/p>\n<p>\u2714 Abbildung zeigt das tats\u00e4chliche Ger\u00e4t<\/p>\n<p>EU-Lagerbestand \u2013 Schneller weltweiter Versand<\/p>\n","protected":false},"featured_media":17372,"template":"","meta":[],"product_brand":[],"product_cat":[52],"product_tag":[53],"class_list":{"0":"post-17310","1":"product","2":"type-product","3":"status-publish","4":"has-post-thumbnail","6":"product_cat-laptop-housing","7":"product_tag-dell","9":"first","10":"instock","11":"taxable","12":"shipping-taxable","13":"purchasable","14":"product-type-simple"},"_links":{"self":[{"href":"https:\/\/boreait.com\/de\/wp-json\/wp\/v2\/product\/17310","targetHints":{"allow":["GET"]}}],"collection":[{"href":"https:\/\/boreait.com\/de\/wp-json\/wp\/v2\/product"}],"about":[{"href":"https:\/\/boreait.com\/de\/wp-json\/wp\/v2\/types\/product"}],"wp:featuredmedia":[{"embeddable":true,"href":"https:\/\/boreait.com\/de\/wp-json\/wp\/v2\/media\/17372"}],"wp:attachment":[{"href":"https:\/\/boreait.com\/de\/wp-json\/wp\/v2\/media?parent=17310"}],"wp:term":[{"taxonomy":"product_brand","embeddable":true,"href":"https:\/\/boreait.com\/de\/wp-json\/wp\/v2\/product_brand?post=17310"},{"taxonomy":"product_cat","embeddable":true,"href":"https:\/\/boreait.com\/de\/wp-json\/wp\/v2\/product_cat?post=17310"},{"taxonomy":"product_tag","embeddable":true,"href":"https:\/\/boreait.com\/de\/wp-json\/wp\/v2\/product_tag?post=17310"}],"curies":[{"name":"wp","href":"https:\/\/api.w.org\/{rel}","templated":true}]}}