{"id":17302,"date":"2025-09-16T14:30:12","date_gmt":"2025-09-16T12:30:12","guid":{"rendered":"https:\/\/boreait.com\/de\/?post_type=product&#038;p=17302"},"modified":"2025-09-16T14:33:03","modified_gmt":"2025-09-16T12:33:03","slug":"dell-7214-rugged-c_lid_c-flexkabel-0801-2gw4000-oem-gebrauchtes-laptopteil","status":"publish","type":"product","link":"https:\/\/boreait.com\/de\/produkt\/dell-7214-rugged-c_lid_c-flexkabel-0801-2gw4000-oem-gebrauchtes-laptopteil\/","title":{"rendered":"Dell 7214 Rugged C_LID_C Flexkabel 0801-2GW4000 OEM Gebrauchtes Laptopteil"},"content":{"rendered":"<p class=\"\" data-start=\"408\" data-end=\"648\">Dies ist ein <strong data-start=\"418\" data-end=\"454\">gebrauchtes OEM Dell C_LID_C-Flexkabel<\/strong>, Teilenummer <strong data-start=\"468\" data-end=\"484\">0801-2GW4000<\/strong>, ausgebaut aus einem voll funktionsf\u00e4higen <strong data-start=\"518\" data-end=\"555\">Dell Latitude 7214 Rugged Extreme<\/strong>. Es ist unerl\u00e4sslich f\u00fcr die ordnungsgem\u00e4\u00dfe Funktion von Display und Deckel und eignet sich ideal f\u00fcr Reparaturen oder den Austausch.<\/p>\n<p class=\"\" data-start=\"650\" data-end=\"674\">\u2705 <strong data-start=\"652\" data-end=\"672\">Kompatibel mit:<\/strong><\/p>\n<ul data-start=\"675\" data-end=\"710\">\n<li class=\"\" data-start=\"675\" data-end=\"710\">\n<p class=\"\" data-start=\"677\" data-end=\"710\">Dell Latitude 7214 Rugged Extreme<\/p>\n<\/li>\n<\/ul>\n<p class=\"\" data-start=\"712\" data-end=\"732\">\u2705 <strong data-start=\"714\" data-end=\"730\">Teilenummer:<\/strong><\/p>\n<ul data-start=\"733\" data-end=\"747\">\n<li class=\"\" data-start=\"733\" data-end=\"747\">\n<p class=\"\" data-start=\"735\" data-end=\"747\">0801-2GW4000<\/p>\n<\/li>\n<\/ul>\n<p class=\"\" data-start=\"749\" data-end=\"768\">\u2705 <strong data-start=\"751\" data-end=\"766\">Highlights:<\/strong><\/p>\n<ul data-start=\"769\" data-end=\"978\">\n<li class=\"\" data-start=\"769\" data-end=\"798\">\n<p class=\"\" data-start=\"771\" data-end=\"798\">Original Dell Laptop-Teil<\/p>\n<\/li>\n<li class=\"\" data-start=\"799\" data-end=\"843\">\n<p class=\"\" data-start=\"801\" data-end=\"843\">Gebraucht und gepr\u00fcft \u2013 100 % funktionsf\u00e4hig<\/p>\n<\/li>\n<li class=\"\" data-start=\"844\" data-end=\"894\">\n<p class=\"\" data-start=\"846\" data-end=\"894\">Sorgt f\u00fcr einwandfreie Signal- und Displayverbindung<\/p>\n<\/li>\n<li class=\"\" data-start=\"895\" data-end=\"948\">\n<p class=\"\" data-start=\"897\" data-end=\"948\">Ideal f\u00fcr professionelle Reparaturwerkst\u00e4tten und Heimwerker<\/p>\n<\/li>\n<li class=\"\" data-start=\"949\" data-end=\"978\">\n<p class=\"\" data-start=\"951\" data-end=\"978\">Versand Schnell aus Europa<\/p>\n<\/li>\n<\/ul>\n<p class=\"\" data-start=\"980\" data-end=\"1092\">Stellen Sie die volle Funktionalit\u00e4t mit Original-<strong data-start=\"1021\" data-end=\"1042\">Dell-Laptop-Teilen<\/strong> wieder her. Kontaktieren Sie uns, wenn Sie sich bez\u00fcglich der Kompatibilit\u00e4t nicht sicher sind!<\/p>\n","protected":false},"excerpt":{"rendered":"<p>Gebrauchtes OEM C_LID_C-Flexkabel (Teilenummer 0801-2GW4000) f\u00fcr Dell Latitude 7214 Rugged Extreme. Vollst\u00e4ndig getestetes Dell-Laptop-Teil f\u00fcr zuverl\u00e4ssige Reparaturen.<\/p>\n","protected":false},"featured_media":17371,"template":"","meta":[],"product_brand":[],"product_cat":[56],"product_tag":[53],"class_list":{"0":"post-17302","1":"product","2":"type-product","3":"status-publish","4":"has-post-thumbnail","6":"product_cat-cables","7":"product_tag-dell","9":"first","10":"instock","11":"taxable","12":"shipping-taxable","13":"purchasable","14":"product-type-simple"},"_links":{"self":[{"href":"https:\/\/boreait.com\/de\/wp-json\/wp\/v2\/product\/17302","targetHints":{"allow":["GET"]}}],"collection":[{"href":"https:\/\/boreait.com\/de\/wp-json\/wp\/v2\/product"}],"about":[{"href":"https:\/\/boreait.com\/de\/wp-json\/wp\/v2\/types\/product"}],"wp:featuredmedia":[{"embeddable":true,"href":"https:\/\/boreait.com\/de\/wp-json\/wp\/v2\/media\/17371"}],"wp:attachment":[{"href":"https:\/\/boreait.com\/de\/wp-json\/wp\/v2\/media?parent=17302"}],"wp:term":[{"taxonomy":"product_brand","embeddable":true,"href":"https:\/\/boreait.com\/de\/wp-json\/wp\/v2\/product_brand?post=17302"},{"taxonomy":"product_cat","embeddable":true,"href":"https:\/\/boreait.com\/de\/wp-json\/wp\/v2\/product_cat?post=17302"},{"taxonomy":"product_tag","embeddable":true,"href":"https:\/\/boreait.com\/de\/wp-json\/wp\/v2\/product_tag?post=17302"}],"curies":[{"name":"wp","href":"https:\/\/api.w.org\/{rel}","templated":true}]}}