{"id":17210,"date":"2025-09-16T14:25:18","date_gmt":"2025-09-16T12:25:18","guid":{"rendered":"https:\/\/boreait.com\/de\/?post_type=product&#038;p=17210"},"modified":"2025-09-16T14:29:24","modified_gmt":"2025-09-16T12:29:24","slug":"dell-latitude-5404-5414-robuster-interposer-anschluss-fuer-optische-laufwerke-verwendet","status":"publish","type":"product","link":"https:\/\/boreait.com\/de\/produkt\/dell-latitude-5404-5414-robuster-interposer-anschluss-fuer-optische-laufwerke-verwendet\/","title":{"rendered":"Dell Latitude 5404 5414 Robuster Interposer-Anschluss f\u00fcr optische Laufwerke, verwendet"},"content":{"rendered":"<p><strong>Gebrauchter Interposer-Anschluss f\u00fcr optisches Laufwerk des Dell Latitude 5404\/5414 Rugged<\/strong><\/p>\n<p>Dieser gebrauchte Interposer-Anschluss f\u00fcr optische Laufwerke wurde aus einem funktionierenden Dell Latitude 5404 oder 5414 Rugged Laptop ausgebaut. Der Anschluss wurde getestet und ist voll funktionsf\u00e4hig.<\/p>\n<p><strong>Produktdetails:<\/strong><\/p>\n<ul>\n<li>Gebraucht (siehe aktuelle Fotos)<\/li>\n<li>OEM Dell Interposer-Anschluss<\/li>\n<li>Funktionsgepr\u00fcft vor dem Ausbau<\/li>\n<li>Keine Garantie<\/li>\n<li>Zeigt das genaue Ger\u00e4t an, das Sie erhalten<\/li>\n<\/ul>\n<p><strong>Kompatibilit\u00e4t:<\/strong><\/p>\n<p>Passt nur f\u00fcr:<\/p>\n<ul>\n<li>Dell Latitude 5404 Rugged<\/li>\n<li>Dell Latitude 5414 Rugged<\/li>\n<\/ul>\n<p><strong>Wichtige Hinweise:<\/strong><\/p>\n<ul>\n<li>\u00dcberpr\u00fcfen Sie Ihr Laptop-Modell vor der Bestellung<\/li>\n<li>Professionelle Installation empfohlen<\/li>\n<li>Verkauf wie gesehen (keine R\u00fccknahme wegen Kompatibilit\u00e4t). Probleme)<\/li>\n<li>Nur Anschluss (ohne Kabel oder Laufwerk)<\/li>\n<\/ul>\n<p><strong>Versandinformationen:<\/strong><\/p>\n<ul>\n<li>Versand aus EU-Lager<\/li>\n<li>Versand innerhalb von 24 Stunden<\/li>\n<li>Weltweite Lieferung m\u00f6glich<\/li>\n<li>Sendungsverfolgungsnummer wird bereitgestellt<\/li>\n<\/ul>\n<p>Bitte senden Sie uns eine Nachricht mit dem Service-Tag Ihres Laptops, wenn Sie eine Kompatibilit\u00e4tsbest\u00e4tigung ben\u00f6tigen.<\/p>\n","protected":false},"excerpt":{"rendered":"<p>Gebrauchter Dell Latitude 5404\/5414 Rugged Interposer-Anschluss f\u00fcr optische Laufwerke<\/p>\n<p>\u2714 Ausgebaut aus funktionierendem System<\/p>\n<p>\u2714 Funktioniert einwandfrei \u2013 keine Garantie<\/p>\n<p>\u2714 Kompatibel mit Latitude 5404 &#038; 5414 Rugged<\/p>\n<p>\u2714 Exakter OEM-Anschluss<\/p>\n<p>\u2714 Abbildung zeigt das tats\u00e4chliche Ger\u00e4t<\/p>\n<p>EU-Lagerbestand \u2013 Weltweiter Versand<\/p>\n","protected":false},"featured_media":17280,"template":"","meta":[],"product_brand":[],"product_cat":[63],"product_tag":[53],"class_list":{"0":"post-17210","1":"product","2":"type-product","3":"status-publish","4":"has-post-thumbnail","6":"product_cat-motherboards-board-parts","7":"product_tag-dell","9":"first","10":"instock","11":"taxable","12":"shipping-taxable","13":"purchasable","14":"product-type-simple"},"_links":{"self":[{"href":"https:\/\/boreait.com\/de\/wp-json\/wp\/v2\/product\/17210","targetHints":{"allow":["GET"]}}],"collection":[{"href":"https:\/\/boreait.com\/de\/wp-json\/wp\/v2\/product"}],"about":[{"href":"https:\/\/boreait.com\/de\/wp-json\/wp\/v2\/types\/product"}],"wp:featuredmedia":[{"embeddable":true,"href":"https:\/\/boreait.com\/de\/wp-json\/wp\/v2\/media\/17280"}],"wp:attachment":[{"href":"https:\/\/boreait.com\/de\/wp-json\/wp\/v2\/media?parent=17210"}],"wp:term":[{"taxonomy":"product_brand","embeddable":true,"href":"https:\/\/boreait.com\/de\/wp-json\/wp\/v2\/product_brand?post=17210"},{"taxonomy":"product_cat","embeddable":true,"href":"https:\/\/boreait.com\/de\/wp-json\/wp\/v2\/product_cat?post=17210"},{"taxonomy":"product_tag","embeddable":true,"href":"https:\/\/boreait.com\/de\/wp-json\/wp\/v2\/product_tag?post=17210"}],"curies":[{"name":"wp","href":"https:\/\/api.w.org\/{rel}","templated":true}]}}