{"id":17084,"date":"2025-09-16T14:21:01","date_gmt":"2025-09-16T12:21:01","guid":{"rendered":"https:\/\/boreait.com\/de\/?post_type=product&#038;p=17084"},"modified":"2025-09-16T14:22:54","modified_gmt":"2025-09-16T12:22:54","slug":"gebrauchtes-robustes-stromanschlusskabel-tdp-105hsr2-d-fuer-dell-latitude-7214-5404","status":"publish","type":"product","link":"https:\/\/boreait.com\/de\/produkt\/gebrauchtes-robustes-stromanschlusskabel-tdp-105hsr2-d-fuer-dell-latitude-7214-5404\/","title":{"rendered":"Gebrauchtes robustes Stromanschlusskabel TDP-105HSR2-D f\u00fcr Dell Latitude 7214\/5404"},"content":{"rendered":"<p>Dieses gebrauchte Stromanschlusskabel wurde aus einem funktionsf\u00e4higen Dell Latitude 5404\/7214 Rugged Laptop ausgebaut. Das Kabel wurde auf ordnungsgem\u00e4\u00dfe Ladef\u00e4higkeit gepr\u00fcft.<\/p>\n<p><strong>Wichtige Details:<\/strong><\/p>\n<ul>\n<li>Gebraucht (siehe Fotos f\u00fcr genauen Zustand)<\/li>\n<li>Original Dell-Teilenummer TDP-105HSR2-D<\/li>\n<li>Funktionsgepr\u00fcft vor dem Ausbau<\/li>\n<li>Keine Garantie<\/li>\n<li>Abgebildeter Artikel<\/li>\n<\/ul>\n<p><strong>Kompatibilit\u00e4t:<\/strong><\/p>\n<p>Passt nur f\u00fcr:<\/p>\n<ul>\n<li>Dell Latitude 12 7214 Rugged<\/li>\n<li>Latitude 5404 & 7214 Rugged Extreme<\/li>\n<\/ul>\n<p><strong>Wichtige Hinweise:<\/strong><\/p>\n<ul>\n<li>\u00dcberpr\u00fcfen Sie Ihr Laptop-Modell vor der Bestellung.<\/li>\n<li>Professionelle Installation empfohlen.<\/li>\n<li>Verkauf im Istzustand (keine R\u00fccknahme bei Kompatibilit\u00e4tsproblemen).<\/li>\n<li>Nur Kabel (kein Netzteil enthalten).<\/li>\n<\/ul>\n<p><strong>Versandinformationen:<\/strong><\/p>\n<ul>\n<li>Versand aus EU-Lager<\/li>\n<li>Versand innerhalb von 24 Stunden<\/li>\n<li>Weltweite Lieferung m\u00f6glich<\/li>\n<li>Sendungsverfolgungsnummer wird bereitgestellt.<\/li>\n<\/ul>\n<p>Bei Fragen zur Kompatibilit\u00e4t senden Sie uns bitte eine Nachricht mit der Service-Tag-Nummer Ihres Laptops.<\/p>\n","protected":false},"excerpt":{"rendered":"<p>Gebrauchtes Dell Latitude 5404 7214 Rugged-Stromanschlusskabel TDP-105HSR2-D<\/p>\n<p>\u2714 Ausgebaut aus funktionierendem System<\/p>\n<p>\u2714 Funktioniert einwandfrei \u2013 keine Garantie<\/p>\n<p>\u2714 Original Dell-Ersatzteil TDP-105HSR2-D<\/p>\n<p>\u2714 Kompatibel mit den Rugged-Modellen 5404 und 7214<\/p>\n<p>\u2714 Abbildung zeigt das Originalkabel<\/p>\n<p>EU-Lagerbestand \u2013 Schneller weltweiter Versand<\/p>\n","protected":false},"featured_media":17145,"template":"","meta":[],"product_brand":[],"product_cat":[56],"product_tag":[53],"class_list":{"0":"post-17084","1":"product","2":"type-product","3":"status-publish","4":"has-post-thumbnail","6":"product_cat-cables","7":"product_tag-dell","9":"first","10":"instock","11":"taxable","12":"shipping-taxable","13":"purchasable","14":"product-type-simple"},"_links":{"self":[{"href":"https:\/\/boreait.com\/de\/wp-json\/wp\/v2\/product\/17084","targetHints":{"allow":["GET"]}}],"collection":[{"href":"https:\/\/boreait.com\/de\/wp-json\/wp\/v2\/product"}],"about":[{"href":"https:\/\/boreait.com\/de\/wp-json\/wp\/v2\/types\/product"}],"wp:featuredmedia":[{"embeddable":true,"href":"https:\/\/boreait.com\/de\/wp-json\/wp\/v2\/media\/17145"}],"wp:attachment":[{"href":"https:\/\/boreait.com\/de\/wp-json\/wp\/v2\/media?parent=17084"}],"wp:term":[{"taxonomy":"product_brand","embeddable":true,"href":"https:\/\/boreait.com\/de\/wp-json\/wp\/v2\/product_brand?post=17084"},{"taxonomy":"product_cat","embeddable":true,"href":"https:\/\/boreait.com\/de\/wp-json\/wp\/v2\/product_cat?post=17084"},{"taxonomy":"product_tag","embeddable":true,"href":"https:\/\/boreait.com\/de\/wp-json\/wp\/v2\/product_tag?post=17084"}],"curies":[{"name":"wp","href":"https:\/\/api.w.org\/{rel}","templated":true}]}}