{"id":17039,"date":"2025-09-16T14:19:09","date_gmt":"2025-09-16T12:19:09","guid":{"rendered":"https:\/\/boreait.com\/de\/?post_type=product&#038;p=17039"},"modified":"2025-09-16T14:21:56","modified_gmt":"2025-09-16T12:21:56","slug":"dell-latitude-rugged-e7214-serielle-anschlussklappe-original-laptop-ersatzteil","status":"publish","type":"product","link":"https:\/\/boreait.com\/de\/produkt\/dell-latitude-rugged-e7214-serielle-anschlussklappe-original-laptop-ersatzteil\/","title":{"rendered":"Dell Latitude Rugged E7214 Serielle Anschlussklappe \u2013 Original-Laptop-Ersatzteil"},"content":{"rendered":"<p class=\"\" data-start=\"557\" data-end=\"819\">Stellen Sie die Funktionalit\u00e4t und das Erscheinungsbild Ihres <strong data-start=\"606\" data-end=\"636\">Dell Latitude Rugged E7214<\/strong> mit dieser <strong data-start=\"647\" data-end=\"687\">Original-Ersatzklappe f\u00fcr den seriellen Anschluss<\/strong> wieder her. Egal, ob Sie ein verlorenes oder besch\u00e4digtes Teil ersetzen, diese hochwertige Abdeckung passt perfekt und sch\u00fctzt Ihr Ger\u00e4t.<\/p>\n<p class=\"\" data-start=\"821\" data-end=\"1240\">\ud83d\udd39 <strong data-start=\"824\" data-end=\"841\">Hauptmerkmale:<\/strong><br data-start=\"841\" data-end=\"844\" \/>\u2714 <strong data-start=\"846\" data-end=\"867\">Original Dell-Teil<\/strong> \u2013 OEM-Qualit\u00e4t f\u00fcr zuverl\u00e4ssige Leistung<br data-start=\"906\" data-end=\"909\" \/>\u2714 <strong data-start=\"911\" data-end=\"952\">Kompatibel mit Latitude Rugged E7214<\/strong> \u2013 Perfekte Passform f\u00fcr Ihr robustes Laptop-Modell<br data-start=\"995\" data-end=\"998\" \/>\u2714 <strong data-start=\"1000\" data-end=\"1037\">Sicherer Schutz f\u00fcr den seriellen Port<\/strong> \u2013 Sch\u00fctzt Ihre Ports vor Staub, Schmutz und Feuchtigkeit.<br data-start=\"1096\" data-end=\"1099\" \/>\u2714 <strong data-start=\"1101\" data-end=\"1119\">Langlebiges Design<\/strong> \u2013 H\u00e4lt den Belastungen in anspruchsvollen Umgebungen stand.<br data-start=\"1177\" data-end=\"1180\" \/>\u2714 <strong data-start=\"1182\" data-end=\"1203\">Einfache Installation<\/strong> \u2013 Tauschen Sie die alte Portabdeckung einfach aus.<\/p>\n<p class=\"\" data-start=\"1242\" data-end=\"1265\">\ud83d\udca1 <strong data-start=\"1245\" data-end=\"1263\">Kompatibilit\u00e4t:<\/strong><\/p>\n<ul data-start=\"1266\" data-end=\"1421\">\n<li class=\"\" data-start=\"1266\" data-end=\"1330\">\n<p class=\"\" data-start=\"1268\" data-end=\"1330\">Speziell f\u00fcr das <strong data-start=\"1298\" data-end=\"1328\">Dell Latitude Rugged E7214<\/strong><\/p>\n<p> entwickelt<\/p>\n<\/li>\n<li class=\"\" data-start=\"1331\" data-end=\"1421\">\n<p class=\"\" data-start=\"1333\" data-end=\"1421\">Kompatibel mit anderen <strong data-start=\"1355\" data-end=\"1371\">Rugged E7214<\/strong>-Modellen, bei denen die Abdeckung des seriellen Anschlusses ausgetauscht werden muss.<\/p>\n<\/li>\n<\/ul>\n<p class=\"\" data-start=\"1423\" data-end=\"1543\">\ud83d\udcf8 <strong data-start=\"1426\" data-end=\"1442\">Echte Fotos:<\/strong> Was Sie in der Auflistung sehen, ist genau das, was Sie bekommen \u2013 echte Bilder des Teils. Keine Stockfotos!<\/p>\n<p class=\"\" data-start=\"1545\" data-end=\"1691\">\u2753 <strong data-start=\"1547\" data-end=\"1561\">Ben\u00f6tigen Sie Hilfe?<\/strong> Wir bieten zwar keine Installationsanleitungen an, aber Sie k\u00f6nnen uns gerne eine <strong data-start=\"1623\" data-end=\"1637\">Nachricht<\/strong> senden, wenn Sie Fragen haben oder Hilfe bei Ihrem Kauf ben\u00f6tigen.<\/p>\n<p class=\"\" data-start=\"1693\" data-end=\"1825\">\ud83d\udce6 <strong data-start=\"1696\" data-end=\"1724\">Schneller weltweiter Versand!<\/strong> Erhalten Sie Ihre <strong data-start=\"1734\" data-end=\"1776\">Latitude Rugged E7214 serielle Anschlussklappe<\/strong> schnell und halten Sie Ihr Ger\u00e4t in Top-Zustand.<\/p>\n","protected":false},"excerpt":{"rendered":"<p>Ersetzen Sie Ihre besch\u00e4digte oder fehlende <strong data-start=\"337\" data-end=\"357\">Seriellen-Port-Klappe<\/strong> f\u00fcr das <strong data-start=\"366\" data-end=\"396\">Dell Latitude Rugged E7214<\/strong>. <strong data-start=\"398\" data-end=\"418\">Original-OEM-Teil<\/strong> f\u00fcr perfekte Passform. <strong data-start=\"447\" data-end=\"494\">Echte Fotos \u2013 was Sie sehen, ist was Sie bekommen!<\/strong><\/p>\n","protected":false},"featured_media":17110,"template":"","meta":[],"product_brand":[],"product_cat":[52],"product_tag":[53],"class_list":{"0":"post-17039","1":"product","2":"type-product","3":"status-publish","4":"has-post-thumbnail","6":"product_cat-laptop-housing","7":"product_tag-dell","9":"first","10":"instock","11":"taxable","12":"shipping-taxable","13":"purchasable","14":"product-type-simple"},"_links":{"self":[{"href":"https:\/\/boreait.com\/de\/wp-json\/wp\/v2\/product\/17039","targetHints":{"allow":["GET"]}}],"collection":[{"href":"https:\/\/boreait.com\/de\/wp-json\/wp\/v2\/product"}],"about":[{"href":"https:\/\/boreait.com\/de\/wp-json\/wp\/v2\/types\/product"}],"wp:featuredmedia":[{"embeddable":true,"href":"https:\/\/boreait.com\/de\/wp-json\/wp\/v2\/media\/17110"}],"wp:attachment":[{"href":"https:\/\/boreait.com\/de\/wp-json\/wp\/v2\/media?parent=17039"}],"wp:term":[{"taxonomy":"product_brand","embeddable":true,"href":"https:\/\/boreait.com\/de\/wp-json\/wp\/v2\/product_brand?post=17039"},{"taxonomy":"product_cat","embeddable":true,"href":"https:\/\/boreait.com\/de\/wp-json\/wp\/v2\/product_cat?post=17039"},{"taxonomy":"product_tag","embeddable":true,"href":"https:\/\/boreait.com\/de\/wp-json\/wp\/v2\/product_tag?post=17039"}],"curies":[{"name":"wp","href":"https:\/\/api.w.org\/{rel}","templated":true}]}}