{"id":17022,"date":"2025-09-16T14:18:39","date_gmt":"2025-09-16T12:18:39","guid":{"rendered":"https:\/\/boreait.com\/de\/?post_type=product&#038;p=17022"},"modified":"2025-09-16T14:21:11","modified_gmt":"2025-09-16T12:21:11","slug":"dell-latitude-7424-5424-5420-robuste-schaltkreis-anschlussplatine-0pt0y1-original-laptopteil","status":"publish","type":"product","link":"https:\/\/boreait.com\/de\/produkt\/dell-latitude-7424-5424-5420-robuste-schaltkreis-anschlussplatine-0pt0y1-original-laptopteil\/","title":{"rendered":"Dell Latitude 7424 5424 5420 Robuste Schaltkreis-Anschlussplatine 0PT0Y1 \u2013 Original-Laptopteil"},"content":{"rendered":"<p class=\"\" data-start=\"554\" data-end=\"794\">Stellen Sie Ihren <strong data-start=\"567\" data-end=\"603\">robusten Laptop Dell Latitude 7424 5424 5420<\/strong> mit dieser <strong data-start=\"614\" data-end=\"648\">Original-Leiterplattenanschlussplatine<\/strong> wieder her. Dieses <strong data-start=\"693\" data-end=\"715\">Originalteil von Dell<\/strong> ist auf Langlebigkeit und Zuverl\u00e4ssigkeit ausgelegt und gew\u00e4hrleistet einwandfreie Konnektivit\u00e4t und reibungslose Leistung f\u00fcr Ihr robustes Notebook.<\/p>\n<p class=\"\" data-start=\"796\" data-end=\"1190\">\ud83d\udd39 <strong data-start=\"799\" data-end=\"816\">Hauptmerkmale:<\/strong><br data-start=\"816\" data-end=\"819\" \/>\u2714 <strong data-start=\"821\" data-end=\"842\">Originalteil von Dell 0PT0Y1<\/strong> \u2013 Gew\u00e4hrleistet Kompatibilit\u00e4t und Zuverl\u00e4ssigkeit<br data-start=\"882\" data-end=\"885\" \/>\u2714 <strong data-start=\"887\" data-end=\"917\">Entwickelt f\u00fcr Latitude <\/strong>7424 5424 5420 \u2013 Perfekte Passform f\u00fcr <strong data-start=\"936\" data-end=\"959\">Dell Robuste Laptops<\/strong><br data-start=\"959\" data-end=\"962\" \/>\u2714 <strong data-start=\"964\" data-end=\"1000\">Essential Circuit Junction Board<\/strong> \u2013 F\u00fcr Strom- und Komponentenanschl\u00fcsse<br data-start=\"1042\" data-end=\"1045\" \/>\u2714 <strong data-start=\"1047\" data-end=\"1079\">F\u00fcr raue Umgebungen konzipiert<\/strong> \u2013 Robustes Design f\u00fcr extreme Bedingungen<br data-start=\"1118\" data-end=\"1121\" \/>\u2714 <strong data-start=\"1123\" data-end=\"1143\">Einfacher Austausch<\/strong> \u2013 Tauschen Sie Ihre alte oder besch\u00e4digte Platine schnell aus<\/p>\n<p class=\"\" data-start=\"1192\" data-end=\"1215\">\ud83d\udca1 <strong data-start=\"1195\" data-end=\"1213\">Kompatibilit\u00e4t:<\/strong><\/p>\n<ul data-start=\"1216\" data-end=\"1360\">\n<li class=\"\" data-start=\"1216\" data-end=\"1308\">\n<p class=\"\" data-start=\"1218\" data-end=\"1308\">Speziell f\u00fcr die <strong data-start=\"1235\" data-end=\"1271\">Dell Latitude 5424 Rugged Series<\/strong> (Modell vor dem Kauf pr\u00fcfen)<\/p>\n<\/li>\n<li class=\"\" data-start=\"1309\" data-end=\"1360\">\n<p class=\"\" data-start=\"1311\" data-end=\"1360\">Entspricht den Originalspezifikationen von Dell<\/p>\n<\/li>\n<\/ul>\n<p class=\"\" data-start=\"1362\" data-end=\"1463\">\ud83d\udcf8 <strong data-start=\"1365\" data-end=\"1381\">Echte Fotos:<\/strong> Die Bilder in dieser Auflistung zeigen genau den Artikel, den Sie erhalten werden \u2013 keine \u00dcberraschungen!<\/p>\n<p class=\"\" data-start=\"1465\" data-end=\"1619\">\u2753 <strong data-start=\"1467\" data-end=\"1481\">Ben\u00f6tigen Sie Hilfe?<\/strong> Wir stellen zwar keine Installationsanleitungen zur Verf\u00fcgung, aber Sie k\u00f6nnen uns gerne <strong data-start=\"1545\" data-end=\"1559\">eine Nachricht senden<\/strong>, wenn Sie vor oder nach dem Kauf Hilfe ben\u00f6tigen.<\/p>\n<p class=\"\" data-start=\"1621\" data-end=\"1746\">\ud83d\udce6 <strong data-start=\"1624\" data-end=\"1652\">Schneller weltweiter Versand!<\/strong> Bringen Sie Ihr Dell Latitude 5424 mit diesem <strong data-start=\"1706\" data-end=\"1743\">Original-Ersatzplatine<\/strong>.<\/p>\n","protected":false},"excerpt":{"rendered":"<p>Original <strong data-start=\"322\" data-end=\"374\">robuste Leiterplatte f\u00fcr Dell Latitude 7424 5424 5420<\/strong>, perfekt zum Ersetzen eines besch\u00e4digten oder fehlerhaften Teils. <strong data-start=\"424\" data-end=\"471\">Echte Fotos \u2013 was Sie sehen, ist das, was Sie bekommen!<\/strong><\/p>\n","protected":false},"featured_media":17086,"template":"","meta":[],"product_brand":[],"product_cat":[63],"product_tag":[53],"class_list":{"0":"post-17022","1":"product","2":"type-product","3":"status-publish","4":"has-post-thumbnail","6":"product_cat-motherboards-board-parts","7":"product_tag-dell","9":"first","10":"instock","11":"taxable","12":"shipping-taxable","13":"purchasable","14":"product-type-simple"},"_links":{"self":[{"href":"https:\/\/boreait.com\/de\/wp-json\/wp\/v2\/product\/17022","targetHints":{"allow":["GET"]}}],"collection":[{"href":"https:\/\/boreait.com\/de\/wp-json\/wp\/v2\/product"}],"about":[{"href":"https:\/\/boreait.com\/de\/wp-json\/wp\/v2\/types\/product"}],"wp:featuredmedia":[{"embeddable":true,"href":"https:\/\/boreait.com\/de\/wp-json\/wp\/v2\/media\/17086"}],"wp:attachment":[{"href":"https:\/\/boreait.com\/de\/wp-json\/wp\/v2\/media?parent=17022"}],"wp:term":[{"taxonomy":"product_brand","embeddable":true,"href":"https:\/\/boreait.com\/de\/wp-json\/wp\/v2\/product_brand?post=17022"},{"taxonomy":"product_cat","embeddable":true,"href":"https:\/\/boreait.com\/de\/wp-json\/wp\/v2\/product_cat?post=17022"},{"taxonomy":"product_tag","embeddable":true,"href":"https:\/\/boreait.com\/de\/wp-json\/wp\/v2\/product_tag?post=17022"}],"curies":[{"name":"wp","href":"https:\/\/api.w.org\/{rel}","templated":true}]}}