{"id":17021,"date":"2025-09-16T14:18:37","date_gmt":"2025-09-16T12:18:37","guid":{"rendered":"https:\/\/boreait.com\/de\/?post_type=product&#038;p=17021"},"modified":"2025-09-16T14:21:07","modified_gmt":"2025-09-16T12:21:07","slug":"dell-latitude-5424-7424-rugged-docking-board-d6rv6-original-laptop-ersatzteil","status":"publish","type":"product","link":"https:\/\/boreait.com\/de\/produkt\/dell-latitude-5424-7424-rugged-docking-board-d6rv6-original-laptop-ersatzteil\/","title":{"rendered":"Dell Latitude 5424 7424 Rugged Docking Board D6RV6 \u2013 Original-Laptop-Ersatzteil"},"content":{"rendered":"<p class=\"\" data-start=\"571\" data-end=\"900\">Aktualisieren oder ersetzen Sie Ihre <strong data-start=\"595\" data-end=\"638\">robuste Dockingstation Dell Latitude 5424 7424<\/strong> mit diesem <strong data-start=\"649\" data-end=\"671\">Originalteil von Dell<\/strong> und sorgen Sie so f\u00fcr nahtlose Konnektivit\u00e4t und Leistung. Diese Dockingstation wurde speziell f\u00fcr <strong data-start=\"747\" data-end=\"784\">robuste Dell Latitude 5424 Laptops<\/strong> entwickelt und bietet ein stabiles und effizientes Docking-Erlebnis f\u00fcr Ihren Laptop in anspruchsvollen Umgebungen.<\/p>\n<p class=\"\" data-start=\"902\" data-end=\"1237\">\ud83d\udd39 <strong data-start=\"905\" data-end=\"922\">Hauptmerkmale:<\/strong><br data-start=\"922\" data-end=\"925\" \/>\u2714 <strong data-start=\"927\" data-end=\"948\">Original Dell-Teil<\/strong> D6RV6 \u2013 Gew\u00e4hrleistet Kompatibilit\u00e4t und Langlebigkeit<br data-start=\"997\" data-end=\"1000\" \/>\u2714 <strong data-start=\"1002\" data-end=\"1033\">Entwickelt f\u00fcr robuste Laptops<\/strong> \u2013 H\u00e4lt h\u00e4rtesten Bedingungen stand<br data-start=\"1071\" data-end=\"1074\" \/>\u2714 <strong data-start=\"1076\" data-end=\"1101\">F\u00fcr Docking optimiert<\/strong> \u2013 Erm\u00f6glicht die nahtlose Integration mit Dell Dockingstationen<br data-start=\"1159\" data-end=\"1162\" \/>\u2714 <strong data-start=\"1164\" data-end=\"1185\">Einfache Installation<\/strong> \u2013 Direkter Ersatz f\u00fcr defekte oder fehlende Boards<\/p>\n<p class=\"\" data-start=\"1239\" data-end=\"1262\">\ud83d\udca1 <strong data-start=\"1242\" data-end=\"1260\">Kompatibilit\u00e4t:<\/strong><\/p>\n<ul data-start=\"1263\" data-end=\"1398\">\n<li class=\"\" data-start=\"1263\" data-end=\"1338\">\n<p class=\"\" data-start=\"1265\" data-end=\"1338\"><strong data-start=\"1265\" data-end=\"1301\">Dell Latitude 5424 7424 Robuster Laptop<\/strong> (Modell vor dem Kauf pr\u00fcfen)<\/p>\n<\/li>\n<li class=\"\" data-start=\"1339\" data-end=\"1398\">\n<p class=\"\" data-start=\"1341\" data-end=\"1398\">Entwickelt f\u00fcr die Verwendung mit <strong data-start=\"1363\" data-end=\"1396\">robusten Docking-L\u00f6sungen von Dell<\/strong><\/p>\n<\/li>\n<\/ul>\n<p class=\"\" data-start=\"1400\" data-end=\"1517\">\ud83d\udcf8 <strong data-start=\"1403\" data-end=\"1419\">Echte Fotos:<\/strong> Die Bilder in dieser Auflistung zeigen das genaue <strong data-start=\"1462\" data-end=\"1479\">Docking-Board<\/strong> erhalten Sie \u2013 keine Stockfotos!<\/p>\n<p class=\"\" data-start=\"1519\" data-end=\"1637\">\u2753 <strong data-start=\"1521\" data-end=\"1535\">Ben\u00f6tigen Sie Hilfe?<\/strong> Wir stellen keine Installationsanleitungen zur Verf\u00fcgung, aber Sie k\u00f6nnen uns gerne <strong data-start=\"1597\" data-end=\"1611\">eine Nachricht senden<\/strong>, wenn Sie Hilfe ben\u00f6tigen.<\/p>\n<p class=\"\" data-start=\"1639\" data-end=\"1769\">\ud83d\udce6 <strong data-start=\"1642\" data-end=\"1670\">Schneller weltweiter Versand!<\/strong> Bringen Sie Ihren robusten Laptop mit diesem <strong data-start=\"1722\" data-end=\"1766\">Original-Dell Latitude 5424 7424 Dock wieder in Topform. Vorstand<\/strong>.<\/p>\n","protected":false},"excerpt":{"rendered":"<p>Stellen Sie die Docking-Funktionalit\u00e4t mit dieser <strong data-start=\"347\" data-end=\"398\">robusten Original-Docking-Karte f\u00fcr Dell Latitude 5424 7424<\/strong> wieder her. Entwickelt f\u00fcr Langlebigkeit und Zuverl\u00e4ssigkeit. <strong data-start=\"441\" data-end=\"488\">Echte Fotos \u2013 Sie erhalten genau das, was abgebildet ist!<\/strong><\/p>\n","protected":false},"featured_media":17085,"template":"","meta":[],"product_brand":[],"product_cat":[63],"product_tag":[53],"class_list":{"0":"post-17021","1":"product","2":"type-product","3":"status-publish","4":"has-post-thumbnail","6":"product_cat-motherboards-board-parts","7":"product_tag-dell","9":"first","10":"instock","11":"taxable","12":"shipping-taxable","13":"purchasable","14":"product-type-simple"},"_links":{"self":[{"href":"https:\/\/boreait.com\/de\/wp-json\/wp\/v2\/product\/17021","targetHints":{"allow":["GET"]}}],"collection":[{"href":"https:\/\/boreait.com\/de\/wp-json\/wp\/v2\/product"}],"about":[{"href":"https:\/\/boreait.com\/de\/wp-json\/wp\/v2\/types\/product"}],"wp:featuredmedia":[{"embeddable":true,"href":"https:\/\/boreait.com\/de\/wp-json\/wp\/v2\/media\/17085"}],"wp:attachment":[{"href":"https:\/\/boreait.com\/de\/wp-json\/wp\/v2\/media?parent=17021"}],"wp:term":[{"taxonomy":"product_brand","embeddable":true,"href":"https:\/\/boreait.com\/de\/wp-json\/wp\/v2\/product_brand?post=17021"},{"taxonomy":"product_cat","embeddable":true,"href":"https:\/\/boreait.com\/de\/wp-json\/wp\/v2\/product_cat?post=17021"},{"taxonomy":"product_tag","embeddable":true,"href":"https:\/\/boreait.com\/de\/wp-json\/wp\/v2\/product_tag?post=17021"}],"curies":[{"name":"wp","href":"https:\/\/api.w.org\/{rel}","templated":true}]}}