{"id":17013,"date":"2025-09-16T14:18:13","date_gmt":"2025-09-16T12:18:13","guid":{"rendered":"https:\/\/boreait.com\/de\/?post_type=product&#038;p=17013"},"modified":"2025-09-16T14:20:48","modified_gmt":"2025-09-16T12:20:48","slug":"dell-latitude-5424-robuste-hdmi-und-serielle-anschlussklappe-original-laptop-abdeckung","status":"publish","type":"product","link":"https:\/\/boreait.com\/de\/produkt\/dell-latitude-5424-robuste-hdmi-und-serielle-anschlussklappe-original-laptop-abdeckung\/","title":{"rendered":"Dell Latitude 5424 Robuste HDMI- und serielle Anschlussklappe \u2013 Original-Laptop-Abdeckung"},"content":{"rendered":"<p class=\"\" data-start=\"551\" data-end=\"825\">Sorgen Sie daf\u00fcr, dass Ihr <strong data-start=\"563\" data-end=\"599\">robuster Dell Latitude 5424-Laptop<\/strong> mit dieser <strong data-start=\"626\" data-end=\"661\">echten HDMI- und seriellen Anschlussklappe<\/strong> gesch\u00fctzt bleibt. Diese robuste Abdeckung wurde speziell f\u00fcr <strong data-start=\"689\" data-end=\"725\">Dell Latitude 5424 Rugged-Modelle<\/strong> entwickelt und sch\u00fctzt die Anschl\u00fcsse Ihres Laptops vor Staub, Schmutz und versehentlichen Besch\u00e4digungen.<\/p>\n<p class=\"\" data-start=\"827\" data-end=\"1155\">\ud83d\udd39 <strong data-start=\"830\" data-end=\"847\">Hauptmerkmale:<\/strong><br data-start=\"847\" data-end=\"850\" \/>\u2714 <strong data-start=\"852\" data-end=\"873\">Originalteil von Dell<\/strong> \u2013 Sorgt f\u00fcr perfekte Passform und Langlebigkeit<br data-start=\"910\" data-end=\"913\" \/>\u2714 <strong data-start=\"915\" data-end=\"947\">Sch\u00fctzt HDMI & Serielle Anschl\u00fcsse<\/strong> \u2013 H\u00e4lt Staub und Feuchtigkeit fern<br data-start=\"977\" data-end=\"980\" \/>\u2714 <strong data-start=\"982\" data-end=\"1002\">Robust & Langlebig<\/strong> \u2013 F\u00fcr extreme Umgebungen geeignet<br data-start=\"1034\" data-end=\"1037\" \/>\u2714 <strong data-start=\"1039\" data-end=\"1075\">Passgenau f\u00fcr Dell Latitude 5424<\/strong> \u2013 Keine Anpassungen erforderlich<br data-start=\"1101\" data-end=\"1104\" \/>\u2714 <strong data-start=\"1106\" data-end=\"1125\">Einfacher Austausch<\/strong> \u2013 Einfach einrasten<\/p>\n<p class=\"\" data-start=\"1157\" data-end=\"1180\">\ud83d\udca1 <strong data-start=\"1160\" data-end=\"1178\">Kompatibilit\u00e4t:<\/strong><\/p>\n<ul data-start=\"1181\" data-end=\"1318\">\n<li class=\"\" data-start=\"1181\" data-end=\"1248\">\n<p class=\"\" data-start=\"1183\" data-end=\"1248\">Speziell f\u00fcr <strong data-start=\"1209\" data-end=\"1238\">Dell Latitude 5424 Rugged<\/strong> Laptops entwickelt<\/p>\n<\/li>\n<li class=\"\" data-start=\"1249\" data-end=\"1318\">\n<p class=\"\" data-start=\"1251\" data-end=\"1318\">\u00dcberpr\u00fcfen Sie vor dem Kauf Ihr Laptop-Modell auf Kompatibilit\u00e4t.<\/p>\n<\/li>\n<\/ul>\n<p class=\"\" data-start=\"1320\" data-end=\"1423\">\ud83d\udcf8 <strong data-start=\"1323\" data-end=\"1339\">Echte Fotos:<\/strong> Die Bilder in dieser Auflistung zeigen genau den Artikel, den Sie erhalten \u2013 keine \u00dcberraschungen!<\/p>\n<p class=\"\" data-start=\"1425\" data-end=\"1571\">\u2753 <strong data-start=\"1427\" data-end=\"1441\">Ben\u00f6tigen Sie Hilfe?<\/strong> Wir stellen keine Installationsanleitungen zur Verf\u00fcgung, aber Sie k\u00f6nnen uns <strong data-start=\"1498\" data-end=\"1512\">eine Nachricht senden<\/strong>, wenn Sie vor oder nach dem Kauf Fragen haben.<\/p>\n<p class=\"\" data-start=\"1573\" data-end=\"1700\">\ud83d\udce6 <strong data-start=\"1576\" data-end=\"1604\">Schneller weltweiter Versand!<\/strong> Holen Sie sich noch heute Ihre <strong data-start=\"1614\" data-end=\"1660\">Dell Latitude 5424 HDMI- und serielle Anschlussklappe<\/strong> und sch\u00fctzen Sie Ihr Notebook.<\/p>\n","protected":false},"excerpt":{"rendered":"<p>Original <strong data-start=\"322\" data-end=\"375\">robuste HDMI- und serielle Anschlussklappe des Dell Latitude 5424<\/strong>. Sch\u00fctzt die Anschl\u00fcsse vor Staub, Schmutz und Besch\u00e4digung. <strong data-start=\"421\" data-end=\"468\">Echte Fotos \u2013 was Sie sehen, ist das, was Sie bekommen!<\/strong><\/p>\n","protected":false},"featured_media":17075,"template":"","meta":[],"product_brand":[],"product_cat":[52],"product_tag":[53],"class_list":{"0":"post-17013","1":"product","2":"type-product","3":"status-publish","4":"has-post-thumbnail","6":"product_cat-laptop-housing","7":"product_tag-dell","9":"first","10":"instock","11":"taxable","12":"shipping-taxable","13":"purchasable","14":"product-type-simple"},"_links":{"self":[{"href":"https:\/\/boreait.com\/de\/wp-json\/wp\/v2\/product\/17013","targetHints":{"allow":["GET"]}}],"collection":[{"href":"https:\/\/boreait.com\/de\/wp-json\/wp\/v2\/product"}],"about":[{"href":"https:\/\/boreait.com\/de\/wp-json\/wp\/v2\/types\/product"}],"wp:featuredmedia":[{"embeddable":true,"href":"https:\/\/boreait.com\/de\/wp-json\/wp\/v2\/media\/17075"}],"wp:attachment":[{"href":"https:\/\/boreait.com\/de\/wp-json\/wp\/v2\/media?parent=17013"}],"wp:term":[{"taxonomy":"product_brand","embeddable":true,"href":"https:\/\/boreait.com\/de\/wp-json\/wp\/v2\/product_brand?post=17013"},{"taxonomy":"product_cat","embeddable":true,"href":"https:\/\/boreait.com\/de\/wp-json\/wp\/v2\/product_cat?post=17013"},{"taxonomy":"product_tag","embeddable":true,"href":"https:\/\/boreait.com\/de\/wp-json\/wp\/v2\/product_tag?post=17013"}],"curies":[{"name":"wp","href":"https:\/\/api.w.org\/{rel}","templated":true}]}}