{"id":17012,"date":"2025-09-16T14:18:11","date_gmt":"2025-09-16T12:18:11","guid":{"rendered":"https:\/\/boreait.com\/de\/?post_type=product&#038;p=17012"},"modified":"2025-09-16T14:20:44","modified_gmt":"2025-09-16T12:20:44","slug":"robuster-fingerabdruckleser-fuer-dell-latitude-5424-original-biometrisches-laptop-teil","status":"publish","type":"product","link":"https:\/\/boreait.com\/de\/produkt\/robuster-fingerabdruckleser-fuer-dell-latitude-5424-original-biometrisches-laptop-teil\/","title":{"rendered":"Robuster Fingerabdruckleser f\u00fcr Dell Latitude 5424 \u2013 Original-biometrisches Laptop-Teil"},"content":{"rendered":"<p class=\"\" data-start=\"557\" data-end=\"844\">Erh\u00f6hen Sie die Sicherheit Ihres <strong data-start=\"586\" data-end=\"615\">Dell Latitude 5424 Rugged<\/strong>-Laptops mit diesem <strong data-start=\"633\" data-end=\"664\">Original-Fingerabdruckleser<\/strong>. Dieser biometrische Scanner ist auf Langlebigkeit und Genauigkeit ausgelegt und gew\u00e4hrleistet <strong data-start=\"735\" data-end=\"762\">schnelle und sichere Anmeldungen<\/strong>. Damit ist er ein unverzichtbares Upgrade f\u00fcr Profis und sicherheitsbewusste Benutzer.<\/p>\n<p class=\"\" data-start=\"846\" data-end=\"1262\">\ud83d\udd39 <strong data-start=\"849\" data-end=\"866\">Hauptmerkmale:<\/strong><br data-start=\"866\" data-end=\"869\" \/>\u2714 <strong data-start=\"871\" data-end=\"892\">Originalteil von Dell<\/strong> \u2013 Gew\u00e4hrleistet vollst\u00e4ndige Kompatibilit\u00e4t und Zuverl\u00e4ssigkeit<br data-start=\"937\" data-end=\"940\" \/>\u2714 <strong data-start=\"942\" data-end=\"964\">Biometrische Sicherheit<\/strong> \u2013 Erm\u00f6glicht eine schnelle und sichere Authentifizierung per Fingerabdruck<br data-start=\"1017\" data-end=\"1020\" \/>\u2714 <strong data-start=\"1022\" data-end=\"1037\">Perfekte Passform<\/strong> \u2013 Speziell f\u00fcr <strong data-start=\"1066\" data-end=\"1095\">Dell Latitude 5424 Rugged<\/strong>-Laptops entwickelt<br data-start=\"1103\" data-end=\"1106\" \/>\u2714 <strong data-start=\"1108\" data-end=\"1129\">Einfache Installation<\/strong> \u2013 Ersetzen Sie Ihren alten oder nicht funktionierenden Fingerabdruckscanner problemlos<br data-start=\"1195\" data-end=\"1198\" \/>\u2714 <strong data-start=\"1200\" data-end=\"1220\">Langlebig & Robust<\/strong> \u2013 F\u00fcr anspruchsvolle Umgebungen konzipiert<\/p>\n<p class=\"\" data-start=\"1264\" data-end=\"1287\">\ud83d\udca1 <strong data-start=\"1267\" data-end=\"1285\">Kompatibilit\u00e4t:<\/strong><\/p>\n<ul data-start=\"1288\" data-end=\"1472\">\n<li class=\"\" data-start=\"1288\" data-end=\"1391\">\n<p class=\"\" data-start=\"1290\" data-end=\"1391\">Speziell f\u00fcr <strong data-start=\"1316\" data-end=\"1345\">Dell Latitude 5424 Rugged<\/strong> entwickelt (Bitte \u00fcberpr\u00fcfen Sie vor dem Kauf Ihr Laptop-Modell)<\/p>\n<\/li>\n<li class=\"\" data-start=\"1392\" data-end=\"1472\">\n<p class=\"\" data-start=\"1394\" data-end=\"1472\">OEM-Teil gew\u00e4hrleistet eine <strong data-start=\"1411\" data-end=\"1435\">nahtlose Integration<\/strong> in das Sicherheitssystem Ihres Laptops<\/p>\n<\/li>\n<\/ul>\n<p class=\"\" data-start=\"1474\" data-end=\"1598\">\ud83d\udcf8 <strong data-start=\"1477\" data-end=\"1493\">Echte Fotos:<\/strong> Die Bilder in dieser Auflistung zeigen den <strong data-start=\"1532\" data-end=\"1560\">genauen Fingerabdruckleser<\/strong>, den Sie erhalten \u2013 keine Archivbilder!<\/p>\n<p class=\"\" data-start=\"1600\" data-end=\"1736\">\u2753 <strong data-start=\"1602\" data-end=\"1616\">Ben\u00f6tigen Sie Hilfe?<\/strong> Wir stellen keine Installationsanleitungen zur Verf\u00fcgung, aber Sie k\u00f6nnen uns gerne <strong data-start=\"1678\" data-end=\"1692\">Schreiben Sie uns<\/strong>, wenn Sie Unterst\u00fctzung vor oder nach dem Kauf ben\u00f6tigen.<\/p>\n<p class=\"\" data-start=\"1738\" data-end=\"1860\">\ud83d\udce6 <strong data-start=\"1741\" data-end=\"1769\">Schneller weltweiter Versand!<\/strong> Holen Sie sich die biometrische Sicherheit Ihres Laptops zur\u00fcck mit diesem <strong data-start=\"1822\" data-end=\"1857\">originalen Dell-Fingerabdruckleser<\/strong>.<\/p>\n","protected":false},"excerpt":{"rendered":"<p>R\u00fcsten Sie Ihren <strong data-start=\"328\" data-end=\"357\">Dell Latitude 5424 Rugged<\/strong>-Laptop mit diesem <strong data-start=\"375\" data-end=\"405\">echten Fingerabdruckleser<\/strong> f\u00fcr eine sichere biometrische Anmeldung auf. <strong data-start=\"435\" data-end=\"474\">Echte Fotos \u2013 Sie bekommen, was Sie sehen!<\/strong><\/p>\n","protected":false},"featured_media":17073,"template":"","meta":[],"product_brand":[],"product_cat":[63],"product_tag":[53],"class_list":{"0":"post-17012","1":"product","2":"type-product","3":"status-publish","4":"has-post-thumbnail","6":"product_cat-motherboards-board-parts","7":"product_tag-dell","9":"first","10":"instock","11":"taxable","12":"shipping-taxable","13":"purchasable","14":"product-type-simple"},"_links":{"self":[{"href":"https:\/\/boreait.com\/de\/wp-json\/wp\/v2\/product\/17012","targetHints":{"allow":["GET"]}}],"collection":[{"href":"https:\/\/boreait.com\/de\/wp-json\/wp\/v2\/product"}],"about":[{"href":"https:\/\/boreait.com\/de\/wp-json\/wp\/v2\/types\/product"}],"wp:featuredmedia":[{"embeddable":true,"href":"https:\/\/boreait.com\/de\/wp-json\/wp\/v2\/media\/17073"}],"wp:attachment":[{"href":"https:\/\/boreait.com\/de\/wp-json\/wp\/v2\/media?parent=17012"}],"wp:term":[{"taxonomy":"product_brand","embeddable":true,"href":"https:\/\/boreait.com\/de\/wp-json\/wp\/v2\/product_brand?post=17012"},{"taxonomy":"product_cat","embeddable":true,"href":"https:\/\/boreait.com\/de\/wp-json\/wp\/v2\/product_cat?post=17012"},{"taxonomy":"product_tag","embeddable":true,"href":"https:\/\/boreait.com\/de\/wp-json\/wp\/v2\/product_tag?post=17012"}],"curies":[{"name":"wp","href":"https:\/\/api.w.org\/{rel}","templated":true}]}}