{"id":17011,"date":"2025-09-16T14:18:10","date_gmt":"2025-09-16T12:18:10","guid":{"rendered":"https:\/\/boreait.com\/de\/?post_type=product&#038;p=17011"},"modified":"2025-09-16T14:20:40","modified_gmt":"2025-09-16T12:20:40","slug":"dell-rugged-5420-gps-platine-original-oem-laptopteil-0dxrjf-dxrjf","status":"publish","type":"product","link":"https:\/\/boreait.com\/de\/produkt\/dell-rugged-5420-gps-platine-original-oem-laptopteil-0dxrjf-dxrjf\/","title":{"rendered":"Dell Rugged 5420 GPS-Platine \u2013 Original-OEM-Laptopteil \u2013 0DXRJF DXRJF"},"content":{"rendered":"<p class=\"\" data-start=\"533\" data-end=\"841\">Erweitern Sie Ihr <strong data-start=\"546\" data-end=\"568\">Dell Rugged 5420<\/strong> mit dieser <strong data-start=\"579\" data-end=\"604\">Original-OEM-GPS-Karte<\/strong>, die f\u00fcr eine genaue Standortverfolgung f\u00fcr Gesch\u00e4fts-, Navigations- und Sicherheitsanwendungen entwickelt wurde. Dieses Modul ist ein <strong data-start=\"723\" data-end=\"745\">direkter Ersatz<\/strong> f\u00fcr das Originalteil und gew\u00e4hrleistet volle Kompatibilit\u00e4t und nahtlose Integration in Ihr Notebook.<\/p>\n<p class=\"\" data-start=\"843\" data-end=\"1199\">\ud83d\udd39 <strong data-start=\"846\" data-end=\"863\">Hauptmerkmale:<\/strong><br data-start=\"863\" data-end=\"866\" \/>\u2714 <strong data-start=\"868\" data-end=\"893\">Original Dell OEM-Teil 0DXRJF DXRJF<\/strong> \u2013 Gew\u00e4hrleistet Zuverl\u00e4ssigkeit und volle Kompatibilit\u00e4t<br data-start=\"938\" data-end=\"941\" \/>\u2714 <strong data-start=\"943\" data-end=\"964\">GPS-Funktionalit\u00e4t<\/strong> \u2013 Erm\u00f6glicht genaue Positionierung und Verfolgung<br data-start=\"1008\" data-end=\"1011\" \/>\u2714 <strong data-start=\"1013\" data-end=\"1055\">Modell: Entwickelt f\u00fcr Dell Rugged 5420<\/strong> \u2013 OEM-Pr\u00e4zisionspassform<br data-start=\"1075\" data-end=\"1078\" \/>\u2714 <strong data-start=\"1080\" data-end=\"1101\">Einfache Installation<\/strong> \u2013 Direkter Plug-and-Play-Austausch<br data-start=\"1136\" data-end=\"1139\" \/>\u2714 <strong data-start=\"1141\" data-end=\"1164\">Kompakt & Effizient<\/strong> \u2013 Minimale Auswirkungen auf die Akkulaufzeit<\/p>\n<p class=\"\" data-start=\"1201\" data-end=\"1224\">\ud83d\udca1 <strong data-start=\"1204\" data-end=\"1222\">Kompatibilit\u00e4t:<\/strong><\/p>\n<ul data-start=\"1225\" data-end=\"1357\">\n<li class=\"\" data-start=\"1225\" data-end=\"1295\">\n<p class=\"\" data-start=\"1227\" data-end=\"1295\"><strong data-start=\"1227\" data-end=\"1249\">Dell Rugged 5420<\/strong> (\u00dcberpr\u00fcfen Sie vor dem Kauf Ihr Laptop-Modell)<\/p>\n<\/li>\n<li class=\"\" data-start=\"1296\" data-end=\"1357\">\n<p class=\"\" data-start=\"1298\" data-end=\"1357\">Standard-interner Anschluss f\u00fcr GPS-f\u00e4hige Dell-Laptops<\/p>\n<\/li>\n<\/ul>\n<p class=\"\" data-start=\"1359\" data-end=\"1468\">\ud83d\udcf8 <strong data-start=\"1362\" data-end=\"1378\">Echte Fotos:<\/strong> Die Bilder in dieser Auflistung zeigen genau das GPS-Board, das Sie erhalten \u2013 keine Archivfotos!<\/p>\n<p class=\"\" data-start=\"1470\" data-end=\"1622\">\u2753 <strong data-start=\"1472\" data-end=\"1486\">Ben\u00f6tigen Sie Hilfe?<\/strong> Wir stellen keine Installationsanleitungen zur Verf\u00fcgung. Sie k\u00f6nnen uns jedoch gerne <strong data-start=\"1548\" data-end=\"1562\">eine Nachricht senden<\/strong>, wenn Sie vor oder nach dem Kauf Hilfe ben\u00f6tigen.<\/p>\n<p class=\"\" data-start=\"1624\" data-end=\"1739\">\ud83d\udce6 <strong data-start=\"1627\" data-end=\"1655\">Schneller weltweiter Versand!<\/strong> Statten Sie Ihren Laptop mit GPS-Funktionalit\u00e4t aus, indem Sie dieses <strong data-start=\"1715\" data-end=\"1736\">Originalteil von Dell<\/strong> verwenden.<\/p>\n","protected":false},"excerpt":{"rendered":"<p>R\u00fcsten Sie Ihr <strong data-start=\"313\" data-end=\"335\">Dell Rugged 5420<\/strong> mit dieser <strong data-start=\"346\" data-end=\"371\">Original-OEM-GPS-Karte<\/strong> f\u00fcr pr\u00e4zise Standortverfolgung auf. <strong data-start=\"403\" data-end=\"450\">Echte Fotos \u2013 was Sie sehen, ist das, was Sie bekommen!<\/strong><\/p>\n","protected":false},"featured_media":17071,"template":"","meta":[],"product_brand":[],"product_cat":[63],"product_tag":[53],"class_list":{"0":"post-17011","1":"product","2":"type-product","3":"status-publish","4":"has-post-thumbnail","6":"product_cat-motherboards-board-parts","7":"product_tag-dell","9":"first","10":"instock","11":"taxable","12":"shipping-taxable","13":"purchasable","14":"product-type-simple"},"_links":{"self":[{"href":"https:\/\/boreait.com\/de\/wp-json\/wp\/v2\/product\/17011","targetHints":{"allow":["GET"]}}],"collection":[{"href":"https:\/\/boreait.com\/de\/wp-json\/wp\/v2\/product"}],"about":[{"href":"https:\/\/boreait.com\/de\/wp-json\/wp\/v2\/types\/product"}],"wp:featuredmedia":[{"embeddable":true,"href":"https:\/\/boreait.com\/de\/wp-json\/wp\/v2\/media\/17071"}],"wp:attachment":[{"href":"https:\/\/boreait.com\/de\/wp-json\/wp\/v2\/media?parent=17011"}],"wp:term":[{"taxonomy":"product_brand","embeddable":true,"href":"https:\/\/boreait.com\/de\/wp-json\/wp\/v2\/product_brand?post=17011"},{"taxonomy":"product_cat","embeddable":true,"href":"https:\/\/boreait.com\/de\/wp-json\/wp\/v2\/product_cat?post=17011"},{"taxonomy":"product_tag","embeddable":true,"href":"https:\/\/boreait.com\/de\/wp-json\/wp\/v2\/product_tag?post=17011"}],"curies":[{"name":"wp","href":"https:\/\/api.w.org\/{rel}","templated":true}]}}