{"id":16991,"date":"2025-09-16T14:17:07","date_gmt":"2025-09-16T12:17:07","guid":{"rendered":"https:\/\/boreait.com\/de\/?post_type=product&#038;p=16991"},"modified":"2025-09-16T14:19:48","modified_gmt":"2025-09-16T12:19:48","slug":"oem-dell-rugged-5424-untere-abdeckung-07x19c-original-laptop-ersatzteil","status":"publish","type":"product","link":"https:\/\/boreait.com\/de\/produkt\/oem-dell-rugged-5424-untere-abdeckung-07x19c-original-laptop-ersatzteil\/","title":{"rendered":"OEM Dell Rugged 5424 Untere Abdeckung 07x19c \u2013 Original-Laptop-Ersatzteil"},"content":{"rendered":"<p class=\"\" data-start=\"538\" data-end=\"759\">Ersetzen Sie Ihre besch\u00e4digte oder fehlende Bodenabdeckung durch dieses <strong data-start=\"593\" data-end=\"641\">OEM Dell Rugged 5424-Untergeh\u00e4use (07x19c)<\/strong>. Dies ist ein <strong data-start=\"653\" data-end=\"674\">Originalteil von Dell<\/strong>, das perfekte Passform und Langlebigkeit f\u00fcr Ihr robustes <strong data-start=\"732\" data-end=\"756\">Rugged 5424-Notebook<\/strong> gew\u00e4hrleistet.<\/p>\n<p class=\"\" data-start=\"761\" data-end=\"1151\">\ud83d\udd39 <strong data-start=\"764\" data-end=\"781\">Hauptmerkmale:<\/strong><br data-start=\"781\" data-end=\"784\" \/>\u2714 <strong data-start=\"786\" data-end=\"808\">Originalteil von Dell<\/strong> \u2013 Zuverl\u00e4ssige OEM-Qualit\u00e4t<br data-start=\"831\" data-end=\"834\" \/>\u2714 <strong data-start=\"836\" data-end=\"854\">Modell: <\/strong>07x19c \u2013 Passgenau f\u00fcr das <strong data-start=\"875\" data-end=\"899\">Rugged 5424-Serie<\/strong><br data-start=\"899\" data-end=\"902\" \/>\u2714 <strong data-start=\"904\" data-end=\"928\">Langlebige Konstruktion<\/strong> \u2013 Passend zum robusten Design des Rugged\u00a0 5424<br data-start=\"984\" data-end=\"987\" \/>\u2714 <strong data-start=\"989\" data-end=\"1009\">Vorgestanzte \u00d6ffnungen<\/strong> \u2013 Gew\u00e4hrleistet den Zugang zu allen Anschl\u00fcssen, L\u00fcftungs\u00f6ffnungen und Befestigungspunkten<br data-start=\"1067\" data-end=\"1070\" \/>\u2714 <strong data-start=\"1072\" data-end=\"1093\">Einfache Installation<\/strong> \u2013 Tauschen Sie Ihr altes Geh\u00e4useunterteil schnell und problemlos aus<\/p>\n<p class=\"\" data-start=\"1153\" data-end=\"1176\">\ud83d\udca1 <strong data-start=\"1156\" data-end=\"1174\">Kompatibilit\u00e4t:<\/strong><\/p>\n<ul data-start=\"1177\" data-end=\"1317\">\n<li class=\"\" data-start=\"1177\" data-end=\"1266\">\n<p class=\"\" data-start=\"1179\" data-end=\"1266\">Speziell f\u00fcr <strong data-start=\"1205\" data-end=\"1227\">Dell Rugged\u00a0 5424<\/strong> entwickelt (Modell vor dem Kauf pr\u00fcfen)<\/p>\n<\/li>\n<li class=\"\" data-start=\"1267\" data-end=\"1317\">\n<p class=\"\" data-start=\"1269\" data-end=\"1317\">Direkter Ersatz f\u00fcr 07x19c-Teil Nummer<\/p>\n<\/li>\n<\/ul>\n<p class=\"\" data-start=\"1319\" data-end=\"1420\">\ud83d\udcf8 <strong data-start=\"1322\" data-end=\"1338\">Echte Fotos:<\/strong> Die Bilder in dieser Auflistung zeigen genau den Artikel, den Sie erhalten werden \u2013 keine \u00dcberraschungen!<\/p>\n<p class=\"\" data-start=\"1422\" data-end=\"1576\">\u2753 <strong data-start=\"1424\" data-end=\"1438\">Ben\u00f6tigen Sie Hilfe?<\/strong> Wir stellen zwar keine Installationsanleitung zur Verf\u00fcgung, aber Sie k\u00f6nnen uns gerne eine <strong data-start=\"1502\" data-end=\"1516\">Nachricht<\/strong> senden, wenn Sie vor oder nach dem Kauf Hilfe ben\u00f6tigen.<\/p>\n<p class=\"\" data-start=\"1578\" data-end=\"1709\">\ud83d\udce6 <strong data-start=\"1581\" data-end=\"1609\">Schneller weltweiter Versand!<\/strong> Bringen Sie Ihr <strong data-start=\"1619\" data-end=\"1641\">Dell Rugged 5424<\/strong> mit diesem <strong data-start=\"1670\" data-end=\"1706\">Original-Ersatzteil f\u00fcr die untere Abdeckung<\/strong> wieder in Topform.<\/p>\n","protected":false},"excerpt":{"rendered":"<p>Original <strong data-start=\"325\" data-end=\"370\">Untere Abdeckung f\u00fcr Dell Rugged 5424 (07x19c)<\/strong> \u2013 OEM-Ersatz f\u00fcr perfekte Passform. <strong data-start=\"408\" data-end=\"455\">Echte Fotos \u2013 Sie bekommen genau das, was Sie sehen!<\/strong><\/p>\n","protected":false},"featured_media":17053,"template":"","meta":[],"product_brand":[],"product_cat":[52],"product_tag":[53],"class_list":{"0":"post-16991","1":"product","2":"type-product","3":"status-publish","4":"has-post-thumbnail","6":"product_cat-laptop-housing","7":"product_tag-dell","9":"first","10":"instock","11":"taxable","12":"shipping-taxable","13":"purchasable","14":"product-type-simple"},"_links":{"self":[{"href":"https:\/\/boreait.com\/de\/wp-json\/wp\/v2\/product\/16991","targetHints":{"allow":["GET"]}}],"collection":[{"href":"https:\/\/boreait.com\/de\/wp-json\/wp\/v2\/product"}],"about":[{"href":"https:\/\/boreait.com\/de\/wp-json\/wp\/v2\/types\/product"}],"wp:featuredmedia":[{"embeddable":true,"href":"https:\/\/boreait.com\/de\/wp-json\/wp\/v2\/media\/17053"}],"wp:attachment":[{"href":"https:\/\/boreait.com\/de\/wp-json\/wp\/v2\/media?parent=16991"}],"wp:term":[{"taxonomy":"product_brand","embeddable":true,"href":"https:\/\/boreait.com\/de\/wp-json\/wp\/v2\/product_brand?post=16991"},{"taxonomy":"product_cat","embeddable":true,"href":"https:\/\/boreait.com\/de\/wp-json\/wp\/v2\/product_cat?post=16991"},{"taxonomy":"product_tag","embeddable":true,"href":"https:\/\/boreait.com\/de\/wp-json\/wp\/v2\/product_tag?post=16991"}],"curies":[{"name":"wp","href":"https:\/\/api.w.org\/{rel}","templated":true}]}}