{"id":16936,"date":"2025-09-16T14:15:09","date_gmt":"2025-09-16T12:15:09","guid":{"rendered":"https:\/\/boreait.com\/de\/?post_type=product&#038;p=16936"},"modified":"2025-09-16T14:16:55","modified_gmt":"2025-09-16T12:16:55","slug":"156-lcd-bildschirm-lp156wh4tln1-1366x768-60hz-fuer-asus-x52n-x53by","status":"publish","type":"product","link":"https:\/\/boreait.com\/de\/produkt\/156-lcd-bildschirm-lp156wh4tln1-1366x768-60hz-fuer-asus-x52n-x53by\/","title":{"rendered":"15,6 LCD-Bildschirm LP156WH4(TL)(N1) 1366&#215;768 60Hz f\u00fcr ASUS X52N X53BY"},"content":{"rendered":"<p data-start=\"650\" data-end=\"1021\">Verleihen Sie Ihrem <strong data-start=\"660\" data-end=\"687\">ASUS X52N, X53BY-SX196V<\/strong> mit diesem hochwertigen <strong data-start=\"722\" data-end=\"759\">15,6-Zoll-LCD-Bildschirm (LP156WH4-TL-N1)<\/strong> neues Leben. Dieses Ersatzdisplay bietet eine <strong data-start=\"798\" data-end=\"824\">HD-Aufl\u00f6sung von 1366 x 768<\/strong> und liefert gestochen scharfe Bilder f\u00fcr allt\u00e4gliche Aufgaben, zum Surfen und f\u00fcr Unterhaltung. Die <strong data-start=\"904\" data-end=\"925\">Bildwiederholfrequenz von 60 Hz<\/strong> sorgt f\u00fcr eine reibungslose Leistung, w\u00e4hrend die <strong data-start=\"964\" data-end=\"980\">matte Oberfl\u00e4che<\/strong> Blendeffekte reduziert und so ein angenehmes Seherlebnis erm\u00f6glicht.<\/p>\n<p data-start=\"1023\" data-end=\"1446\">\ud83d\udd39 <strong data-start=\"1026\" data-end=\"1043\">Hauptmerkmale:<\/strong><br data-start=\"1043\" data-end=\"1046\" \/>\u2714 <strong data-start=\"1048\" data-end=\"1091\">Kompatibel mit ASUS X52N, X53BY-SX196V<\/strong> \u2013 \u00dcberpr\u00fcfen Sie Ihr Modell vor dem Kauf<br data-start=\"1126\" data-end=\"1129\" \/>\u2714 <strong data-start=\"1131\" data-end=\"1140\">Gr\u00f6\u00dfe:<\/strong> 15,6 Zoll \u2013 Perfekte Passform f\u00fcr Ihren Laptop<br data-start=\"1182\" data-end=\"1185\" \/>\u2714 <strong data-start=\"1187\" data-end=\"1202\">Aufl\u00f6sung:<\/strong> <strong data-start=\"1203\" data-end=\"1218\">1366 x 768 HD<\/strong> \u2013 Gestochen scharfe und klare Anzeige<br data-start=\"1244\" data-end=\"1247\" \/>\u2714 <strong data-start=\"1249\" data-end=\"1266\">Bildwiederholfrequenz:<\/strong> <strong data-start=\"1267\" data-end=\"1275\">60 Hz<\/strong> \u2013 Fl\u00fcssige Bilder f\u00fcr den t\u00e4glichen Gebrauch<br data-start=\"1306\" data-end=\"1309\" \/>\u2714 <strong data-start=\"1311\" data-end=\"1326\">Paneltyp:<\/strong> LCD<br data-start=\"1330\" data-end=\"1333\" \/>\u2714 <strong data-start=\"1335\" data-end=\"1349\" data-is-only-node=\"\">Anschluss:<\/strong> <strong data-start=\"1350\" data-end=\"1364\">40-poliger eDP<\/strong> \u2013 Standard f\u00fcr ASUS-Laptops<br data-start=\"1392\" data-end=\"1395\" \/>\u2714 <strong data-start=\"1397\" data-end=\"1414\">Matte Oberfl\u00e4che:<\/strong> Reduziert Reflexionen und Blendeffekte<\/p>\n<p data-start=\"1448\" data-end=\"1478\">\ud83d\udca1 <strong data-start=\"1451\" data-end=\"1476\">Kompatibilit\u00e4tshinweis:<\/strong><\/p>\n<ul data-start=\"1479\" data-end=\"1641\">\n<li data-start=\"1479\" data-end=\"1568\">Entwickelt f\u00fcr <strong data-start=\"1494\" data-end=\"1521\">ASUS X52N, X53BY-SX196V<\/strong> (\u00dcberpr\u00fcfen Sie das Modell Ihres Laptops vor der Bestellung)<\/li>\n<li data-start=\"1569\" data-end=\"1641\">Kompatibel mit Laptops mit dem Bildschirmmodell <strong data-start=\"1605\" data-end=\"1626\">LP156WH4 (TL)(N1)<\/strong><\/li>\n<\/ul>\n<p data-start=\"1643\" data-end=\"1742\">\ud83d\udcf8 <strong data-start=\"1646\" data-end=\"1662\">Echte Fotos:<\/strong> Die Bilder in dieser Auflistung zeigen den <strong data-start=\"1701\" data-end=\"1722\">tats\u00e4chlichen LCD-Bildschirm<\/strong>, den Sie erhalten!<\/p>\n<p data-start=\"1744\" data-end=\"1887\">\u2753 <strong data-start=\"1746\" data-end=\"1760\">Ben\u00f6tigen Sie Hilfe?<\/strong> Wir stellen zwar keine Installationsanleitung zur Verf\u00fcgung, aber Sie k\u00f6nnen uns gerne kontaktieren. <strong data-start=\"1824\" data-end=\"1838\">senden Sie uns eine Nachricht<\/strong>, wenn Sie Fragen zur Kompatibilit\u00e4t haben.<\/p>\n<p data-start=\"1889\" data-end=\"2015\">\ud83d\udce6 <strong data-start=\"1892\" data-end=\"1920\">Schneller weltweiter Versand!<\/strong> Bringen Sie Ihren Laptop mit diesem <strong data-start=\"1973\" data-end=\"2012\">hochwertigen Ersatz-LCD-Bildschirm<\/strong> wieder in einen perfekten Zustand.<\/p>\n","protected":false},"excerpt":{"rendered":"<p>R\u00fcsten Sie Ihren ASUS-Laptop mit diesem <strong data-start=\"352\" data-end=\"401\">15,6&#8243; LCD-Ersatzbildschirm (LP156WH4-TL-N1)<\/strong> auf. Mit einer <strong data-start=\"415\" data-end=\"441\">HD-Aufl\u00f6sung von 1366 x 768<\/strong>, einer <strong data-start=\"443\" data-end=\"464\">Bildwiederholfrequenz von 60 Hz<\/strong> und einer <strong data-start=\"470\" data-end=\"486\">matten Oberfl\u00e4che<\/strong> f\u00fcr ein klares, blendfreies Display. <strong data-start=\"520\" data-end=\"567\">Echte Fotos \u2013 was Sie sehen, ist das, was Sie bekommen!<\/strong><\/p>\n","protected":false},"featured_media":16986,"template":"","meta":[],"product_brand":[],"product_cat":[58,57],"product_tag":[66],"class_list":{"0":"post-16936","1":"product","2":"type-product","3":"status-publish","4":"has-post-thumbnail","6":"product_cat-15-6","7":"product_cat-laptop-screens-lcd-panels","8":"product_tag-asus","10":"first","11":"instock","12":"taxable","13":"shipping-taxable","14":"purchasable","15":"product-type-simple"},"_links":{"self":[{"href":"https:\/\/boreait.com\/de\/wp-json\/wp\/v2\/product\/16936","targetHints":{"allow":["GET"]}}],"collection":[{"href":"https:\/\/boreait.com\/de\/wp-json\/wp\/v2\/product"}],"about":[{"href":"https:\/\/boreait.com\/de\/wp-json\/wp\/v2\/types\/product"}],"wp:featuredmedia":[{"embeddable":true,"href":"https:\/\/boreait.com\/de\/wp-json\/wp\/v2\/media\/16986"}],"wp:attachment":[{"href":"https:\/\/boreait.com\/de\/wp-json\/wp\/v2\/media?parent=16936"}],"wp:term":[{"taxonomy":"product_brand","embeddable":true,"href":"https:\/\/boreait.com\/de\/wp-json\/wp\/v2\/product_brand?post=16936"},{"taxonomy":"product_cat","embeddable":true,"href":"https:\/\/boreait.com\/de\/wp-json\/wp\/v2\/product_cat?post=16936"},{"taxonomy":"product_tag","embeddable":true,"href":"https:\/\/boreait.com\/de\/wp-json\/wp\/v2\/product_tag?post=16936"}],"curies":[{"name":"wp","href":"https:\/\/api.w.org\/{rel}","templated":true}]}}