{"id":16876,"date":"2025-09-16T14:12:21","date_gmt":"2025-09-16T12:12:21","guid":{"rendered":"https:\/\/boreait.com\/de\/?post_type=product&#038;p=16876"},"modified":"2025-09-16T14:15:35","modified_gmt":"2025-09-16T12:15:35","slug":"wd-500-gb-hdd-wd5000lpvx-25-sata-festplatte-laptop-speicher-upgrade","status":"publish","type":"product","link":"https:\/\/boreait.com\/de\/produkt\/wd-500-gb-hdd-wd5000lpvx-25-sata-festplatte-laptop-speicher-upgrade\/","title":{"rendered":"WD 500 GB HDD WD5000LPVX 2,5 SATA-Festplatte \u2013 Laptop-Speicher-Upgrade"},"content":{"rendered":"<p data-start=\"568\" data-end=\"809\">100 % GESUNDHEIT<\/p>\n<p data-start=\"568\" data-end=\"809\">Steigern Sie die Leistung und den Speicherplatz Ihres Laptops mit dieser <strong data-start=\"622\" data-end=\"664\">Western Digital 500-GB-Festplatte (WD5000LPVX)<\/strong>. Diese <strong data-start=\"712\" data-end=\"740\">2,5-Zoll-SATA-Festplatte<\/strong> wurde f\u00fcr Zuverl\u00e4ssigkeit und Effizienz entwickelt und eignet sich perfekt f\u00fcr die Aufr\u00fcstung Ihres Systems oder den Austausch einer besch\u00e4digten Festplatte.<\/p>\n<p data-start=\"811\" data-end=\"1183\">\ud83d\udd39 <strong data-start=\"814\" data-end=\"831\">Hauptmerkmale:<\/strong><br data-start=\"831\" data-end=\"834\" \/>\u2714 <strong data-start=\"836\" data-end=\"867\">Marke: Western Digital (WD)<\/strong> \u2013 Vertrauensw\u00fcrdig f\u00fcr Leistung & Haltbarkeit<br data-start=\"906\" data-end=\"909\" \/>\u2714 <strong data-start=\"911\" data-end=\"932\">Modell: WD5000LPVX<\/strong> \u2013 500 GB Speicherkapazit\u00e4t f\u00fcr den t\u00e4glichen Gebrauch<br data-start=\"974\" data-end=\"977\" \/>\u2714 <strong data-start=\"979\" data-end=\"1002\">2,5\u2033 SATA-Schnittstelle<\/strong> \u2013 Standardm\u00e4\u00dfig f\u00fcr die meisten Laptops geeignet<br data-start=\"1034\" data-end=\"1037\" \/>\u2714 <strong data-start=\"1039\" data-end=\"1069\">5400 U\/min Geschwindigkeit & 8 MB Cache<\/strong> \u2013 Reibungslose Daten\u00fcbertragung und zuverl\u00e4ssige Leistung<br data-start=\"1118\" data-end=\"1121\" \/>\u2714 <strong data-start=\"1123\" data-end=\"1143\">Energie Effizient<\/strong> \u2013 Optimiert f\u00fcr niedrigen Stromverbrauch<\/p>\n<p data-start=\"1185\" data-end=\"1208\">\ud83d\udca1 <strong data-start=\"1188\" data-end=\"1206\">Kompatibilit\u00e4t:<\/strong><\/p>\n<ul data-start=\"1209\" data-end=\"1391\">\n<li data-start=\"1209\" data-end=\"1287\">Funktioniert mit den meisten <strong data-start=\"1227\" data-end=\"1252\">Laptops und Notebooks<\/strong> mit einer <strong data-start=\"1261\" data-end=\"1285\">2,5-Zoll-SATA-Festplatte<\/strong><\/li>\n<li data-start=\"1288\" data-end=\"1391\">Auch geeignet f\u00fcr <strong data-start=\"1308\" data-end=\"1351\">externe Geh\u00e4use und Gaming-Ger\u00e4te Konsolen<\/strong> (Kompatibilit\u00e4t vor dem Kauf pr\u00fcfen)<\/li>\n<\/ul>\n<p data-start=\"1393\" data-end=\"1502\">\ud83d\udcf8 <strong data-start=\"1396\" data-end=\"1412\">Echte Fotos:<\/strong> Die Bilder in dieser Auflistung zeigen genau die Festplatte, die Sie erhalten \u2013 keine \u00dcberraschungen!<\/p>\n<p data-start=\"1504\" data-end=\"1624\">\u2753 <strong data-start=\"1506\" data-end=\"1520\">Ben\u00f6tigen Sie Hilfe?<\/strong> Wir stellen zwar keine Installationsanleitungen zur Verf\u00fcgung, aber Sie k\u00f6nnen uns gerne eine <strong data-start=\"1584\" data-end=\"1598\">Nachricht<\/strong> senden, wenn Sie Hilfe ben\u00f6tigen.<\/p>\n<p data-start=\"1626\" data-end=\"1736\">\ud83d\udce6 <strong data-start=\"1629\" data-end=\"1657\">Schneller weltweiter Versand Versand!<\/strong> Holen Sie sich noch heute Ihre <strong data-start=\"1667\" data-end=\"1683\">WD 500 GB HDD<\/strong> und stellen Sie den Speicher Ihres Laptops wieder her oder erweitern Sie ihn.<\/p>\n","protected":false},"excerpt":{"rendered":"<p>R\u00fcsten Sie Ihren Laptop mit dieser <strong data-start=\"327\" data-end=\"379\">500 GB Western Digital (WD5000LPVX) 2,5&#8243; SATA HDD<\/strong> auf. Ideal zur Speichererweiterung oder zum Austausch eines defekten Laufwerks. <strong data-start=\"438\" data-end=\"485\">Echte Fotos \u2013 was Sie sehen, ist was Sie bekommen!<\/strong><\/p>\n","protected":false},"featured_media":16946,"template":"","meta":[],"product_brand":[],"product_cat":[85,67],"product_tag":[],"class_list":{"0":"post-16876","1":"product","2":"type-product","3":"status-publish","4":"has-post-thumbnail","6":"product_cat-2-5-hdd","7":"product_cat-ssd-hdd-drives","9":"first","10":"instock","11":"taxable","12":"shipping-taxable","13":"purchasable","14":"product-type-simple"},"_links":{"self":[{"href":"https:\/\/boreait.com\/de\/wp-json\/wp\/v2\/product\/16876","targetHints":{"allow":["GET"]}}],"collection":[{"href":"https:\/\/boreait.com\/de\/wp-json\/wp\/v2\/product"}],"about":[{"href":"https:\/\/boreait.com\/de\/wp-json\/wp\/v2\/types\/product"}],"wp:featuredmedia":[{"embeddable":true,"href":"https:\/\/boreait.com\/de\/wp-json\/wp\/v2\/media\/16946"}],"wp:attachment":[{"href":"https:\/\/boreait.com\/de\/wp-json\/wp\/v2\/media?parent=16876"}],"wp:term":[{"taxonomy":"product_brand","embeddable":true,"href":"https:\/\/boreait.com\/de\/wp-json\/wp\/v2\/product_brand?post=16876"},{"taxonomy":"product_cat","embeddable":true,"href":"https:\/\/boreait.com\/de\/wp-json\/wp\/v2\/product_cat?post=16876"},{"taxonomy":"product_tag","embeddable":true,"href":"https:\/\/boreait.com\/de\/wp-json\/wp\/v2\/product_tag?post=16876"}],"curies":[{"name":"wp","href":"https:\/\/api.w.org\/{rel}","templated":true}]}}