{"id":16861,"date":"2025-09-16T14:11:32","date_gmt":"2025-09-16T12:11:32","guid":{"rendered":"https:\/\/boreait.com\/de\/?post_type=product&#038;p=16861"},"modified":"2025-09-16T14:15:02","modified_gmt":"2025-09-16T12:15:02","slug":"msi-ge60-2pc-apache-usb-audioplatine-original-laptop-ersatzteil","status":"publish","type":"product","link":"https:\/\/boreait.com\/de\/produkt\/msi-ge60-2pc-apache-usb-audioplatine-original-laptop-ersatzteil\/","title":{"rendered":"MSI GE60 2PC Apache USB-Audioplatine \u2013 Original-Laptop-Ersatzteil"},"content":{"rendered":"<p data-start=\"569\" data-end=\"819\">Stellen Sie die volle <strong data-start=\"586\" data-end=\"617\">USB- und Audiofunktionalit\u00e4t<\/strong> Ihres <strong data-start=\"626\" data-end=\"649\">MSI GE60 2PC Apache<\/strong> mit dieser <strong data-start=\"660\" data-end=\"699\">Original-Ersatz-USB-Audiokarte<\/strong> wieder her. Dieses <strong data-start=\"706\" data-end=\"718\">OEM-Teil<\/strong> gew\u00e4hrleistet nahtlose Kompatibilit\u00e4t und erweckt die <strong data-start=\"774\" data-end=\"803\">USB-Anschl\u00fcsse und Audiobuchsen<\/strong> Ihres Laptops wieder zum Leben.<\/p>\n<p data-start=\"821\" data-end=\"1185\">\ud83d\udd39 <strong data-start=\"824\" data-end=\"841\">Hauptmerkmale:<\/strong><br data-start=\"841\" data-end=\"844\" \/>\u2714 <strong data-start=\"846\" data-end=\"866\">Original MSI-Teil<\/strong> \u2013 Zuverl\u00e4ssige Leistung und volle Kompatibilit\u00e4t<br data-start=\"910\" data-end=\"913\" \/>\u2714 <strong data-start=\"915\" data-end=\"936\">USB & Audioanschl\u00fcsse<\/strong> \u2013 Stellt beide Funktionen mit einem einfachen Austausch wieder her<br data-start=\"986\" data-end=\"989\" \/>\u2714 <strong data-start=\"991\" data-end=\"1006\">OEM-Qualit\u00e4t<\/strong> \u2013 Entwickelt f\u00fcr perfekte Passform und Haltbarkeit<br data-start=\"1046\" data-end=\"1049\" \/>\u2714 <strong data-start=\"1051\" data-end=\"1066\">Plug & Spielen<\/strong> \u2013 Keine \u00c4nderungen erforderlich, einfach installieren und verwenden.<br data-start=\"1114\" data-end=\"1117\" \/>\u2714 <strong data-start=\"1119\" data-end=\"1147\">Anschlusskabel im Lieferumfang enthalten<\/strong> \u2013 F\u00fcr einen problemlosen Austausch<\/p>\n<p data-start=\"1187\" data-end=\"1210\">\ud83d\udca1 <strong data-start=\"1190\" data-end=\"1208\">Kompatibilit\u00e4t:<\/strong><\/p>\n<ul data-start=\"1211\" data-end=\"1332\">\n<li data-start=\"1211\" data-end=\"1272\">Speziell f\u00fcr <strong data-start=\"1239\" data-end=\"1262\">MSI GE60 2PC Apache<\/strong> Laptops entwickelt<\/li>\n<li data-start=\"1273\" data-end=\"1332\">\u00dcberpr\u00fcfen Sie Ihr vorhandenes Board-Modell auf Kompatibilit\u00e4t.<\/li>\n<\/ul>\n<p data-start=\"1334\" data-end=\"1435\">\ud83d\udcf8 <strong data-start=\"1337\" data-end=\"1353\">Echte Fotos:<\/strong> Die Bilder in dieser Auflistung zeigen genau den Artikel, den Sie erhalten werden \u2013 keine \u00dcberraschungen!<\/p>\n<p data-start=\"1437\" data-end=\"1591\">\u2753 <strong data-start=\"1439\" data-end=\"1453\">Ben\u00f6tigen Sie Hilfe?<\/strong> Wir stellen zwar keine Installationsanleitungen zur Verf\u00fcgung, aber Sie k\u00f6nnen uns gerne eine <strong data-start=\"1517\" data-end=\"1531\">Nachricht<\/strong> senden, wenn Sie vor oder nach dem Kauf Hilfe ben\u00f6tigen.<\/p>\n<p data-start=\"1593\" data-end=\"1726\">\ud83d\udce6 <strong data-start=\"1596\" data-end=\"1624\">Schneller weltweiter Versand!<\/strong> Sorgen Sie mit dieser <strong data-start=\"1679\" data-end=\"1723\">hochwertigen Ersatz-USB-Audiokarte<\/strong> daf\u00fcr, dass Ihr MSI-Laptop wieder perfekt funktioniert.<\/p>\n","protected":false},"excerpt":{"rendered":"<p>Ersetzen Sie Ihr besch\u00e4digtes <strong data-start=\"320\" data-end=\"359\">MSI GE60 2PC Apache USB-Audio-Board<\/strong> durch dieses <strong data-start=\"370\" data-end=\"386\">Originalteil<\/strong>. Stellt <strong data-start=\"397\" data-end=\"437\">USB-Konnektivit\u00e4t und Audiofunktionen<\/strong> wieder her. <strong data-start=\"439\" data-end=\"486\">Echte Fotos \u2013 was Sie sehen, ist, was Sie bekommen!<\/strong><\/p>\n","protected":false},"featured_media":16934,"template":"","meta":[],"product_brand":[],"product_cat":[63],"product_tag":[82],"class_list":{"0":"post-16861","1":"product","2":"type-product","3":"status-publish","4":"has-post-thumbnail","6":"product_cat-motherboards-board-parts","7":"product_tag-msi","9":"first","10":"instock","11":"taxable","12":"shipping-taxable","13":"purchasable","14":"product-type-simple"},"_links":{"self":[{"href":"https:\/\/boreait.com\/de\/wp-json\/wp\/v2\/product\/16861","targetHints":{"allow":["GET"]}}],"collection":[{"href":"https:\/\/boreait.com\/de\/wp-json\/wp\/v2\/product"}],"about":[{"href":"https:\/\/boreait.com\/de\/wp-json\/wp\/v2\/types\/product"}],"wp:featuredmedia":[{"embeddable":true,"href":"https:\/\/boreait.com\/de\/wp-json\/wp\/v2\/media\/16934"}],"wp:attachment":[{"href":"https:\/\/boreait.com\/de\/wp-json\/wp\/v2\/media?parent=16861"}],"wp:term":[{"taxonomy":"product_brand","embeddable":true,"href":"https:\/\/boreait.com\/de\/wp-json\/wp\/v2\/product_brand?post=16861"},{"taxonomy":"product_cat","embeddable":true,"href":"https:\/\/boreait.com\/de\/wp-json\/wp\/v2\/product_cat?post=16861"},{"taxonomy":"product_tag","embeddable":true,"href":"https:\/\/boreait.com\/de\/wp-json\/wp\/v2\/product_tag?post=16861"}],"curies":[{"name":"wp","href":"https:\/\/api.w.org\/{rel}","templated":true}]}}