{"id":16854,"date":"2025-09-16T14:11:07","date_gmt":"2025-09-16T12:11:07","guid":{"rendered":"https:\/\/boreait.com\/de\/?post_type=product&#038;p=16854"},"modified":"2026-02-08T12:47:31","modified_gmt":"2026-02-08T11:47:31","slug":"msi-ge60-2pc-apache-wi-fi-karte-3160hmw-dualband-wireless-ac-laptopmodul","status":"publish","type":"product","link":"https:\/\/boreait.com\/de\/produkt\/msi-ge60-2pc-apache-wi-fi-karte-3160hmw-dualband-wireless-ac-laptopmodul\/","title":{"rendered":"MSI GE60 2PC Apache Wi-Fi-Karte 3160HMW \u2013 Dualband-Wireless-AC-Laptopmodul"},"content":{"rendered":"<p data-start=\"593\" data-end=\"862\">Steigern Sie die WLAN-Leistung Ihres Laptops mit dieser <strong data-start=\"644\" data-end=\"696\">echten Intel 3160HMW Dual Band Wireless-AC-Karte<\/strong>, die f\u00fcr das <strong data-start=\"715\" data-end=\"738\">MSI GE60 2PC Apache<\/strong> entwickelt wurde. Erleben Sie <strong data-start=\"751\" data-end=\"814\">h\u00f6here Geschwindigkeiten, st\u00e4rkere Verbindungen und verbesserte Stabilit\u00e4t<\/strong> f\u00fcr reibungsloses Gaming, Streaming und Surfen.<\/p>\n<p data-start=\"864\" data-end=\"1265\">\ud83d\udd39 <strong data-start=\"867\" data-end=\"884\">Hauptfunktionen:<\/strong><br data-start=\"884\" data-end=\"887\" \/>\u2714 <strong data-start=\"889\" data-end=\"928\">Original Intel 3160HMW Wireless-Karte<\/strong> \u2013 Sorgt f\u00fcr schnelle WLAN-Verbindungen<br data-start=\"968\" data-end=\"971\" \/>\u2714 <strong data-start=\"973\" data-end=\"1002\">Dualband (2,4 GHz & 5 GHz)<\/strong> \u2013 Schnellere und stabilere Internetverbindung<br data-start=\"1048\" data-end=\"1051\" \/>\u2714 <strong data-start=\"1053\" data-end=\"1080\">Unterst\u00fctzt WLAN 802.11ac<\/strong> \u2013 Bis zu <strong data-start=\"1089\" data-end=\"1101\">433 Mbit\/s<\/strong> Geschwindigkeit in 5-GHz-Netzwerken<br data-start=\"1124\" data-end=\"1127\" \/>\u2714 <strong data-start=\"1129\" data-end=\"1155\">Bluetooth 4.0 inklusive<\/strong> \u2013 Einfacher Anschluss von Peripherieger\u00e4ten<br data-start=\"1187\" data-end=\"1190\" \/>\u2714 <strong data-start=\"1192\" data-end=\"1223\">Kompakte Mini-PCIe-Schnittstelle<\/strong> \u2013 Einfache Installation in kompatiblen Laptops<\/p>\n<p data-start=\"1267\" data-end=\"1290\">\ud83d\udca1 <strong data-start=\"1270\" data-end=\"1288\">Kompatibilit\u00e4t:<\/strong><\/p>\n<ul data-start=\"1291\" data-end=\"1454\">\n<li data-start=\"1291\" data-end=\"1386\">Entwickelt f\u00fcr <strong data-start=\"1306\" data-end=\"1329\">MSI GE60 2PC Apache<\/strong> (Kompatibilit\u00e4t vor dem Kauf pr\u00fcfen)<\/li>\n<li data-start=\"1387\" data-end=\"1454\">Funktioniert mit anderen Laptops, die <strong data-start=\"1427\" data-end=\"1452\">Mini-PCIe-WLAN-Karten unterst\u00fctzen<\/strong><\/li>\n<\/ul>\n<p data-start=\"1456\" data-end=\"1558\">\ud83d\udcf8 <strong data-start=\"1459\" data-end=\"1475\">Echte Fotos:<\/strong> Die Bilder in dieser Auflistung zeigen den tats\u00e4chlichen Artikel, den Sie erhalten \u2013 keine \u00dcberraschungen!<\/p>\n<p data-start=\"1560\" data-end=\"1673\">\u2753 <strong data-start=\"1562\" data-end=\"1582\">Ben\u00f6tigen Sie Hilfe?<\/strong> Wir stellen keine Installationsanleitungen zur Verf\u00fcgung, aber Sie k\u00f6nnen uns jederzeit <strong data-start=\"1639\" data-end=\"1653\">eine Nachricht senden<\/strong>, wenn Sie Hilfe ben\u00f6tigen!<\/p>\n<p data-start=\"1675\" data-end=\"1785\">\ud83d\udce6 <strong data-start=\"1678\" data-end=\"1706\">Schneller weltweiter Versand!<\/strong> Bringen Sie Ihren Laptop mit dieser <strong data-start=\"1757\" data-end=\"1782\">Original-WLAN-Karte<\/strong> wieder auf Hochtouren.<\/p>\n","protected":false},"excerpt":{"rendered":"<p>R\u00fcsten Sie Ihr <strong data-start=\"333\" data-end=\"356\">MSI GE60 2PC Apache<\/strong> mit der <strong data-start=\"366\" data-end=\"405\">Intel 3160HMW Dual Band Wireless-AC<\/strong>-Karte auf. Freuen Sie sich \u00fcber schnellere WLAN-Geschwindigkeiten und stabile Verbindungen. <strong data-start=\"463\" data-end=\"510\">Echte Fotos \u2013 was Sie sehen, ist das, was Sie bekommen!<\/strong><\/p>\n","protected":false},"featured_media":16932,"template":"","meta":[],"product_brand":[],"product_cat":[63],"product_tag":[82],"class_list":{"0":"post-16854","1":"product","2":"type-product","3":"status-publish","4":"has-post-thumbnail","6":"product_cat-motherboards-board-parts","7":"product_tag-msi","9":"first","10":"instock","11":"taxable","12":"shipping-taxable","13":"purchasable","14":"product-type-simple"},"_links":{"self":[{"href":"https:\/\/boreait.com\/de\/wp-json\/wp\/v2\/product\/16854","targetHints":{"allow":["GET"]}}],"collection":[{"href":"https:\/\/boreait.com\/de\/wp-json\/wp\/v2\/product"}],"about":[{"href":"https:\/\/boreait.com\/de\/wp-json\/wp\/v2\/types\/product"}],"wp:featuredmedia":[{"embeddable":true,"href":"https:\/\/boreait.com\/de\/wp-json\/wp\/v2\/media\/16932"}],"wp:attachment":[{"href":"https:\/\/boreait.com\/de\/wp-json\/wp\/v2\/media?parent=16854"}],"wp:term":[{"taxonomy":"product_brand","embeddable":true,"href":"https:\/\/boreait.com\/de\/wp-json\/wp\/v2\/product_brand?post=16854"},{"taxonomy":"product_cat","embeddable":true,"href":"https:\/\/boreait.com\/de\/wp-json\/wp\/v2\/product_cat?post=16854"},{"taxonomy":"product_tag","embeddable":true,"href":"https:\/\/boreait.com\/de\/wp-json\/wp\/v2\/product_tag?post=16854"}],"curies":[{"name":"wp","href":"https:\/\/api.w.org\/{rel}","templated":true}]}}