{"id":16851,"date":"2025-09-16T14:11:05","date_gmt":"2025-09-16T12:11:05","guid":{"rendered":"https:\/\/boreait.com\/de\/?post_type=product&#038;p=16851"},"modified":"2025-09-16T14:14:41","modified_gmt":"2025-09-16T12:14:41","slug":"msi-ge60-2pc-apache-usb-vga-lan-port-board-ms-16gfa-original-laptopteil","status":"publish","type":"product","link":"https:\/\/boreait.com\/de\/produkt\/msi-ge60-2pc-apache-usb-vga-lan-port-board-ms-16gfa-original-laptopteil\/","title":{"rendered":"MSI GE60 2PC Apache USB VGA LAN Port Board MS-16GFA \u2013 Original Laptopteil"},"content":{"rendered":"<p data-start=\"589\" data-end=\"806\">Stellen Sie mit dieser <strong data-start=\"623\" data-end=\"646\">OEM USB VGA Ethernet LAN Port Board (MS-16GFA)<\/strong> die volle Konnektivit\u00e4t Ihres <strong data-start=\"623\" data-end=\"646\">MSI GE60 2PC Apache<\/strong>-Laptops wieder her. Es wurde speziell f\u00fcr dieses Modell entwickelt und gew\u00e4hrleistet zuverl\u00e4ssige Leistung und perfekte Passform.<\/p>\n<p data-start=\"808\" data-end=\"1000\">\ud83d\udd39 <strong data-start=\"811\" data-end=\"828\">Hauptmerkmale:<\/strong><br data-start=\"828\" data-end=\"831\" \/>\u2714 <strong data-start=\"833\" data-end=\"853\">Original MSI-Teil<\/strong> \u2013 OEM-Ersatz f\u00fcr garantierte Kompatibilit\u00e4t<br data-start=\"900\" data-end=\"903\" \/>\u2714 <strong data-start=\"905\" data-end=\"924\">Modell: MS-16GFA<\/strong> \u2013 Passt genau zu <strong data-start=\"943\" data-end=\"966\">MSI GE60 2PC Apache<\/strong> Laptops<br data-start=\"974\" data-end=\"977\" \/>\u2714 <strong data-start=\"979\" data-end=\"998\">Enthaltene Anschl\u00fcsse:<\/strong><\/p>\n<ul data-start=\"1004\" data-end=\"1349\">\n<li data-start=\"1004\" data-end=\"1085\"><strong data-start=\"1006\" data-end=\"1019\">USB-Anschl\u00fcsse<\/strong> \u2013 Zum Anschluss von Peripherieger\u00e4ten wie externen Laufwerken, M\u00e4usen und Tastaturen<\/li>\n<li data-start=\"1089\" data-end=\"1140\"><strong data-start=\"1091\" data-end=\"1103\">VGA-Anschluss<\/strong> \u2013 Zum Anschluss externer Bildschirme<\/li>\n<li data-start=\"1144\" data-end=\"1349\"><strong data-start=\"1146\" data-end=\"1169\">Ethernet-Anschluss (LAN)<\/strong> \u2013 F\u00fcr einen stabilen kabelgebundenen Internetzugang<br data-start=\"1207\" data-end=\"1210\" \/>\u2714 <strong data-start=\"1212\" data-end=\"1233\">OEM-Qualit\u00e4t<\/strong> \u2013 Entspricht den Originalspezifikationen von MSI.<br data-start=\"1282\" data-end=\"1285\" \/>\u2714 <strong data-start=\"1287\" data-end=\"1307\">Einfacher Austausch<\/strong> \u2013 Volle Funktionalit\u00e4t in wenigen Minuten wiederherstellen.<\/li>\n<\/ul>\n<p data-start=\"1351\" data-end=\"1374\">\ud83d\udca1 <strong data-start=\"1354\" data-end=\"1372\">Kompatibilit\u00e4t:<\/strong><\/p>\n<ul data-start=\"1375\" data-end=\"1500\">\n<li data-start=\"1375\" data-end=\"1444\"><strong data-start=\"1377\" data-end=\"1400\">MSI GE60 2PC Apache<\/strong> (\u00dcberpr\u00fcfen Sie vor dem Kauf Ihr Laptop-Modell.)<\/li>\n<li data-start=\"1445\" data-end=\"1500\">Standard-Anschlussbelegung f\u00fcr eine reibungslose Installation<\/li>\n<\/ul>\n<p data-start=\"1502\" data-end=\"1603\">\ud83d\udcf8 <strong data-start=\"1505\" data-end=\"1521\">Echte Fotos:<\/strong> Die Bilder in dieser Auflistung zeigen genau das Teil, das Sie erhalten \u2013 keine \u00dcberraschungen!<\/p>\n<p data-start=\"1605\" data-end=\"1759\">\u2753 <strong data-start=\"1607\" data-end=\"1621\">Ben\u00f6tigen Sie Hilfe?<\/strong> Wir stellen zwar keine Installationsanleitungen zur Verf\u00fcgung, aber Sie k\u00f6nnen uns gerne eine <strong data-start=\"1685\" data-end=\"1699\">Nachricht<\/strong> senden, wenn Sie vor oder nach dem Kauf Hilfe ben\u00f6tigen.<\/p>\n<p data-start=\"1761\" data-end=\"1869\">\ud83d\udce6 <strong data-start=\"1764\" data-end=\"1792\">Schneller weltweiter Versand!<\/strong> Bringen Sie Ihren Laptop mit dieser <strong data-start=\"1833\" data-end=\"1866\">originalen MSI USB VGA LAN-Karte<\/strong> wieder zum Laufen.<\/p>\n","protected":false},"excerpt":{"rendered":"<p>Ersetzen Sie Ihre defekte <strong data-start=\"349\" data-end=\"381\">USB-, VGA- und LAN-Anschlusskarte<\/strong> durch dieses <strong data-start=\"392\" data-end=\"417\">Originalteil MSI MS-16GFA<\/strong> f\u00fcr den <strong data-start=\"431\" data-end=\"450\">GE60 2PC Apache<\/strong>-Laptop. <strong data-start=\"459\" data-end=\"506\">Echte Fotos \u2013 was Sie sehen, ist was Sie bekommen!<\/strong><\/p>\n","protected":false},"featured_media":16929,"template":"","meta":[],"product_brand":[],"product_cat":[63],"product_tag":[82],"class_list":{"0":"post-16851","1":"product","2":"type-product","3":"status-publish","4":"has-post-thumbnail","6":"product_cat-motherboards-board-parts","7":"product_tag-msi","9":"first","10":"instock","11":"taxable","12":"shipping-taxable","13":"purchasable","14":"product-type-simple"},"_links":{"self":[{"href":"https:\/\/boreait.com\/de\/wp-json\/wp\/v2\/product\/16851","targetHints":{"allow":["GET"]}}],"collection":[{"href":"https:\/\/boreait.com\/de\/wp-json\/wp\/v2\/product"}],"about":[{"href":"https:\/\/boreait.com\/de\/wp-json\/wp\/v2\/types\/product"}],"wp:featuredmedia":[{"embeddable":true,"href":"https:\/\/boreait.com\/de\/wp-json\/wp\/v2\/media\/16929"}],"wp:attachment":[{"href":"https:\/\/boreait.com\/de\/wp-json\/wp\/v2\/media?parent=16851"}],"wp:term":[{"taxonomy":"product_brand","embeddable":true,"href":"https:\/\/boreait.com\/de\/wp-json\/wp\/v2\/product_brand?post=16851"},{"taxonomy":"product_cat","embeddable":true,"href":"https:\/\/boreait.com\/de\/wp-json\/wp\/v2\/product_cat?post=16851"},{"taxonomy":"product_tag","embeddable":true,"href":"https:\/\/boreait.com\/de\/wp-json\/wp\/v2\/product_tag?post=16851"}],"curies":[{"name":"wp","href":"https:\/\/api.w.org\/{rel}","templated":true}]}}