{"id":16825,"date":"2025-09-16T14:09:40","date_gmt":"2025-09-16T12:09:40","guid":{"rendered":"https:\/\/boreait.com\/de\/?post_type=product&#038;p=16825"},"modified":"2025-09-16T14:13:43","modified_gmt":"2025-09-16T12:13:43","slug":"samsung-chromebook-xe303c12-303c-scharniere-webcam-kamera-originalteile","status":"publish","type":"product","link":"https:\/\/boreait.com\/de\/produkt\/samsung-chromebook-xe303c12-303c-scharniere-webcam-kamera-originalteile\/","title":{"rendered":"Samsung Chromebook XE303C12 303C Scharniere &#038; Webcam-Kamera \u2013 Originalteile"},"content":{"rendered":"<p data-start=\"588\" data-end=\"843\">Restaurieren Sie Ihr <strong data-start=\"601\" data-end=\"639\">Samsung Chromebook XE303C12 \/ 303C<\/strong> mit diesem <strong data-start=\"650\" data-end=\"677\">Original-Ersatzteilset<\/strong>, das sowohl <strong data-start=\"694\" data-end=\"704\">Scharniere<\/strong> als auch eine <strong data-start=\"711\" data-end=\"728\">Webcam-Kamera<\/strong> enth\u00e4lt. Wenn der Bildschirm Ihres Chromebooks wackelt oder Ihre Webcam nicht funktioniert, bringt dieses Teil Ihr Ger\u00e4t wieder in Form!<\/p>\n<p data-start=\"845\" data-end=\"1223\">\ud83d\udd39 <strong data-start=\"848\" data-end=\"865\">Hauptmerkmale:<\/strong><br data-start=\"865\" data-end=\"868\" \/>\u2714 <strong data-start=\"870\" data-end=\"896\">Original Samsung-Teile<\/strong> \u2013 Garantierte Passform und Qualit\u00e4t<br data-start=\"925\" data-end=\"928\" \/>\u2714 <strong data-start=\"930\" data-end=\"958\">Inklusive Scharniere & Webcam<\/strong> \u2013 Behebt Probleme mit der Bildschirmstabilit\u00e4t und der Kamera<br data-start=\"1001\" data-end=\"1004\" \/>\u2714 <strong data-start=\"1006\" data-end=\"1041\">Perfekte Passform f\u00fcr XE303C12 \/ 303C<\/strong> \u2013 Entwickelt f\u00fcr nahtlose Kompatibilit\u00e4t<br data-start=\"1079\" data-end=\"1082\" \/>\u2714 <strong data-start=\"1084\" data-end=\"1113\">Hochwertige Konstruktion<\/strong> \u2013 Robuste Scharniere f\u00fcr lang anhaltende Leistung<br data-start=\"1159\" data-end=\"1162\" \/>\u2714 <strong data-start=\"1164\" data-end=\"1193\">Plug & Play-Kameramodul<\/strong> \u2013 Keine komplexe Einrichtung erforderlich<\/p>\n<p data-start=\"1225\" data-end=\"1248\">\ud83d\udca1 <strong data-start=\"1228\" data-end=\"1246\">Kompatibilit\u00e4t:<\/strong><\/p>\n<ul data-start=\"1249\" data-end=\"1373\">\n<li data-start=\"1249\" data-end=\"1303\">Passend f\u00fcr <strong data-start=\"1256\" data-end=\"1294\">Samsung Chromebook XE303C12 \/ 303C<\/strong>-Modelle<\/li>\n<li data-start=\"1304\" data-end=\"1373\">\u00dcberpr\u00fcfen Sie vor dem Kauf Ihr Laptop-Modell auf Kompatibilit\u00e4t.<\/li>\n<\/ul>\n<p data-start=\"1375\" data-end=\"1475\">\ud83d\udcf8 <strong data-start=\"1378\" data-end=\"1394\">Echte Fotos:<\/strong> Die Bilder in dieser Auflistung zeigen genau die Teile, die Sie erhalten \u2013 keine \u00dcberraschungen!<\/p>\n<p data-start=\"1477\" data-end=\"1631\">\u2753 <strong data-start=\"1479\" data-end=\"1493\">Ben\u00f6tigen Sie Hilfe?<\/strong> Wir stellen zwar keine Installationsanleitungen zur Verf\u00fcgung, aber Sie k\u00f6nnen uns gerne <strong data-start=\"1557\" data-end=\"1571\">eine Nachricht senden<\/strong>, wenn Sie vor oder nach dem Kauf Hilfe ben\u00f6tigen.<\/p>\n<p data-start=\"1633\" data-end=\"1759\">\ud83d\udce6 <strong data-start=\"1636\" data-end=\"1664\">Schneller weltweiter Versand!<\/strong> Sorgen Sie daf\u00fcr, dass Ihr Chromebook wieder wie neu funktioniert mit diesen <strong data-start=\"1719\" data-end=\"1756\">Original-Samsung-Ersatzteilen Teile<\/strong>.<\/p>\n","protected":false},"excerpt":{"rendered":"<p>Original <strong data-start=\"331\" data-end=\"392\">Samsung Chromebook XE303C12 \/ 303C Scharniere &#038; Webcam-Kamera<\/strong> Ersatz. Perfekt zum Reparieren loser Scharniere oder einer defekten Webcam. <strong data-start=\"458\" data-end=\"505\">Echte Fotos \u2013 was Sie sehen, ist was Sie bekommen!<\/strong><\/p>\n","protected":false},"featured_media":16908,"template":"","meta":[],"product_brand":[],"product_cat":[59],"product_tag":[84],"class_list":{"0":"post-16825","1":"product","2":"type-product","3":"status-publish","4":"has-post-thumbnail","6":"product_cat-laptop-camera","7":"product_tag-samsung","9":"first","10":"instock","11":"taxable","12":"shipping-taxable","13":"purchasable","14":"product-type-simple"},"_links":{"self":[{"href":"https:\/\/boreait.com\/de\/wp-json\/wp\/v2\/product\/16825","targetHints":{"allow":["GET"]}}],"collection":[{"href":"https:\/\/boreait.com\/de\/wp-json\/wp\/v2\/product"}],"about":[{"href":"https:\/\/boreait.com\/de\/wp-json\/wp\/v2\/types\/product"}],"wp:featuredmedia":[{"embeddable":true,"href":"https:\/\/boreait.com\/de\/wp-json\/wp\/v2\/media\/16908"}],"wp:attachment":[{"href":"https:\/\/boreait.com\/de\/wp-json\/wp\/v2\/media?parent=16825"}],"wp:term":[{"taxonomy":"product_brand","embeddable":true,"href":"https:\/\/boreait.com\/de\/wp-json\/wp\/v2\/product_brand?post=16825"},{"taxonomy":"product_cat","embeddable":true,"href":"https:\/\/boreait.com\/de\/wp-json\/wp\/v2\/product_cat?post=16825"},{"taxonomy":"product_tag","embeddable":true,"href":"https:\/\/boreait.com\/de\/wp-json\/wp\/v2\/product_tag?post=16825"}],"curies":[{"name":"wp","href":"https:\/\/api.w.org\/{rel}","templated":true}]}}